{"id":138,"date":"2019-02-18T16:32:37","date_gmt":"2019-02-18T16:32:37","guid":{"rendered":"http:\/\/interhotelcentral.ms.decms.eu\/terms-conditions\/"},"modified":"2019-02-18T16:32:37","modified_gmt":"2019-02-18T16:32:37","slug":"terms-conditions","status":"publish","type":"page","link":"https:\/\/www.interhotel-central.cz\/ru\/terms-conditions\/","title":{"rendered":"Terms &#038; conditions"},"content":{"rendered":"<p>The accommodated guest shall have the right to file a motion for out-of-court settlement of dispute with the designated entity in charge of out-of-court consumer dispute settlements, which is: The Czech Trade Inspection Authority (CTIA) Central Inspectorate &#8212; ADR Department \u0160t\u011bp\u00e1nsk\u00e1 15 120 00 Praha 2 E-mail: adr@coi.cz Web: https:\/\/adr.coi.cz The Czech Trade Inspection Authority is a supervisory body monitoring consumer protection, acting in pursuance of Act No. 64\/1986 Coll., The Czech Trade Inspection Authority Act as amended, and additional legal regulations. The Czech Trade Inspection Authority\u00b4s website is www.coi.cz.<\/p>\n<p>In conformity with the provision \u00a7 1837 item j) of the Act No. 89\/2012 Coll., Civil Code, no right of withdrawal from the accommodation contract shall arise for the accommodated person as being a consumer as long as the accommodation facility provides the contractual performances within the designated deadlines.<\/p>\n","protected":false},"excerpt":{"rendered":"<p>The accommodated guest shall have the right to file a motion for out-of-court settlement of [&hellip;]<\/p>\n","protected":false},"author":6,"featured_media":0,"parent":0,"menu_order":998,"comment_status":"closed","ping_status":"closed","template":"","meta":{"footnotes":""},"class_list":["post-138","page","type-page","status-publish","hentry"],"yoast_head":"<!-- This site is optimized with the Yoast SEO plugin v26.9 - https:\/\/yoast.com\/product\/yoast-seo-wordpress\/ -->\n<title>Terms &amp; conditions -<\/title>\n<meta name=\"robots\" content=\"index, follow, max-snippet:-1, max-image-preview:large, max-video-preview:-1\" \/>\n<link rel=\"canonical\" href=\"https:\/\/www.interhotel-central.cz\/ru\/terms-conditions\/\" \/>\n<meta property=\"og:locale\" content=\"ru_RU\" \/>\n<meta property=\"og:type\" content=\"article\" \/>\n<meta property=\"og:title\" content=\"Terms &amp; conditions -\" \/>\n<meta property=\"og:description\" content=\"The accommodated guest shall have the right to file a motion for out-of-court settlement of [&hellip;]\" \/>\n<meta property=\"og:url\" content=\"https:\/\/www.interhotel-central.cz\/ru\/terms-conditions\/\" \/>\n<meta name=\"twitter:card\" content=\"summary_large_image\" \/>\n<meta name=\"twitter:label1\" content=\"\u041f\u0440\u0438\u043c\u0435\u0440\u043d\u043e\u0435 \u0432\u0440\u0435\u043c\u044f \u0434\u043b\u044f \u0447\u0442\u0435\u043d\u0438\u044f\" \/>\n\t<meta name=\"twitter:data1\" content=\"1 \u043c\u0438\u043d\u0443\u0442\u0430\" \/>\n<script type=\"application\/ld+json\" class=\"yoast-schema-graph\">{\"@context\":\"https:\/\/schema.org\",\"@graph\":[{\"@type\":\"WebPage\",\"@id\":\"https:\/\/www.interhotel-central.cz\/ru\/terms-conditions\/\",\"url\":\"https:\/\/www.interhotel-central.cz\/ru\/terms-conditions\/\",\"name\":\"Terms & conditions -\",\"isPartOf\":{\"@id\":\"https:\/\/www.interhotel-central.cz\/ru\/#website\"},\"datePublished\":\"2019-02-18T16:32:37+00:00\",\"breadcrumb\":{\"@id\":\"https:\/\/www.interhotel-central.cz\/ru\/terms-conditions\/#breadcrumb\"},\"inLanguage\":\"ru-RU\",\"potentialAction\":[{\"@type\":\"ReadAction\",\"target\":[\"https:\/\/www.interhotel-central.cz\/ru\/terms-conditions\/\"]}]},{\"@type\":\"BreadcrumbList\",\"@id\":\"https:\/\/www.interhotel-central.cz\/ru\/terms-conditions\/#breadcrumb\",\"itemListElement\":[{\"@type\":\"ListItem\",\"position\":1,\"name\":\"Home\",\"item\":\"https:\/\/www.interhotel-central.cz\/ru\/\"},{\"@type\":\"ListItem\",\"position\":2,\"name\":\"Terms &#038; conditions\"}]},{\"@type\":\"WebSite\",\"@id\":\"https:\/\/www.interhotel-central.cz\/ru\/#website\",\"url\":\"https:\/\/www.interhotel-central.cz\/ru\/\",\"name\":\"\",\"description\":\"Just another ms.decms.eu site\",\"potentialAction\":[{\"@type\":\"SearchAction\",\"target\":{\"@type\":\"EntryPoint\",\"urlTemplate\":\"https:\/\/www.interhotel-central.cz\/ru\/?s={search_term_string}\"},\"query-input\":{\"@type\":\"PropertyValueSpecification\",\"valueRequired\":true,\"valueName\":\"search_term_string\"}}],\"inLanguage\":\"ru-RU\"}]}<\/script>\n<!-- \/ Yoast SEO plugin. -->","yoast_head_json":{"title":"Terms & conditions -","robots":{"index":"index","follow":"follow","max-snippet":"max-snippet:-1","max-image-preview":"max-image-preview:large","max-video-preview":"max-video-preview:-1"},"canonical":"https:\/\/www.interhotel-central.cz\/ru\/terms-conditions\/","og_locale":"ru_RU","og_type":"article","og_title":"Terms & conditions -","og_description":"The accommodated guest shall have the right to file a motion for out-of-court settlement of [&hellip;]","og_url":"https:\/\/www.interhotel-central.cz\/ru\/terms-conditions\/","twitter_card":"summary_large_image","twitter_misc":{"\u041f\u0440\u0438\u043c\u0435\u0440\u043d\u043e\u0435 \u0432\u0440\u0435\u043c\u044f \u0434\u043b\u044f \u0447\u0442\u0435\u043d\u0438\u044f":"1 \u043c\u0438\u043d\u0443\u0442\u0430"},"schema":{"@context":"https:\/\/schema.org","@graph":[{"@type":"WebPage","@id":"https:\/\/www.interhotel-central.cz\/ru\/terms-conditions\/","url":"https:\/\/www.interhotel-central.cz\/ru\/terms-conditions\/","name":"Terms & conditions -","isPartOf":{"@id":"https:\/\/www.interhotel-central.cz\/ru\/#website"},"datePublished":"2019-02-18T16:32:37+00:00","breadcrumb":{"@id":"https:\/\/www.interhotel-central.cz\/ru\/terms-conditions\/#breadcrumb"},"inLanguage":"ru-RU","potentialAction":[{"@type":"ReadAction","target":["https:\/\/www.interhotel-central.cz\/ru\/terms-conditions\/"]}]},{"@type":"BreadcrumbList","@id":"https:\/\/www.interhotel-central.cz\/ru\/terms-conditions\/#breadcrumb","itemListElement":[{"@type":"ListItem","position":1,"name":"Home","item":"https:\/\/www.interhotel-central.cz\/ru\/"},{"@type":"ListItem","position":2,"name":"Terms &#038; conditions"}]},{"@type":"WebSite","@id":"https:\/\/www.interhotel-central.cz\/ru\/#website","url":"https:\/\/www.interhotel-central.cz\/ru\/","name":"","description":"Just another ms.decms.eu site","potentialAction":[{"@type":"SearchAction","target":{"@type":"EntryPoint","urlTemplate":"https:\/\/www.interhotel-central.cz\/ru\/?s={search_term_string}"},"query-input":{"@type":"PropertyValueSpecification","valueRequired":true,"valueName":"search_term_string"}}],"inLanguage":"ru-RU"}]}},"acf":[],"_links":{"self":[{"href":"https:\/\/www.interhotel-central.cz\/ru\/wp-json\/wp\/v2\/pages\/138","targetHints":{"allow":["GET"]}}],"collection":[{"href":"https:\/\/www.interhotel-central.cz\/ru\/wp-json\/wp\/v2\/pages"}],"about":[{"href":"https:\/\/www.interhotel-central.cz\/ru\/wp-json\/wp\/v2\/types\/page"}],"author":[{"embeddable":true,"href":"https:\/\/www.interhotel-central.cz\/ru\/wp-json\/wp\/v2\/users\/6"}],"replies":[{"embeddable":true,"href":"https:\/\/www.interhotel-central.cz\/ru\/wp-json\/wp\/v2\/comments?post=138"}],"version-history":[{"count":0,"href":"https:\/\/www.interhotel-central.cz\/ru\/wp-json\/wp\/v2\/pages\/138\/revisions"}],"wp:attachment":[{"href":"https:\/\/www.interhotel-central.cz\/ru\/wp-json\/wp\/v2\/media?parent=138"}],"curies":[{"name":"wp","href":"https:\/\/api.w.org\/{rel}","templated":true}]}}