{"id":172,"date":"2019-02-19T08:35:46","date_gmt":"2019-02-19T08:35:46","guid":{"rendered":"http:\/\/interhotelcentral.ms.decms.eu\/?page_id=172"},"modified":"2019-02-19T08:35:46","modified_gmt":"2019-02-19T08:35:46","slug":"neue-inhalator","status":"publish","type":"page","link":"https:\/\/www.interhotel-central.cz\/de\/aktuelle-news\/neue-inhalator\/","title":{"rendered":"Neue Inhalator"},"content":{"rendered":"<p>Interhotel Central hat neue Inhalator f\u00fcr therapeutische und prophylaktische Ziele erworben. Moderne Inhalator erm\u00f6glichen die Anwendungen auf Mineralwasserbasis mit Zusatz von Aroma\u00f6len durchzuf\u00fchren. In naher Zukunft k\u00f6nnen Sie sich unser Angebot in &#8222;Aktuelle News&#8220; ansehen.<\/p>\n","protected":false},"excerpt":{"rendered":"<p>Interhotel Central hat neue Inhalator f\u00fcr therapeutische und prophylaktische Ziele erworben. Moderne Inhalator erm\u00f6glichen die [&hellip;]<\/p>\n","protected":false},"author":6,"featured_media":1111,"parent":164,"menu_order":9,"comment_status":"closed","ping_status":"closed","template":"","meta":{"footnotes":""},"class_list":["post-172","page","type-page","status-publish","has-post-thumbnail","hentry"],"yoast_head":"<!-- This site is optimized with the Yoast SEO plugin v26.9 - https:\/\/yoast.com\/product\/yoast-seo-wordpress\/ -->\n<title>Neue Inhalator -<\/title>\n<meta name=\"robots\" content=\"index, follow, max-snippet:-1, max-image-preview:large, max-video-preview:-1\" \/>\n<link rel=\"canonical\" href=\"https:\/\/www.interhotel-central.cz\/de\/aktuelle-news\/neue-inhalator\/\" \/>\n<meta property=\"og:locale\" content=\"de_DE\" \/>\n<meta property=\"og:type\" content=\"article\" \/>\n<meta property=\"og:title\" content=\"Neue Inhalator -\" \/>\n<meta property=\"og:description\" content=\"Interhotel Central hat neue Inhalator f\u00fcr therapeutische und prophylaktische Ziele erworben. Moderne Inhalator erm\u00f6glichen die [&hellip;]\" \/>\n<meta property=\"og:url\" content=\"https:\/\/www.interhotel-central.cz\/de\/aktuelle-news\/neue-inhalator\/\" \/>\n<meta property=\"og:image\" content=\"https:\/\/www.interhotel-central.cz\/wp-content\/uploads\/sites\/5\/2019\/02\/interhotel-central-12-1.jpg\" \/>\n\t<meta property=\"og:image:width\" content=\"2200\" \/>\n\t<meta property=\"og:image:height\" content=\"1200\" \/>\n\t<meta property=\"og:image:type\" content=\"image\/jpeg\" \/>\n<meta name=\"twitter:card\" content=\"summary_large_image\" \/>\n<script type=\"application\/ld+json\" class=\"yoast-schema-graph\">{\"@context\":\"https:\/\/schema.org\",\"@graph\":[{\"@type\":\"WebPage\",\"@id\":\"https:\/\/www.interhotel-central.cz\/de\/aktuelle-news\/neue-inhalator\/\",\"url\":\"https:\/\/www.interhotel-central.cz\/de\/aktuelle-news\/neue-inhalator\/\",\"name\":\"Neue Inhalator -\",\"isPartOf\":{\"@id\":\"https:\/\/www.interhotel-central.cz\/de\/#website\"},\"primaryImageOfPage\":{\"@id\":\"https:\/\/www.interhotel-central.cz\/de\/aktuelle-news\/neue-inhalator\/#primaryimage\"},\"image\":{\"@id\":\"https:\/\/www.interhotel-central.cz\/de\/aktuelle-news\/neue-inhalator\/#primaryimage\"},\"thumbnailUrl\":\"https:\/\/www.interhotel-central.cz\/wp-content\/uploads\/sites\/5\/2019\/02\/interhotel-central-12-1.jpg\",\"datePublished\":\"2019-02-19T08:35:46+00:00\",\"breadcrumb\":{\"@id\":\"https:\/\/www.interhotel-central.cz\/de\/aktuelle-news\/neue-inhalator\/#breadcrumb\"},\"inLanguage\":\"de-DE\",\"potentialAction\":[{\"@type\":\"ReadAction\",\"target\":[\"https:\/\/www.interhotel-central.cz\/de\/aktuelle-news\/neue-inhalator\/\"]}]},{\"@type\":\"ImageObject\",\"inLanguage\":\"de-DE\",\"@id\":\"https:\/\/www.interhotel-central.cz\/de\/aktuelle-news\/neue-inhalator\/#primaryimage\",\"url\":\"https:\/\/www.interhotel-central.cz\/wp-content\/uploads\/sites\/5\/2019\/02\/interhotel-central-12-1.jpg\",\"contentUrl\":\"https:\/\/www.interhotel-central.cz\/wp-content\/uploads\/sites\/5\/2019\/02\/interhotel-central-12-1.jpg\",\"width\":2200,\"height\":1200},{\"@type\":\"BreadcrumbList\",\"@id\":\"https:\/\/www.interhotel-central.cz\/de\/aktuelle-news\/neue-inhalator\/#breadcrumb\",\"itemListElement\":[{\"@type\":\"ListItem\",\"position\":1,\"name\":\"Home\",\"item\":\"https:\/\/www.interhotel-central.cz\/de\/\"},{\"@type\":\"ListItem\",\"position\":2,\"name\":\"Aktuelle News\",\"item\":\"https:\/\/www.interhotel-central.cz\/de\/aktuelle-news\/\"},{\"@type\":\"ListItem\",\"position\":3,\"name\":\"Neue Inhalator\"}]},{\"@type\":\"WebSite\",\"@id\":\"https:\/\/www.interhotel-central.cz\/de\/#website\",\"url\":\"https:\/\/www.interhotel-central.cz\/de\/\",\"name\":\"\",\"description\":\"Just another ms.decms.eu site\",\"potentialAction\":[{\"@type\":\"SearchAction\",\"target\":{\"@type\":\"EntryPoint\",\"urlTemplate\":\"https:\/\/www.interhotel-central.cz\/de\/?s={search_term_string}\"},\"query-input\":{\"@type\":\"PropertyValueSpecification\",\"valueRequired\":true,\"valueName\":\"search_term_string\"}}],\"inLanguage\":\"de-DE\"}]}<\/script>\n<!-- \/ Yoast SEO plugin. -->","yoast_head_json":{"title":"Neue Inhalator -","robots":{"index":"index","follow":"follow","max-snippet":"max-snippet:-1","max-image-preview":"max-image-preview:large","max-video-preview":"max-video-preview:-1"},"canonical":"https:\/\/www.interhotel-central.cz\/de\/aktuelle-news\/neue-inhalator\/","og_locale":"de_DE","og_type":"article","og_title":"Neue Inhalator -","og_description":"Interhotel Central hat neue Inhalator f\u00fcr therapeutische und prophylaktische Ziele erworben. Moderne Inhalator erm\u00f6glichen die [&hellip;]","og_url":"https:\/\/www.interhotel-central.cz\/de\/aktuelle-news\/neue-inhalator\/","og_image":[{"width":2200,"height":1200,"url":"https:\/\/www.interhotel-central.cz\/wp-content\/uploads\/sites\/5\/2019\/02\/interhotel-central-12-1.jpg","type":"image\/jpeg"}],"twitter_card":"summary_large_image","schema":{"@context":"https:\/\/schema.org","@graph":[{"@type":"WebPage","@id":"https:\/\/www.interhotel-central.cz\/de\/aktuelle-news\/neue-inhalator\/","url":"https:\/\/www.interhotel-central.cz\/de\/aktuelle-news\/neue-inhalator\/","name":"Neue Inhalator -","isPartOf":{"@id":"https:\/\/www.interhotel-central.cz\/de\/#website"},"primaryImageOfPage":{"@id":"https:\/\/www.interhotel-central.cz\/de\/aktuelle-news\/neue-inhalator\/#primaryimage"},"image":{"@id":"https:\/\/www.interhotel-central.cz\/de\/aktuelle-news\/neue-inhalator\/#primaryimage"},"thumbnailUrl":"https:\/\/www.interhotel-central.cz\/wp-content\/uploads\/sites\/5\/2019\/02\/interhotel-central-12-1.jpg","datePublished":"2019-02-19T08:35:46+00:00","breadcrumb":{"@id":"https:\/\/www.interhotel-central.cz\/de\/aktuelle-news\/neue-inhalator\/#breadcrumb"},"inLanguage":"de-DE","potentialAction":[{"@type":"ReadAction","target":["https:\/\/www.interhotel-central.cz\/de\/aktuelle-news\/neue-inhalator\/"]}]},{"@type":"ImageObject","inLanguage":"de-DE","@id":"https:\/\/www.interhotel-central.cz\/de\/aktuelle-news\/neue-inhalator\/#primaryimage","url":"https:\/\/www.interhotel-central.cz\/wp-content\/uploads\/sites\/5\/2019\/02\/interhotel-central-12-1.jpg","contentUrl":"https:\/\/www.interhotel-central.cz\/wp-content\/uploads\/sites\/5\/2019\/02\/interhotel-central-12-1.jpg","width":2200,"height":1200},{"@type":"BreadcrumbList","@id":"https:\/\/www.interhotel-central.cz\/de\/aktuelle-news\/neue-inhalator\/#breadcrumb","itemListElement":[{"@type":"ListItem","position":1,"name":"Home","item":"https:\/\/www.interhotel-central.cz\/de\/"},{"@type":"ListItem","position":2,"name":"Aktuelle News","item":"https:\/\/www.interhotel-central.cz\/de\/aktuelle-news\/"},{"@type":"ListItem","position":3,"name":"Neue Inhalator"}]},{"@type":"WebSite","@id":"https:\/\/www.interhotel-central.cz\/de\/#website","url":"https:\/\/www.interhotel-central.cz\/de\/","name":"","description":"Just another ms.decms.eu site","potentialAction":[{"@type":"SearchAction","target":{"@type":"EntryPoint","urlTemplate":"https:\/\/www.interhotel-central.cz\/de\/?s={search_term_string}"},"query-input":{"@type":"PropertyValueSpecification","valueRequired":true,"valueName":"search_term_string"}}],"inLanguage":"de-DE"}]}},"acf":[],"_links":{"self":[{"href":"https:\/\/www.interhotel-central.cz\/de\/wp-json\/wp\/v2\/pages\/172","targetHints":{"allow":["GET"]}}],"collection":[{"href":"https:\/\/www.interhotel-central.cz\/de\/wp-json\/wp\/v2\/pages"}],"about":[{"href":"https:\/\/www.interhotel-central.cz\/de\/wp-json\/wp\/v2\/types\/page"}],"author":[{"embeddable":true,"href":"https:\/\/www.interhotel-central.cz\/de\/wp-json\/wp\/v2\/users\/6"}],"replies":[{"embeddable":true,"href":"https:\/\/www.interhotel-central.cz\/de\/wp-json\/wp\/v2\/comments?post=172"}],"version-history":[{"count":0,"href":"https:\/\/www.interhotel-central.cz\/de\/wp-json\/wp\/v2\/pages\/172\/revisions"}],"up":[{"embeddable":true,"href":"https:\/\/www.interhotel-central.cz\/de\/wp-json\/wp\/v2\/pages\/164"}],"wp:featuredmedia":[{"embeddable":true,"href":"https:\/\/www.interhotel-central.cz\/de\/wp-json\/wp\/v2\/media\/1111"}],"wp:attachment":[{"href":"https:\/\/www.interhotel-central.cz\/de\/wp-json\/wp\/v2\/media?parent=172"}],"curies":[{"name":"wp","href":"https:\/\/api.w.org\/{rel}","templated":true}]}}