{"id":156,"date":"2019-02-19T08:26:49","date_gmt":"2019-02-19T08:26:49","guid":{"rendered":"http:\/\/interhotelcentral.ms.decms.eu\/?page_id=156"},"modified":"2026-02-17T14:06:27","modified_gmt":"2026-02-17T14:06:27","slug":"restaurant","status":"publish","type":"page","link":"https:\/\/www.interhotel-central.cz\/de\/gastronomie\/restaurant\/","title":{"rendered":"Restaurant"},"content":{"rendered":"<p>Unser gro\u00dfz\u00fcgiges Restaurant mit sch\u00f6nem Blick auf die Stadt ist der ideale Ort f\u00fcr ein angenehmes Beisammensein. Genie\u00dfen Sie ein abwechslungsreiches und ausgewogenes Men\u00fc, das unsere K\u00fcchenchefin mit Blick auf Ihre Gesundheit sorgf\u00e4ltig zubereitet. Wir kochen mit hochwertigen Zutaten und legen Wert auf ehrlichen Geschmack sowie die Zufriedenheit jedes Gastes.<\/p>\n<p><strong>Fr\u00fchst\u00fcck 08:00 \u2013 10:30<\/strong><br \/>\nKontinentales Fr\u00fchst\u00fcck vom Buffet bietet eine reiche Auswahl an Obst, Gem\u00fcsesalaten, Geb\u00e4ck, K\u00e4se, Wurst, M\u00f6lkereiprodukten, Brei, Nachspeisen und Getr\u00e4nken an.<\/p>\n<p><strong>Mittagessen 12:30 \u2013 14:00<\/strong><br \/>\nMittagessen wird in Men\u00fcform serviert. Im Angebot sind 5 Hauptgerichte, 2 Suppen und eine gro\u00dfe Auswahl an Beilagen. Es gibt eine Salatbar, Obst, Nachspeisen und alkoholfreie Getr\u00e4nke.<\/p>\n<p><strong>Abendessen 18:00 \u2013 20:00<\/strong><br \/>\nZum Abendessen wird ein Men\u00fc mit 5 Haupterichten und Beilagen\u00a0 zur Wahl angeboten. Hotelg\u00e4sten steht eine reiche Auswahl an Obst, Gem\u00fcse, Nachspeisen und alkoholfreien Getr\u00e4nken zur Verf\u00fcgung.<\/p>\n","protected":false},"excerpt":{"rendered":"<p>Unser gro\u00dfz\u00fcgiges Restaurant mit sch\u00f6nem Blick auf die Stadt ist der ideale Ort f\u00fcr ein [&hellip;]<\/p>\n","protected":false},"author":6,"featured_media":313,"parent":155,"menu_order":41,"comment_status":"closed","ping_status":"closed","template":"","meta":{"footnotes":""},"class_list":["post-156","page","type-page","status-publish","has-post-thumbnail","hentry"],"yoast_head":"<!-- This site is optimized with the Yoast SEO plugin v26.9 - https:\/\/yoast.com\/product\/yoast-seo-wordpress\/ -->\n<title>Restaurant -<\/title>\n<meta name=\"robots\" content=\"index, follow, max-snippet:-1, max-image-preview:large, max-video-preview:-1\" \/>\n<link rel=\"canonical\" href=\"https:\/\/www.interhotel-central.cz\/de\/gastronomie\/restaurant\/\" \/>\n<meta property=\"og:locale\" content=\"de_DE\" \/>\n<meta property=\"og:type\" content=\"article\" \/>\n<meta property=\"og:title\" content=\"Restaurant -\" \/>\n<meta property=\"og:description\" content=\"Unser gro\u00dfz\u00fcgiges Restaurant mit sch\u00f6nem Blick auf die Stadt ist der ideale Ort f\u00fcr ein [&hellip;]\" \/>\n<meta property=\"og:url\" content=\"https:\/\/www.interhotel-central.cz\/de\/gastronomie\/restaurant\/\" \/>\n<meta property=\"article:modified_time\" content=\"2026-02-17T14:06:27+00:00\" \/>\n<meta property=\"og:image\" content=\"https:\/\/www.interhotel-central.cz\/wp-content\/uploads\/sites\/5\/2019\/02\/interhotel-central-24.jpg\" \/>\n\t<meta property=\"og:image:width\" content=\"2200\" \/>\n\t<meta property=\"og:image:height\" content=\"1200\" \/>\n\t<meta property=\"og:image:type\" content=\"image\/jpeg\" \/>\n<meta name=\"twitter:card\" content=\"summary_large_image\" \/>\n<meta name=\"twitter:label1\" content=\"Gesch\u00e4tzte Lesezeit\" \/>\n\t<meta name=\"twitter:data1\" content=\"1 Minute\" \/>\n<script type=\"application\/ld+json\" class=\"yoast-schema-graph\">{\"@context\":\"https:\/\/schema.org\",\"@graph\":[{\"@type\":\"WebPage\",\"@id\":\"https:\/\/www.interhotel-central.cz\/de\/gastronomie\/restaurant\/\",\"url\":\"https:\/\/www.interhotel-central.cz\/de\/gastronomie\/restaurant\/\",\"name\":\"Restaurant -\",\"isPartOf\":{\"@id\":\"https:\/\/www.interhotel-central.cz\/de\/#website\"},\"primaryImageOfPage\":{\"@id\":\"https:\/\/www.interhotel-central.cz\/de\/gastronomie\/restaurant\/#primaryimage\"},\"image\":{\"@id\":\"https:\/\/www.interhotel-central.cz\/de\/gastronomie\/restaurant\/#primaryimage\"},\"thumbnailUrl\":\"https:\/\/www.interhotel-central.cz\/wp-content\/uploads\/sites\/5\/2019\/02\/interhotel-central-24.jpg\",\"datePublished\":\"2019-02-19T08:26:49+00:00\",\"dateModified\":\"2026-02-17T14:06:27+00:00\",\"breadcrumb\":{\"@id\":\"https:\/\/www.interhotel-central.cz\/de\/gastronomie\/restaurant\/#breadcrumb\"},\"inLanguage\":\"de-DE\",\"potentialAction\":[{\"@type\":\"ReadAction\",\"target\":[\"https:\/\/www.interhotel-central.cz\/de\/gastronomie\/restaurant\/\"]}]},{\"@type\":\"ImageObject\",\"inLanguage\":\"de-DE\",\"@id\":\"https:\/\/www.interhotel-central.cz\/de\/gastronomie\/restaurant\/#primaryimage\",\"url\":\"https:\/\/www.interhotel-central.cz\/wp-content\/uploads\/sites\/5\/2019\/02\/interhotel-central-24.jpg\",\"contentUrl\":\"https:\/\/www.interhotel-central.cz\/wp-content\/uploads\/sites\/5\/2019\/02\/interhotel-central-24.jpg\",\"width\":2200,\"height\":1200},{\"@type\":\"BreadcrumbList\",\"@id\":\"https:\/\/www.interhotel-central.cz\/de\/gastronomie\/restaurant\/#breadcrumb\",\"itemListElement\":[{\"@type\":\"ListItem\",\"position\":1,\"name\":\"Home\",\"item\":\"https:\/\/www.interhotel-central.cz\/de\/\"},{\"@type\":\"ListItem\",\"position\":2,\"name\":\"Gastronomie\",\"item\":\"https:\/\/www.interhotel-central.cz\/de\/gastronomie\/\"},{\"@type\":\"ListItem\",\"position\":3,\"name\":\"Restaurant\"}]},{\"@type\":\"WebSite\",\"@id\":\"https:\/\/www.interhotel-central.cz\/de\/#website\",\"url\":\"https:\/\/www.interhotel-central.cz\/de\/\",\"name\":\"\",\"description\":\"Just another ms.decms.eu site\",\"potentialAction\":[{\"@type\":\"SearchAction\",\"target\":{\"@type\":\"EntryPoint\",\"urlTemplate\":\"https:\/\/www.interhotel-central.cz\/de\/?s={search_term_string}\"},\"query-input\":{\"@type\":\"PropertyValueSpecification\",\"valueRequired\":true,\"valueName\":\"search_term_string\"}}],\"inLanguage\":\"de-DE\"}]}<\/script>\n<!-- \/ Yoast SEO plugin. -->","yoast_head_json":{"title":"Restaurant -","robots":{"index":"index","follow":"follow","max-snippet":"max-snippet:-1","max-image-preview":"max-image-preview:large","max-video-preview":"max-video-preview:-1"},"canonical":"https:\/\/www.interhotel-central.cz\/de\/gastronomie\/restaurant\/","og_locale":"de_DE","og_type":"article","og_title":"Restaurant -","og_description":"Unser gro\u00dfz\u00fcgiges Restaurant mit sch\u00f6nem Blick auf die Stadt ist der ideale Ort f\u00fcr ein [&hellip;]","og_url":"https:\/\/www.interhotel-central.cz\/de\/gastronomie\/restaurant\/","article_modified_time":"2026-02-17T14:06:27+00:00","og_image":[{"width":2200,"height":1200,"url":"https:\/\/www.interhotel-central.cz\/wp-content\/uploads\/sites\/5\/2019\/02\/interhotel-central-24.jpg","type":"image\/jpeg"}],"twitter_card":"summary_large_image","twitter_misc":{"Gesch\u00e4tzte Lesezeit":"1 Minute"},"schema":{"@context":"https:\/\/schema.org","@graph":[{"@type":"WebPage","@id":"https:\/\/www.interhotel-central.cz\/de\/gastronomie\/restaurant\/","url":"https:\/\/www.interhotel-central.cz\/de\/gastronomie\/restaurant\/","name":"Restaurant -","isPartOf":{"@id":"https:\/\/www.interhotel-central.cz\/de\/#website"},"primaryImageOfPage":{"@id":"https:\/\/www.interhotel-central.cz\/de\/gastronomie\/restaurant\/#primaryimage"},"image":{"@id":"https:\/\/www.interhotel-central.cz\/de\/gastronomie\/restaurant\/#primaryimage"},"thumbnailUrl":"https:\/\/www.interhotel-central.cz\/wp-content\/uploads\/sites\/5\/2019\/02\/interhotel-central-24.jpg","datePublished":"2019-02-19T08:26:49+00:00","dateModified":"2026-02-17T14:06:27+00:00","breadcrumb":{"@id":"https:\/\/www.interhotel-central.cz\/de\/gastronomie\/restaurant\/#breadcrumb"},"inLanguage":"de-DE","potentialAction":[{"@type":"ReadAction","target":["https:\/\/www.interhotel-central.cz\/de\/gastronomie\/restaurant\/"]}]},{"@type":"ImageObject","inLanguage":"de-DE","@id":"https:\/\/www.interhotel-central.cz\/de\/gastronomie\/restaurant\/#primaryimage","url":"https:\/\/www.interhotel-central.cz\/wp-content\/uploads\/sites\/5\/2019\/02\/interhotel-central-24.jpg","contentUrl":"https:\/\/www.interhotel-central.cz\/wp-content\/uploads\/sites\/5\/2019\/02\/interhotel-central-24.jpg","width":2200,"height":1200},{"@type":"BreadcrumbList","@id":"https:\/\/www.interhotel-central.cz\/de\/gastronomie\/restaurant\/#breadcrumb","itemListElement":[{"@type":"ListItem","position":1,"name":"Home","item":"https:\/\/www.interhotel-central.cz\/de\/"},{"@type":"ListItem","position":2,"name":"Gastronomie","item":"https:\/\/www.interhotel-central.cz\/de\/gastronomie\/"},{"@type":"ListItem","position":3,"name":"Restaurant"}]},{"@type":"WebSite","@id":"https:\/\/www.interhotel-central.cz\/de\/#website","url":"https:\/\/www.interhotel-central.cz\/de\/","name":"","description":"Just another ms.decms.eu site","potentialAction":[{"@type":"SearchAction","target":{"@type":"EntryPoint","urlTemplate":"https:\/\/www.interhotel-central.cz\/de\/?s={search_term_string}"},"query-input":{"@type":"PropertyValueSpecification","valueRequired":true,"valueName":"search_term_string"}}],"inLanguage":"de-DE"}]}},"acf":[],"_links":{"self":[{"href":"https:\/\/www.interhotel-central.cz\/de\/wp-json\/wp\/v2\/pages\/156","targetHints":{"allow":["GET"]}}],"collection":[{"href":"https:\/\/www.interhotel-central.cz\/de\/wp-json\/wp\/v2\/pages"}],"about":[{"href":"https:\/\/www.interhotel-central.cz\/de\/wp-json\/wp\/v2\/types\/page"}],"author":[{"embeddable":true,"href":"https:\/\/www.interhotel-central.cz\/de\/wp-json\/wp\/v2\/users\/6"}],"replies":[{"embeddable":true,"href":"https:\/\/www.interhotel-central.cz\/de\/wp-json\/wp\/v2\/comments?post=156"}],"version-history":[{"count":0,"href":"https:\/\/www.interhotel-central.cz\/de\/wp-json\/wp\/v2\/pages\/156\/revisions"}],"up":[{"embeddable":true,"href":"https:\/\/www.interhotel-central.cz\/de\/wp-json\/wp\/v2\/pages\/155"}],"wp:featuredmedia":[{"embeddable":true,"href":"https:\/\/www.interhotel-central.cz\/de\/wp-json\/wp\/v2\/media\/313"}],"wp:attachment":[{"href":"https:\/\/www.interhotel-central.cz\/de\/wp-json\/wp\/v2\/media?parent=156"}],"curies":[{"name":"wp","href":"https:\/\/api.w.org\/{rel}","templated":true}]}}