{"id":154,"date":"2019-02-18T16:45:39","date_gmt":"2019-02-18T16:45:39","guid":{"rendered":"http:\/\/interhotelcentral.ms.decms.eu\/?page_id=154"},"modified":"2022-12-22T10:51:31","modified_gmt":"2022-12-22T10:51:31","slug":"tr-therapy","status":"publish","type":"page","link":"https:\/\/www.interhotel-central.cz\/de\/wellness-spa\/tr-therapy\/","title":{"rendered":"TR THERAPIE"},"content":{"rendered":"<p><span class=\"HwtZe\" lang=\"de\"><span class=\"jCAhz ChMk0b\"><span class=\"ryNqvb\">H\u00e4ufigste Anwendungen:<\/span><\/span> <\/span><\/p>\n<p><span class=\"HwtZe\" lang=\"de\"><span class=\"jCAhz ChMk0b\"><span class=\"ryNqvb\">Halswirbels\u00e4ulenschmerzen \u2013 die selektive Radiofrequenztherapie hilft, Triggerpunkte und Muskelhypertonus zu lindern, die die Wiedererlangung der vollen Gelenkbewegung verhindern.<\/span><\/span> <span class=\"jCAhz ChMk0b\"><span class=\"ryNqvb\">Die Therapie in Kombination mit passiver Dehnung verk\u00fcrzter Strukturen f\u00fchrt zu einer Entlastung und sofortigen Erweiterung des Bewegungsumfangs im jeweiligen Abschnitt.<\/span><\/span> <\/span><\/p>\n<p><span class=\"HwtZe\" lang=\"de\"><span class=\"jCAhz ChMk0b\"><span class=\"ryNqvb\">Epicondylitis \u2013 eine Kombination aus selektiver Radiofrequenztherapie und isometrischer oder isotonischer Muskelkontraktion konzentriert die Hyperthermie auf die kontrahierten Muskeln.<\/span><\/span> <span class=\"jCAhz ChMk0b\"><span class=\"ryNqvb\">Die zugef\u00fchrte Radiofrequenzenergie entspannt diese Fasern und f\u00fchrt zu ihrer Wiedereingliederung in das Muskelspiel.<\/span><\/span> <\/span><\/p>\n<p><span class=\"HwtZe\" lang=\"de\"><span class=\"jCAhz ChMk0b\"><span class=\"ryNqvb\">Frozen-Shoulder-Syndrom &#8211; in Kombination mit Weichteiltechniken wird die Durchblutung gesteigert, wodurch mehr N\u00e4hrstoffe, Sauerstoff und Abwehrstoffe zugef\u00fchrt werden.<\/span><\/span> <span class=\"jCAhz ChMk0b\"><span class=\"ryNqvb\">Diese Kombination, die bei reflektorisch bedingter Muskelhypertonie eingesetzt wird, f\u00fchrt zu einer schnelleren und einfacheren Beseitigung von Beschwerden.<\/span><\/span> <\/span><\/p>\n<p><span class=\"HwtZe\" lang=\"de\"><span class=\"jCAhz ChMk0b\"><span class=\"ryNqvb\">Verrenkungen des Sprunggelenks \u2013 Verstauchungen des Sprunggelenks geh\u00f6ren zu den h\u00e4ufigsten Verletzungen, mit denen ein Patient zum Arzt kommt.<\/span><\/span> <span class=\"jCAhz ChMk0b\"><span class=\"ryNqvb\">Es ist eines der h\u00e4ufigsten Traumata bei Sportlern. <\/span><\/span><\/span><span class=\"HwtZe\" lang=\"de\"><span class=\"jCAhz ChMk0b\"><span class=\"ryNqvb\">Kn\u00f6chelverstauchung im engeren Sinne bedeutet Verkr\u00fcmmung des Sprunggelenks.<\/span><\/span> <span class=\"jCAhz ChMk0b\"><span class=\"ryNqvb\">Dank der selektiven Radiofrequenztherapie verl\u00e4uft die Rehabilitation schneller und effektiver.<\/span><\/span> <\/span><\/p>\n<p><span class=\"HwtZe\" lang=\"de\"><span class=\"jCAhz ChMk0b\"><span class=\"ryNqvb\">Lendenwirbels\u00e4ulenschmerzen \u2013 R\u00fcckenschmerzen geh\u00f6ren zu den zehn h\u00e4ufigsten Gr\u00fcnden, warum Erwachsene einen Arzt aufsuchen.<\/span><\/span> <span class=\"jCAhz ChMk0b\"><span class=\"ryNqvb\">Bis zu 80 % der erwachsenen Bev\u00f6lkerung leiden unter R\u00fcckenschmerzen, sodass man im Grunde von einer Zivilisationskrankheit sprechen kann, die mit einer modernen Lebensweise einhergeht.<\/span><\/span> <span class=\"jCAhz ChMk0b\"><span class=\"ryNqvb\">Der problematischste Bereich des R\u00fcckens ist die Lendenwirbels\u00e4ule, deren Schmerzen am h\u00e4ufigsten von einer einseitigen Belastung der Wirbels\u00e4ulenmuskulatur herr\u00fchren, die in ihrer Gesamtheit der Rumpfstabilisierung dienen.<\/span><\/span> <\/span><\/p>\n<p><span class=\"HwtZe\" lang=\"de\"><span class=\"jCAhz ChMk0b\"><span class=\"ryNqvb\">Gonalgie &#8211; TR-Therapie ist eine sehr effektive Methode zur Linderung von Schmerzen im Knie. <\/span><\/span><\/span><span class=\"HwtZe\" lang=\"de\"><span class=\"jCAhz ChMk0b\"><span class=\"ryNqvb\">Die BTL-6000 TR-Therapie \u00fcbertr\u00e4gt hochfrequente elektromagnetische Energie durch das K\u00f6rpergewebe und erzeugt so eine selektive Gewebehyperthermie.<\/span><\/span> <\/span><\/p>\n<p><span class=\"HwtZe\" lang=\"de\"><span class=\"jCAhz ChMk0b\"><span class=\"ryNqvb\">Entspannung der Oberschenkelmuskulatur \u2013 der Einsatz einer selektiven Radiofrequenztherapie in Kombination mit einer passiven Dehnung der verk\u00fcrzten Strukturen f\u00fchrt zu einer Entlastung und sofortigen Erweiterung des Bewegungsumfangs im jeweiligen Abschnitt.<\/span><\/span> <\/span><\/p>\n<p><span class=\"HwtZe\" lang=\"de\"><span class=\"jCAhz ChMk0b\"><span class=\"ryNqvb\">Therapiepreis:<\/span><\/span> <\/span><\/p>\n<p><span class=\"HwtZe\" lang=\"de\"><span class=\"jCAhz ChMk0b\"><span class=\"ryNqvb\">20 Minuten<\/span><\/span> <span class=\"jCAhz ChMk0b\"><span class=\"ryNqvb\">\u2013\u00a0\u00a0 800 CZK<\/span><\/span> <\/span><\/p>\n<p><span class=\"HwtZe\" lang=\"de\"><span class=\"jCAhz ChMk0b\"><span class=\"ryNqvb\">30 Minuten<\/span><\/span> <span class=\"jCAhz ChMk0b\"><span class=\"ryNqvb\">\u2013 1000 CZK<\/span><\/span> <\/span><\/p>\n<p><span class=\"HwtZe\" lang=\"de\"><span class=\"jCAhz ChMk0b\"><span class=\"ryNqvb\">45 Minuten<\/span><\/span> <span class=\"jCAhz ChMk0b\"><span class=\"ryNqvb\">\u2013 1400 CZK<\/span><\/span><\/span><\/p>\n","protected":false},"excerpt":{"rendered":"<p>H\u00e4ufigste Anwendungen: Halswirbels\u00e4ulenschmerzen \u2013 die selektive Radiofrequenztherapie hilft, Triggerpunkte und Muskelhypertonus zu lindern, die die [&hellip;]<\/p>\n","protected":false},"author":6,"featured_media":303,"parent":151,"menu_order":34,"comment_status":"closed","ping_status":"closed","template":"","meta":{"footnotes":""},"class_list":["post-154","page","type-page","status-publish","has-post-thumbnail","hentry"],"yoast_head":"<!-- This site is optimized with the Yoast SEO plugin v26.9 - https:\/\/yoast.com\/product\/yoast-seo-wordpress\/ -->\n<title>TR THERAPIE -<\/title>\n<meta name=\"robots\" content=\"index, follow, max-snippet:-1, max-image-preview:large, max-video-preview:-1\" \/>\n<link rel=\"canonical\" href=\"https:\/\/www.interhotel-central.cz\/de\/wellness-spa\/tr-therapy\/\" \/>\n<meta property=\"og:locale\" content=\"de_DE\" \/>\n<meta property=\"og:type\" content=\"article\" \/>\n<meta property=\"og:title\" content=\"TR THERAPIE -\" \/>\n<meta property=\"og:description\" content=\"H\u00e4ufigste Anwendungen: Halswirbels\u00e4ulenschmerzen \u2013 die selektive Radiofrequenztherapie hilft, Triggerpunkte und Muskelhypertonus zu lindern, die die [&hellip;]\" \/>\n<meta property=\"og:url\" content=\"https:\/\/www.interhotel-central.cz\/de\/wellness-spa\/tr-therapy\/\" \/>\n<meta property=\"article:modified_time\" content=\"2022-12-22T10:51:31+00:00\" \/>\n<meta property=\"og:image\" content=\"https:\/\/www.interhotel-central.cz\/wp-content\/uploads\/sites\/5\/2019\/02\/interhotel-central-14.jpg\" \/>\n\t<meta property=\"og:image:width\" content=\"2200\" \/>\n\t<meta property=\"og:image:height\" content=\"1200\" \/>\n\t<meta property=\"og:image:type\" content=\"image\/jpeg\" \/>\n<meta name=\"twitter:card\" content=\"summary_large_image\" \/>\n<meta name=\"twitter:label1\" content=\"Gesch\u00e4tzte Lesezeit\" \/>\n\t<meta name=\"twitter:data1\" content=\"2 Minuten\" \/>\n<script type=\"application\/ld+json\" class=\"yoast-schema-graph\">{\"@context\":\"https:\/\/schema.org\",\"@graph\":[{\"@type\":\"WebPage\",\"@id\":\"https:\/\/www.interhotel-central.cz\/de\/wellness-spa\/tr-therapy\/\",\"url\":\"https:\/\/www.interhotel-central.cz\/de\/wellness-spa\/tr-therapy\/\",\"name\":\"TR THERAPIE -\",\"isPartOf\":{\"@id\":\"https:\/\/www.interhotel-central.cz\/de\/#website\"},\"primaryImageOfPage\":{\"@id\":\"https:\/\/www.interhotel-central.cz\/de\/wellness-spa\/tr-therapy\/#primaryimage\"},\"image\":{\"@id\":\"https:\/\/www.interhotel-central.cz\/de\/wellness-spa\/tr-therapy\/#primaryimage\"},\"thumbnailUrl\":\"https:\/\/www.interhotel-central.cz\/wp-content\/uploads\/sites\/5\/2019\/02\/interhotel-central-14.jpg\",\"datePublished\":\"2019-02-18T16:45:39+00:00\",\"dateModified\":\"2022-12-22T10:51:31+00:00\",\"breadcrumb\":{\"@id\":\"https:\/\/www.interhotel-central.cz\/de\/wellness-spa\/tr-therapy\/#breadcrumb\"},\"inLanguage\":\"de-DE\",\"potentialAction\":[{\"@type\":\"ReadAction\",\"target\":[\"https:\/\/www.interhotel-central.cz\/de\/wellness-spa\/tr-therapy\/\"]}]},{\"@type\":\"ImageObject\",\"inLanguage\":\"de-DE\",\"@id\":\"https:\/\/www.interhotel-central.cz\/de\/wellness-spa\/tr-therapy\/#primaryimage\",\"url\":\"https:\/\/www.interhotel-central.cz\/wp-content\/uploads\/sites\/5\/2019\/02\/interhotel-central-14.jpg\",\"contentUrl\":\"https:\/\/www.interhotel-central.cz\/wp-content\/uploads\/sites\/5\/2019\/02\/interhotel-central-14.jpg\",\"width\":2200,\"height\":1200},{\"@type\":\"BreadcrumbList\",\"@id\":\"https:\/\/www.interhotel-central.cz\/de\/wellness-spa\/tr-therapy\/#breadcrumb\",\"itemListElement\":[{\"@type\":\"ListItem\",\"position\":1,\"name\":\"Home\",\"item\":\"https:\/\/www.interhotel-central.cz\/de\/\"},{\"@type\":\"ListItem\",\"position\":2,\"name\":\"Wellness &amp; Spa\",\"item\":\"https:\/\/www.interhotel-central.cz\/de\/wellness-spa\/\"},{\"@type\":\"ListItem\",\"position\":3,\"name\":\"TR THERAPIE\"}]},{\"@type\":\"WebSite\",\"@id\":\"https:\/\/www.interhotel-central.cz\/de\/#website\",\"url\":\"https:\/\/www.interhotel-central.cz\/de\/\",\"name\":\"\",\"description\":\"Just another ms.decms.eu site\",\"potentialAction\":[{\"@type\":\"SearchAction\",\"target\":{\"@type\":\"EntryPoint\",\"urlTemplate\":\"https:\/\/www.interhotel-central.cz\/de\/?s={search_term_string}\"},\"query-input\":{\"@type\":\"PropertyValueSpecification\",\"valueRequired\":true,\"valueName\":\"search_term_string\"}}],\"inLanguage\":\"de-DE\"}]}<\/script>\n<!-- \/ Yoast SEO plugin. -->","yoast_head_json":{"title":"TR THERAPIE -","robots":{"index":"index","follow":"follow","max-snippet":"max-snippet:-1","max-image-preview":"max-image-preview:large","max-video-preview":"max-video-preview:-1"},"canonical":"https:\/\/www.interhotel-central.cz\/de\/wellness-spa\/tr-therapy\/","og_locale":"de_DE","og_type":"article","og_title":"TR THERAPIE -","og_description":"H\u00e4ufigste Anwendungen: Halswirbels\u00e4ulenschmerzen \u2013 die selektive Radiofrequenztherapie hilft, Triggerpunkte und Muskelhypertonus zu lindern, die die [&hellip;]","og_url":"https:\/\/www.interhotel-central.cz\/de\/wellness-spa\/tr-therapy\/","article_modified_time":"2022-12-22T10:51:31+00:00","og_image":[{"width":2200,"height":1200,"url":"https:\/\/www.interhotel-central.cz\/wp-content\/uploads\/sites\/5\/2019\/02\/interhotel-central-14.jpg","type":"image\/jpeg"}],"twitter_card":"summary_large_image","twitter_misc":{"Gesch\u00e4tzte Lesezeit":"2 Minuten"},"schema":{"@context":"https:\/\/schema.org","@graph":[{"@type":"WebPage","@id":"https:\/\/www.interhotel-central.cz\/de\/wellness-spa\/tr-therapy\/","url":"https:\/\/www.interhotel-central.cz\/de\/wellness-spa\/tr-therapy\/","name":"TR THERAPIE -","isPartOf":{"@id":"https:\/\/www.interhotel-central.cz\/de\/#website"},"primaryImageOfPage":{"@id":"https:\/\/www.interhotel-central.cz\/de\/wellness-spa\/tr-therapy\/#primaryimage"},"image":{"@id":"https:\/\/www.interhotel-central.cz\/de\/wellness-spa\/tr-therapy\/#primaryimage"},"thumbnailUrl":"https:\/\/www.interhotel-central.cz\/wp-content\/uploads\/sites\/5\/2019\/02\/interhotel-central-14.jpg","datePublished":"2019-02-18T16:45:39+00:00","dateModified":"2022-12-22T10:51:31+00:00","breadcrumb":{"@id":"https:\/\/www.interhotel-central.cz\/de\/wellness-spa\/tr-therapy\/#breadcrumb"},"inLanguage":"de-DE","potentialAction":[{"@type":"ReadAction","target":["https:\/\/www.interhotel-central.cz\/de\/wellness-spa\/tr-therapy\/"]}]},{"@type":"ImageObject","inLanguage":"de-DE","@id":"https:\/\/www.interhotel-central.cz\/de\/wellness-spa\/tr-therapy\/#primaryimage","url":"https:\/\/www.interhotel-central.cz\/wp-content\/uploads\/sites\/5\/2019\/02\/interhotel-central-14.jpg","contentUrl":"https:\/\/www.interhotel-central.cz\/wp-content\/uploads\/sites\/5\/2019\/02\/interhotel-central-14.jpg","width":2200,"height":1200},{"@type":"BreadcrumbList","@id":"https:\/\/www.interhotel-central.cz\/de\/wellness-spa\/tr-therapy\/#breadcrumb","itemListElement":[{"@type":"ListItem","position":1,"name":"Home","item":"https:\/\/www.interhotel-central.cz\/de\/"},{"@type":"ListItem","position":2,"name":"Wellness &amp; Spa","item":"https:\/\/www.interhotel-central.cz\/de\/wellness-spa\/"},{"@type":"ListItem","position":3,"name":"TR THERAPIE"}]},{"@type":"WebSite","@id":"https:\/\/www.interhotel-central.cz\/de\/#website","url":"https:\/\/www.interhotel-central.cz\/de\/","name":"","description":"Just another ms.decms.eu site","potentialAction":[{"@type":"SearchAction","target":{"@type":"EntryPoint","urlTemplate":"https:\/\/www.interhotel-central.cz\/de\/?s={search_term_string}"},"query-input":{"@type":"PropertyValueSpecification","valueRequired":true,"valueName":"search_term_string"}}],"inLanguage":"de-DE"}]}},"acf":[],"_links":{"self":[{"href":"https:\/\/www.interhotel-central.cz\/de\/wp-json\/wp\/v2\/pages\/154","targetHints":{"allow":["GET"]}}],"collection":[{"href":"https:\/\/www.interhotel-central.cz\/de\/wp-json\/wp\/v2\/pages"}],"about":[{"href":"https:\/\/www.interhotel-central.cz\/de\/wp-json\/wp\/v2\/types\/page"}],"author":[{"embeddable":true,"href":"https:\/\/www.interhotel-central.cz\/de\/wp-json\/wp\/v2\/users\/6"}],"replies":[{"embeddable":true,"href":"https:\/\/www.interhotel-central.cz\/de\/wp-json\/wp\/v2\/comments?post=154"}],"version-history":[{"count":0,"href":"https:\/\/www.interhotel-central.cz\/de\/wp-json\/wp\/v2\/pages\/154\/revisions"}],"up":[{"embeddable":true,"href":"https:\/\/www.interhotel-central.cz\/de\/wp-json\/wp\/v2\/pages\/151"}],"wp:featuredmedia":[{"embeddable":true,"href":"https:\/\/www.interhotel-central.cz\/de\/wp-json\/wp\/v2\/media\/303"}],"wp:attachment":[{"href":"https:\/\/www.interhotel-central.cz\/de\/wp-json\/wp\/v2\/media?parent=154"}],"curies":[{"name":"wp","href":"https:\/\/api.w.org\/{rel}","templated":true}]}}