{"id":153,"date":"2019-02-18T16:44:55","date_gmt":"2019-02-18T16:44:55","guid":{"rendered":"http:\/\/interhotelcentral.ms.decms.eu\/?page_id=153"},"modified":"2026-04-02T13:14:43","modified_gmt":"2026-04-02T13:14:43","slug":"kuranwendungen","status":"publish","type":"page","link":"https:\/\/www.interhotel-central.cz\/de\/wellness-spa\/kuranwendungen\/","title":{"rendered":"Kuranwendungen"},"content":{"rendered":"<p>Im Interhotel Central bieten wir Ihnen <strong>eine breite Auswahl an Kur-, Heil- und Wellnessanwendungen<\/strong> \u2013 alles bequem unter einem Dach. Um Ihre Gesundheit k\u00fcmmert sich <strong>ein erfahrenes Team qualifizierter medizinischer Fachkr\u00e4fte<\/strong> mit individueller Betreuung jedes einzelnen Gastes. <strong>Das Kurpaket<\/strong> wird stets nach einer \u00e4rztlichen Eingangsuntersuchung entsprechend Ihrem <strong>aktuellen Gesundheitszustand<\/strong> zusammengestellt, um Ihre Gesundheit bestm\u00f6glich zu unterst\u00fctzen, Beschwerden zu lindern und die allgemeine Regeneration des K\u00f6rpers zu f\u00f6rdern. <strong>Anwendungen, die im Kurpaket enthalten sind, sind mit KP gekennzeichnet.<\/strong><\/p>\n<p data-start=\"1722\" data-end=\"1953\">Wenn Sie eine <strong>Wellnessanwendung bereits vor Ihrer Anreise reservieren<\/strong> m\u00f6chten, w\u00e4hlen Sie bitte die mit <strong data-start=\"1822\" data-end=\"1828\">*<\/strong> gekennzeichneten Anwendungen aus. Nicht gekennzeichnete Anwendungen k\u00f6nnen erst <strong>nach \u00e4rztlicher Konsultation<\/strong> gebucht werden.<\/p>\n<p data-start=\"1955\" data-end=\"2071\"><strong>Kontaktieren Sie uns gerne telefonisch unter: +420 353 182 630<\/strong><br data-start=\"2021\" data-end=\"2024\" \/><strong>oder per E-Mail: <a class=\"decorated-link cursor-pointer\" rel=\"noopener\" data-start=\"2043\" data-end=\"2069\">info@interhotel-central.cz<\/a><\/strong><\/p>\n<p data-start=\"2073\" data-end=\"2106\">Wir helfen Ihnen gerne weiter!<\/p>\n<p><strong>\u00a0 \u00a0 \u00a0 \u00a0 \u00a0 \u00a0 \u00a0 \u00a0 \u00a0 \u00a0 \u00a0 \u00a0 \u00a0 \u00a0 \u00a0 \u00a0 \u00a0 \u00a0 \u00a0 \u00a0 \u00a0ANGEBOTENE BEHANDLUNGEN:<\/strong><\/p>\n<table width=\"690\">\n<tbody>\n<tr>\n<td width=\"444\"><strong>B\u00e4der<\/strong><\/td>\n<\/tr>\n<tr>\n<td width=\"444\">Kohlens\u00e4urebad \/<strong>KP<\/strong><\/p>\n<p>Galvanisches Bad \/<strong>KP<\/strong><\/p>\n<p>Mineralbad* \/<strong>KP<\/strong><\/p>\n<p>Perlbad* \/<strong>KP<\/strong><\/p>\n<p>Wirbelbad* \/<strong>KP<\/strong><\/p>\n<p>Kohlens\u00e4uresack \/<strong>KP<\/strong><\/p>\n<p>Torfbad<\/p>\n<p>Jodbrombad<\/p>\n<p>Schwefelbad<\/td>\n<\/tr>\n<tr>\n<td width=\"444\">&nbsp;<\/p>\n<p><strong>Hydrotherapie<\/strong><\/td>\n<\/tr>\n<tr>\n<td width=\"444\">Schottische Spritze \/<strong>KP<\/strong><\/p>\n<p>Unterwassermassage \/<strong>KP<\/strong><\/td>\n<\/tr>\n<tr>\n<td width=\"444\">&nbsp;<\/p>\n<p><strong>Massagen<\/strong><\/td>\n<\/tr>\n<tr>\n<td width=\"444\">Klassische Teilmassage* \/<strong>KP<\/strong><\/p>\n<p>Klassische Vollmassage*<\/p>\n<p>HydroJet (Massage auf dem Wasserbett, bis 120 kg)* \/<strong>KP<\/strong><\/p>\n<p>Plantotherapie (Fu\u00dfsohlenmassage)*<\/p>\n<p>Gesichtsmassage*<\/td>\n<\/tr>\n<tr>\n<td width=\"444\">&nbsp;<\/p>\n<p><strong>Thermotherapie<\/strong><\/td>\n<\/tr>\n<tr>\n<td width=\"444\">Moorpackungen\u00a0 (2 Lokalisationen) \/<strong>KP<\/strong><\/p>\n<p>Paraffinpackungen f\u00fcr H\u00e4nde* \/<strong>KP<\/strong><\/td>\n<\/tr>\n<tr>\n<td width=\"444\">&nbsp;<\/p>\n<p><strong>Physiotherapie<\/strong><\/td>\n<\/tr>\n<tr>\n<td width=\"444\">Pneumoakupunktur (Gasinjektionen) \/<strong>KP<\/strong><\/p>\n<p>Magnetfeldtherapie \/<strong>KP<\/strong><\/p>\n<p>Beckenbodenstimulation<\/p>\n<p>Phototherapie (Biolampe) \/<strong>KP<\/strong><\/p>\n<p>Elektrotherapie (endovaco) \/<strong>KP<\/strong><\/p>\n<p>Elektrotherapie (Ultraschall) \/<strong>KP<\/strong><\/p>\n<p>Laser<\/p>\n<p>Mechanische Lymphdrainage (2 Lokalisationen) \/<strong>KP<\/strong><\/p>\n<p>TR &#8211; Therapie (Muskelentspannung, Schwellungsr\u00fcckgang, Schmerzlinderung)<\/td>\n<\/tr>\n<tr>\n<td width=\"444\">&nbsp;<\/p>\n<p><strong>SPA Anwendungen<\/strong><\/td>\n<\/tr>\n<tr>\n<td width=\"444\">Mineralwasser-Inhalation mit Kr\u00e4uteressenzen*<\/p>\n<p>Rotwein-Mineralbad*<\/p>\n<p>Mineralbad mit Kr\u00e4uterextrakten (Eukalyptus, Hanf, Lavendel, Salbei)*<\/p>\n<p>Mineralbad mit Kr\u00e4uterextrakten (Gute Nacht, Haut, Entspannung)*<\/p>\n<p>Mineralbad mit Bierextrakt*<\/p>\n<p>Haferflockenmineralbad*<\/p>\n<p>Mineralbad mit Totes Meer Salz*<\/p>\n<p>Antirheumatisches Mineralbad*<\/p>\n<p>Kleopatra-Honig-Bad*<\/td>\n<\/tr>\n<tr>\n<td width=\"444\">&nbsp;<\/p>\n<p><strong>Andere Anwendungen<\/strong><\/td>\n<\/tr>\n<tr>\n<td width=\"444\">Oxygenotherapie* \/<strong>KP<\/strong><\/p>\n<p>Mineralwasser-Inhalation* \/<strong>KP<\/strong><\/p>\n<p>Zahnfleischsp\u00fclung mit Mineralwasser* \/<strong>KP<\/strong><\/p>\n<p>&nbsp;<\/td>\n<\/tr>\n<tr>\n<td width=\"444\"><\/td>\n<\/tr>\n<tr>\n<td width=\"444\"><\/td>\n<\/tr>\n<tr>\n<td width=\"444\"><\/td>\n<\/tr>\n<tr>\n<td width=\"444\"><\/td>\n<\/tr>\n<tr>\n<td width=\"444\"><\/td>\n<\/tr>\n<tr>\n<td width=\"444\"><\/td>\n<\/tr>\n<tr>\n<td width=\"444\"><\/td>\n<\/tr>\n<tr>\n<td width=\"444\"><strong>\u00a0<\/strong><\/td>\n<\/tr>\n<tr>\n<td width=\"444\">&nbsp;<\/p>\n<p>&nbsp;<\/td>\n<\/tr>\n<tr>\n<td width=\"444\"><\/td>\n<\/tr>\n<tr>\n<td width=\"444\"><\/td>\n<\/tr>\n<tr>\n<td width=\"444\"><\/td>\n<\/tr>\n<tr>\n<td width=\"444\"><\/td>\n<\/tr>\n<tr>\n<td width=\"444\"><\/td>\n<\/tr>\n<tr>\n<td width=\"444\"><\/td>\n<\/tr>\n<tr>\n<td width=\"444\"><\/td>\n<\/tr>\n<tr>\n<td width=\"444\"><\/td>\n<\/tr>\n<tr>\n<td width=\"444\"><\/td>\n<\/tr>\n<tr>\n<td width=\"444\"><\/td>\n<\/tr>\n<tr>\n<td width=\"444\"><\/td>\n<\/tr>\n<tr>\n<td width=\"444\"><\/td>\n<\/tr>\n<tr>\n<td width=\"444\"><\/td>\n<\/tr>\n<tr>\n<td width=\"444\">&nbsp;<\/p>\n<p>&nbsp;<\/td>\n<\/tr>\n<tr>\n<td width=\"444\"><\/td>\n<\/tr>\n<tr>\n<td width=\"444\"><\/td>\n<\/tr>\n<tr>\n<td width=\"444\"><\/td>\n<\/tr>\n<tr>\n<td width=\"444\"><\/td>\n<\/tr>\n<tr>\n<td width=\"444\"><\/td>\n<\/tr>\n<tr>\n<td width=\"444\"><\/td>\n<\/tr>\n<tr>\n<td width=\"444\"><\/td>\n<\/tr>\n<tr>\n<td width=\"444\"><\/td>\n<\/tr>\n<tr>\n<td width=\"444\"><\/td>\n<\/tr>\n<tr>\n<td width=\"444\"><\/td>\n<\/tr>\n<tr>\n<td width=\"444\"><\/td>\n<\/tr>\n<tr>\n<td width=\"444\"><\/td>\n<\/tr>\n<tr>\n<td width=\"444\"><\/td>\n<\/tr>\n<tr>\n<td width=\"444\">&nbsp;<\/p>\n<p>&nbsp;<\/td>\n<\/tr>\n<tr>\n<td width=\"444\"><\/td>\n<\/tr>\n<tr>\n<td width=\"444\"><\/td>\n<\/tr>\n<\/tbody>\n<\/table>\n<p>&nbsp;<\/p>\n","protected":false},"excerpt":{"rendered":"<p>Im Interhotel Central bieten wir Ihnen eine breite Auswahl an Kur-, Heil- und Wellnessanwendungen \u2013 [&hellip;]<\/p>\n","protected":false},"author":6,"featured_media":298,"parent":151,"menu_order":32,"comment_status":"closed","ping_status":"closed","template":"","meta":{"footnotes":""},"class_list":["post-153","page","type-page","status-publish","has-post-thumbnail","hentry"],"yoast_head":"<!-- This site is optimized with the Yoast SEO plugin v26.9 - https:\/\/yoast.com\/product\/yoast-seo-wordpress\/ -->\n<title>Kuranwendungen -<\/title>\n<meta name=\"robots\" content=\"index, follow, max-snippet:-1, max-image-preview:large, max-video-preview:-1\" \/>\n<link rel=\"canonical\" href=\"https:\/\/www.interhotel-central.cz\/de\/wellness-spa\/kuranwendungen\/\" \/>\n<meta property=\"og:locale\" content=\"de_DE\" \/>\n<meta property=\"og:type\" content=\"article\" \/>\n<meta property=\"og:title\" content=\"Kuranwendungen -\" \/>\n<meta property=\"og:description\" content=\"Im Interhotel Central bieten wir Ihnen eine breite Auswahl an Kur-, Heil- und Wellnessanwendungen \u2013 [&hellip;]\" \/>\n<meta property=\"og:url\" content=\"https:\/\/www.interhotel-central.cz\/de\/wellness-spa\/kuranwendungen\/\" \/>\n<meta property=\"article:modified_time\" content=\"2026-04-02T13:14:43+00:00\" \/>\n<meta property=\"og:image\" content=\"https:\/\/www.interhotel-central.cz\/wp-content\/uploads\/sites\/5\/2019\/02\/interhotel-central-13.jpg\" \/>\n\t<meta property=\"og:image:width\" content=\"2200\" \/>\n\t<meta property=\"og:image:height\" content=\"1200\" \/>\n\t<meta property=\"og:image:type\" content=\"image\/jpeg\" \/>\n<meta name=\"twitter:card\" content=\"summary_large_image\" \/>\n<meta name=\"twitter:label1\" content=\"Gesch\u00e4tzte Lesezeit\" \/>\n\t<meta name=\"twitter:data1\" content=\"2 Minuten\" \/>\n<script type=\"application\/ld+json\" class=\"yoast-schema-graph\">{\"@context\":\"https:\/\/schema.org\",\"@graph\":[{\"@type\":\"WebPage\",\"@id\":\"https:\/\/www.interhotel-central.cz\/de\/wellness-spa\/kuranwendungen\/\",\"url\":\"https:\/\/www.interhotel-central.cz\/de\/wellness-spa\/kuranwendungen\/\",\"name\":\"Kuranwendungen -\",\"isPartOf\":{\"@id\":\"https:\/\/www.interhotel-central.cz\/de\/#website\"},\"primaryImageOfPage\":{\"@id\":\"https:\/\/www.interhotel-central.cz\/de\/wellness-spa\/kuranwendungen\/#primaryimage\"},\"image\":{\"@id\":\"https:\/\/www.interhotel-central.cz\/de\/wellness-spa\/kuranwendungen\/#primaryimage\"},\"thumbnailUrl\":\"https:\/\/www.interhotel-central.cz\/wp-content\/uploads\/sites\/5\/2019\/02\/interhotel-central-13.jpg\",\"datePublished\":\"2019-02-18T16:44:55+00:00\",\"dateModified\":\"2026-04-02T13:14:43+00:00\",\"breadcrumb\":{\"@id\":\"https:\/\/www.interhotel-central.cz\/de\/wellness-spa\/kuranwendungen\/#breadcrumb\"},\"inLanguage\":\"de-DE\",\"potentialAction\":[{\"@type\":\"ReadAction\",\"target\":[\"https:\/\/www.interhotel-central.cz\/de\/wellness-spa\/kuranwendungen\/\"]}]},{\"@type\":\"ImageObject\",\"inLanguage\":\"de-DE\",\"@id\":\"https:\/\/www.interhotel-central.cz\/de\/wellness-spa\/kuranwendungen\/#primaryimage\",\"url\":\"https:\/\/www.interhotel-central.cz\/wp-content\/uploads\/sites\/5\/2019\/02\/interhotel-central-13.jpg\",\"contentUrl\":\"https:\/\/www.interhotel-central.cz\/wp-content\/uploads\/sites\/5\/2019\/02\/interhotel-central-13.jpg\",\"width\":2200,\"height\":1200},{\"@type\":\"BreadcrumbList\",\"@id\":\"https:\/\/www.interhotel-central.cz\/de\/wellness-spa\/kuranwendungen\/#breadcrumb\",\"itemListElement\":[{\"@type\":\"ListItem\",\"position\":1,\"name\":\"Home\",\"item\":\"https:\/\/www.interhotel-central.cz\/de\/\"},{\"@type\":\"ListItem\",\"position\":2,\"name\":\"Wellness &amp; Spa\",\"item\":\"https:\/\/www.interhotel-central.cz\/de\/wellness-spa\/\"},{\"@type\":\"ListItem\",\"position\":3,\"name\":\"Kuranwendungen\"}]},{\"@type\":\"WebSite\",\"@id\":\"https:\/\/www.interhotel-central.cz\/de\/#website\",\"url\":\"https:\/\/www.interhotel-central.cz\/de\/\",\"name\":\"\",\"description\":\"Just another ms.decms.eu site\",\"potentialAction\":[{\"@type\":\"SearchAction\",\"target\":{\"@type\":\"EntryPoint\",\"urlTemplate\":\"https:\/\/www.interhotel-central.cz\/de\/?s={search_term_string}\"},\"query-input\":{\"@type\":\"PropertyValueSpecification\",\"valueRequired\":true,\"valueName\":\"search_term_string\"}}],\"inLanguage\":\"de-DE\"}]}<\/script>\n<!-- \/ Yoast SEO plugin. -->","yoast_head_json":{"title":"Kuranwendungen -","robots":{"index":"index","follow":"follow","max-snippet":"max-snippet:-1","max-image-preview":"max-image-preview:large","max-video-preview":"max-video-preview:-1"},"canonical":"https:\/\/www.interhotel-central.cz\/de\/wellness-spa\/kuranwendungen\/","og_locale":"de_DE","og_type":"article","og_title":"Kuranwendungen -","og_description":"Im Interhotel Central bieten wir Ihnen eine breite Auswahl an Kur-, Heil- und Wellnessanwendungen \u2013 [&hellip;]","og_url":"https:\/\/www.interhotel-central.cz\/de\/wellness-spa\/kuranwendungen\/","article_modified_time":"2026-04-02T13:14:43+00:00","og_image":[{"width":2200,"height":1200,"url":"https:\/\/www.interhotel-central.cz\/wp-content\/uploads\/sites\/5\/2019\/02\/interhotel-central-13.jpg","type":"image\/jpeg"}],"twitter_card":"summary_large_image","twitter_misc":{"Gesch\u00e4tzte Lesezeit":"2 Minuten"},"schema":{"@context":"https:\/\/schema.org","@graph":[{"@type":"WebPage","@id":"https:\/\/www.interhotel-central.cz\/de\/wellness-spa\/kuranwendungen\/","url":"https:\/\/www.interhotel-central.cz\/de\/wellness-spa\/kuranwendungen\/","name":"Kuranwendungen -","isPartOf":{"@id":"https:\/\/www.interhotel-central.cz\/de\/#website"},"primaryImageOfPage":{"@id":"https:\/\/www.interhotel-central.cz\/de\/wellness-spa\/kuranwendungen\/#primaryimage"},"image":{"@id":"https:\/\/www.interhotel-central.cz\/de\/wellness-spa\/kuranwendungen\/#primaryimage"},"thumbnailUrl":"https:\/\/www.interhotel-central.cz\/wp-content\/uploads\/sites\/5\/2019\/02\/interhotel-central-13.jpg","datePublished":"2019-02-18T16:44:55+00:00","dateModified":"2026-04-02T13:14:43+00:00","breadcrumb":{"@id":"https:\/\/www.interhotel-central.cz\/de\/wellness-spa\/kuranwendungen\/#breadcrumb"},"inLanguage":"de-DE","potentialAction":[{"@type":"ReadAction","target":["https:\/\/www.interhotel-central.cz\/de\/wellness-spa\/kuranwendungen\/"]}]},{"@type":"ImageObject","inLanguage":"de-DE","@id":"https:\/\/www.interhotel-central.cz\/de\/wellness-spa\/kuranwendungen\/#primaryimage","url":"https:\/\/www.interhotel-central.cz\/wp-content\/uploads\/sites\/5\/2019\/02\/interhotel-central-13.jpg","contentUrl":"https:\/\/www.interhotel-central.cz\/wp-content\/uploads\/sites\/5\/2019\/02\/interhotel-central-13.jpg","width":2200,"height":1200},{"@type":"BreadcrumbList","@id":"https:\/\/www.interhotel-central.cz\/de\/wellness-spa\/kuranwendungen\/#breadcrumb","itemListElement":[{"@type":"ListItem","position":1,"name":"Home","item":"https:\/\/www.interhotel-central.cz\/de\/"},{"@type":"ListItem","position":2,"name":"Wellness &amp; Spa","item":"https:\/\/www.interhotel-central.cz\/de\/wellness-spa\/"},{"@type":"ListItem","position":3,"name":"Kuranwendungen"}]},{"@type":"WebSite","@id":"https:\/\/www.interhotel-central.cz\/de\/#website","url":"https:\/\/www.interhotel-central.cz\/de\/","name":"","description":"Just another ms.decms.eu site","potentialAction":[{"@type":"SearchAction","target":{"@type":"EntryPoint","urlTemplate":"https:\/\/www.interhotel-central.cz\/de\/?s={search_term_string}"},"query-input":{"@type":"PropertyValueSpecification","valueRequired":true,"valueName":"search_term_string"}}],"inLanguage":"de-DE"}]}},"acf":[],"_links":{"self":[{"href":"https:\/\/www.interhotel-central.cz\/de\/wp-json\/wp\/v2\/pages\/153","targetHints":{"allow":["GET"]}}],"collection":[{"href":"https:\/\/www.interhotel-central.cz\/de\/wp-json\/wp\/v2\/pages"}],"about":[{"href":"https:\/\/www.interhotel-central.cz\/de\/wp-json\/wp\/v2\/types\/page"}],"author":[{"embeddable":true,"href":"https:\/\/www.interhotel-central.cz\/de\/wp-json\/wp\/v2\/users\/6"}],"replies":[{"embeddable":true,"href":"https:\/\/www.interhotel-central.cz\/de\/wp-json\/wp\/v2\/comments?post=153"}],"version-history":[{"count":0,"href":"https:\/\/www.interhotel-central.cz\/de\/wp-json\/wp\/v2\/pages\/153\/revisions"}],"up":[{"embeddable":true,"href":"https:\/\/www.interhotel-central.cz\/de\/wp-json\/wp\/v2\/pages\/151"}],"wp:featuredmedia":[{"embeddable":true,"href":"https:\/\/www.interhotel-central.cz\/de\/wp-json\/wp\/v2\/media\/298"}],"wp:attachment":[{"href":"https:\/\/www.interhotel-central.cz\/de\/wp-json\/wp\/v2\/media?parent=153"}],"curies":[{"name":"wp","href":"https:\/\/api.w.org\/{rel}","templated":true}]}}