{"id":148,"date":"2019-02-18T16:42:04","date_gmt":"2019-02-18T16:42:04","guid":{"rendered":"http:\/\/interhotelcentral.ms.decms.eu\/?page_id=148"},"modified":"2019-02-18T16:42:04","modified_gmt":"2019-02-18T16:42:04","slug":"suite-standard","status":"publish","type":"page","link":"https:\/\/www.interhotel-central.cz\/de\/zimmer\/suite-standard\/","title":{"rendered":"Suite Standard"},"content":{"rendered":"<p>Diese Suite hat zwei Zimmer \u2013 Wohnzimmer mit Couch und Schlafzimmer mit Ehebett. Das Zimmer verf\u00fcgt \u00fcber einen Tisch und einen gro\u00dfen Kleiderschrank. Suite Standart hat einen Blick auf die Hotelterrassen f\u00fcr einen ruhigen Aufenthalt und Schlaf. Die Zimmergr\u00f6\u00dfe ist 43 m2.<\/p>\n","protected":false},"excerpt":{"rendered":"<p>Diese Suite hat zwei Zimmer \u2013 Wohnzimmer mit Couch und Schlafzimmer mit Ehebett. Das Zimmer [&hellip;]<\/p>\n","protected":false},"author":6,"featured_media":909,"parent":143,"menu_order":25,"comment_status":"closed","ping_status":"closed","template":"template-single-room.php","meta":{"footnotes":""},"class_list":["post-148","page","type-page","status-publish","has-post-thumbnail","hentry"],"yoast_head":"<!-- This site is optimized with the Yoast SEO plugin v26.9 - https:\/\/yoast.com\/product\/yoast-seo-wordpress\/ -->\n<title>Suite Standard -<\/title>\n<meta name=\"robots\" content=\"index, follow, max-snippet:-1, max-image-preview:large, max-video-preview:-1\" \/>\n<link rel=\"canonical\" href=\"https:\/\/www.interhotel-central.cz\/de\/zimmer\/suite-standard\/\" \/>\n<meta property=\"og:locale\" content=\"de_DE\" \/>\n<meta property=\"og:type\" content=\"article\" \/>\n<meta property=\"og:title\" content=\"Suite Standard -\" \/>\n<meta property=\"og:description\" content=\"Diese Suite hat zwei Zimmer \u2013 Wohnzimmer mit Couch und Schlafzimmer mit Ehebett. Das Zimmer [&hellip;]\" \/>\n<meta property=\"og:url\" content=\"https:\/\/www.interhotel-central.cz\/de\/zimmer\/suite-standard\/\" \/>\n<meta property=\"og:image\" content=\"https:\/\/www.interhotel-central.cz\/wp-content\/uploads\/sites\/5\/2019\/02\/Interhotel-central-21-2.jpg\" \/>\n\t<meta property=\"og:image:width\" content=\"2200\" \/>\n\t<meta property=\"og:image:height\" content=\"1200\" \/>\n\t<meta property=\"og:image:type\" content=\"image\/jpeg\" \/>\n<meta name=\"twitter:card\" content=\"summary_large_image\" \/>\n<script type=\"application\/ld+json\" class=\"yoast-schema-graph\">{\"@context\":\"https:\/\/schema.org\",\"@graph\":[{\"@type\":\"WebPage\",\"@id\":\"https:\/\/www.interhotel-central.cz\/de\/zimmer\/suite-standard\/\",\"url\":\"https:\/\/www.interhotel-central.cz\/de\/zimmer\/suite-standard\/\",\"name\":\"Suite Standard -\",\"isPartOf\":{\"@id\":\"https:\/\/www.interhotel-central.cz\/de\/#website\"},\"primaryImageOfPage\":{\"@id\":\"https:\/\/www.interhotel-central.cz\/de\/zimmer\/suite-standard\/#primaryimage\"},\"image\":{\"@id\":\"https:\/\/www.interhotel-central.cz\/de\/zimmer\/suite-standard\/#primaryimage\"},\"thumbnailUrl\":\"https:\/\/www.interhotel-central.cz\/wp-content\/uploads\/sites\/5\/2019\/02\/Interhotel-central-21-2.jpg\",\"datePublished\":\"2019-02-18T16:42:04+00:00\",\"breadcrumb\":{\"@id\":\"https:\/\/www.interhotel-central.cz\/de\/zimmer\/suite-standard\/#breadcrumb\"},\"inLanguage\":\"de-DE\",\"potentialAction\":[{\"@type\":\"ReadAction\",\"target\":[\"https:\/\/www.interhotel-central.cz\/de\/zimmer\/suite-standard\/\"]}]},{\"@type\":\"ImageObject\",\"inLanguage\":\"de-DE\",\"@id\":\"https:\/\/www.interhotel-central.cz\/de\/zimmer\/suite-standard\/#primaryimage\",\"url\":\"https:\/\/www.interhotel-central.cz\/wp-content\/uploads\/sites\/5\/2019\/02\/Interhotel-central-21-2.jpg\",\"contentUrl\":\"https:\/\/www.interhotel-central.cz\/wp-content\/uploads\/sites\/5\/2019\/02\/Interhotel-central-21-2.jpg\",\"width\":2200,\"height\":1200},{\"@type\":\"BreadcrumbList\",\"@id\":\"https:\/\/www.interhotel-central.cz\/de\/zimmer\/suite-standard\/#breadcrumb\",\"itemListElement\":[{\"@type\":\"ListItem\",\"position\":1,\"name\":\"Home\",\"item\":\"https:\/\/www.interhotel-central.cz\/de\/\"},{\"@type\":\"ListItem\",\"position\":2,\"name\":\"Zimmer\",\"item\":\"https:\/\/www.interhotel-central.cz\/de\/zimmer\/\"},{\"@type\":\"ListItem\",\"position\":3,\"name\":\"Suite Standard\"}]},{\"@type\":\"WebSite\",\"@id\":\"https:\/\/www.interhotel-central.cz\/de\/#website\",\"url\":\"https:\/\/www.interhotel-central.cz\/de\/\",\"name\":\"\",\"description\":\"Just another ms.decms.eu site\",\"potentialAction\":[{\"@type\":\"SearchAction\",\"target\":{\"@type\":\"EntryPoint\",\"urlTemplate\":\"https:\/\/www.interhotel-central.cz\/de\/?s={search_term_string}\"},\"query-input\":{\"@type\":\"PropertyValueSpecification\",\"valueRequired\":true,\"valueName\":\"search_term_string\"}}],\"inLanguage\":\"de-DE\"}]}<\/script>\n<!-- \/ Yoast SEO plugin. -->","yoast_head_json":{"title":"Suite Standard -","robots":{"index":"index","follow":"follow","max-snippet":"max-snippet:-1","max-image-preview":"max-image-preview:large","max-video-preview":"max-video-preview:-1"},"canonical":"https:\/\/www.interhotel-central.cz\/de\/zimmer\/suite-standard\/","og_locale":"de_DE","og_type":"article","og_title":"Suite Standard -","og_description":"Diese Suite hat zwei Zimmer \u2013 Wohnzimmer mit Couch und Schlafzimmer mit Ehebett. Das Zimmer [&hellip;]","og_url":"https:\/\/www.interhotel-central.cz\/de\/zimmer\/suite-standard\/","og_image":[{"width":2200,"height":1200,"url":"https:\/\/www.interhotel-central.cz\/wp-content\/uploads\/sites\/5\/2019\/02\/Interhotel-central-21-2.jpg","type":"image\/jpeg"}],"twitter_card":"summary_large_image","schema":{"@context":"https:\/\/schema.org","@graph":[{"@type":"WebPage","@id":"https:\/\/www.interhotel-central.cz\/de\/zimmer\/suite-standard\/","url":"https:\/\/www.interhotel-central.cz\/de\/zimmer\/suite-standard\/","name":"Suite Standard -","isPartOf":{"@id":"https:\/\/www.interhotel-central.cz\/de\/#website"},"primaryImageOfPage":{"@id":"https:\/\/www.interhotel-central.cz\/de\/zimmer\/suite-standard\/#primaryimage"},"image":{"@id":"https:\/\/www.interhotel-central.cz\/de\/zimmer\/suite-standard\/#primaryimage"},"thumbnailUrl":"https:\/\/www.interhotel-central.cz\/wp-content\/uploads\/sites\/5\/2019\/02\/Interhotel-central-21-2.jpg","datePublished":"2019-02-18T16:42:04+00:00","breadcrumb":{"@id":"https:\/\/www.interhotel-central.cz\/de\/zimmer\/suite-standard\/#breadcrumb"},"inLanguage":"de-DE","potentialAction":[{"@type":"ReadAction","target":["https:\/\/www.interhotel-central.cz\/de\/zimmer\/suite-standard\/"]}]},{"@type":"ImageObject","inLanguage":"de-DE","@id":"https:\/\/www.interhotel-central.cz\/de\/zimmer\/suite-standard\/#primaryimage","url":"https:\/\/www.interhotel-central.cz\/wp-content\/uploads\/sites\/5\/2019\/02\/Interhotel-central-21-2.jpg","contentUrl":"https:\/\/www.interhotel-central.cz\/wp-content\/uploads\/sites\/5\/2019\/02\/Interhotel-central-21-2.jpg","width":2200,"height":1200},{"@type":"BreadcrumbList","@id":"https:\/\/www.interhotel-central.cz\/de\/zimmer\/suite-standard\/#breadcrumb","itemListElement":[{"@type":"ListItem","position":1,"name":"Home","item":"https:\/\/www.interhotel-central.cz\/de\/"},{"@type":"ListItem","position":2,"name":"Zimmer","item":"https:\/\/www.interhotel-central.cz\/de\/zimmer\/"},{"@type":"ListItem","position":3,"name":"Suite Standard"}]},{"@type":"WebSite","@id":"https:\/\/www.interhotel-central.cz\/de\/#website","url":"https:\/\/www.interhotel-central.cz\/de\/","name":"","description":"Just another ms.decms.eu site","potentialAction":[{"@type":"SearchAction","target":{"@type":"EntryPoint","urlTemplate":"https:\/\/www.interhotel-central.cz\/de\/?s={search_term_string}"},"query-input":{"@type":"PropertyValueSpecification","valueRequired":true,"valueName":"search_term_string"}}],"inLanguage":"de-DE"}]}},"acf":[],"_links":{"self":[{"href":"https:\/\/www.interhotel-central.cz\/de\/wp-json\/wp\/v2\/pages\/148","targetHints":{"allow":["GET"]}}],"collection":[{"href":"https:\/\/www.interhotel-central.cz\/de\/wp-json\/wp\/v2\/pages"}],"about":[{"href":"https:\/\/www.interhotel-central.cz\/de\/wp-json\/wp\/v2\/types\/page"}],"author":[{"embeddable":true,"href":"https:\/\/www.interhotel-central.cz\/de\/wp-json\/wp\/v2\/users\/6"}],"replies":[{"embeddable":true,"href":"https:\/\/www.interhotel-central.cz\/de\/wp-json\/wp\/v2\/comments?post=148"}],"version-history":[{"count":0,"href":"https:\/\/www.interhotel-central.cz\/de\/wp-json\/wp\/v2\/pages\/148\/revisions"}],"up":[{"embeddable":true,"href":"https:\/\/www.interhotel-central.cz\/de\/wp-json\/wp\/v2\/pages\/143"}],"wp:featuredmedia":[{"embeddable":true,"href":"https:\/\/www.interhotel-central.cz\/de\/wp-json\/wp\/v2\/media\/909"}],"wp:attachment":[{"href":"https:\/\/www.interhotel-central.cz\/de\/wp-json\/wp\/v2\/media?parent=148"}],"curies":[{"name":"wp","href":"https:\/\/api.w.org\/{rel}","templated":true}]}}