{"id":145,"date":"2019-02-18T16:41:16","date_gmt":"2019-02-18T16:41:16","guid":{"rendered":"http:\/\/interhotelcentral.ms.decms.eu\/?page_id=145"},"modified":"2019-02-18T16:41:16","modified_gmt":"2019-02-18T16:41:16","slug":"single-de-luxe","status":"publish","type":"page","link":"https:\/\/www.interhotel-central.cz\/de\/zimmer\/single-de-luxe\/","title":{"rendered":"Single De Luxe"},"content":{"rendered":"<p>Einen exklusiven Blick auf das Zentrum der Kurzone bieten die Zimmer der Kategorie SINGLE DE LUXE. Von der H\u00f6he der 5. Etage werden Sie einen Panoramablick auf den historischen Teil der Stadt und Fluss Tepla genie\u00dfen.<br \/>\nDie Gr\u00f6\u00dfe des Zimmers mit Badezimmer betr\u00e4gt 22 \u2013 25 m2. Die Zimmer verf\u00fcgen \u00fcber einen gro\u00dfen Balkon.<\/p>\n","protected":false},"excerpt":{"rendered":"<p>Einen exklusiven Blick auf das Zentrum der Kurzone bieten die Zimmer der Kategorie SINGLE DE [&hellip;]<\/p>\n","protected":false},"author":6,"featured_media":1029,"parent":143,"menu_order":22,"comment_status":"closed","ping_status":"closed","template":"template-single-room.php","meta":{"footnotes":""},"class_list":["post-145","page","type-page","status-publish","has-post-thumbnail","hentry"],"yoast_head":"<!-- This site is optimized with the Yoast SEO plugin v26.9 - https:\/\/yoast.com\/product\/yoast-seo-wordpress\/ -->\n<title>Single De Luxe -<\/title>\n<meta name=\"robots\" content=\"index, follow, max-snippet:-1, max-image-preview:large, max-video-preview:-1\" \/>\n<link rel=\"canonical\" href=\"https:\/\/www.interhotel-central.cz\/de\/zimmer\/single-de-luxe\/\" \/>\n<meta property=\"og:locale\" content=\"de_DE\" \/>\n<meta property=\"og:type\" content=\"article\" \/>\n<meta property=\"og:title\" content=\"Single De Luxe -\" \/>\n<meta property=\"og:description\" content=\"Einen exklusiven Blick auf das Zentrum der Kurzone bieten die Zimmer der Kategorie SINGLE DE [&hellip;]\" \/>\n<meta property=\"og:url\" content=\"https:\/\/www.interhotel-central.cz\/de\/zimmer\/single-de-luxe\/\" \/>\n<meta property=\"og:image\" content=\"https:\/\/www.interhotel-central.cz\/wp-content\/uploads\/sites\/5\/2019\/02\/Single-de-Luxe.jpg\" \/>\n\t<meta property=\"og:image:width\" content=\"2200\" \/>\n\t<meta property=\"og:image:height\" content=\"1200\" \/>\n\t<meta property=\"og:image:type\" content=\"image\/jpeg\" \/>\n<meta name=\"twitter:card\" content=\"summary_large_image\" \/>\n<script type=\"application\/ld+json\" class=\"yoast-schema-graph\">{\"@context\":\"https:\/\/schema.org\",\"@graph\":[{\"@type\":\"WebPage\",\"@id\":\"https:\/\/www.interhotel-central.cz\/de\/zimmer\/single-de-luxe\/\",\"url\":\"https:\/\/www.interhotel-central.cz\/de\/zimmer\/single-de-luxe\/\",\"name\":\"Single De Luxe -\",\"isPartOf\":{\"@id\":\"https:\/\/www.interhotel-central.cz\/de\/#website\"},\"primaryImageOfPage\":{\"@id\":\"https:\/\/www.interhotel-central.cz\/de\/zimmer\/single-de-luxe\/#primaryimage\"},\"image\":{\"@id\":\"https:\/\/www.interhotel-central.cz\/de\/zimmer\/single-de-luxe\/#primaryimage\"},\"thumbnailUrl\":\"https:\/\/www.interhotel-central.cz\/wp-content\/uploads\/sites\/5\/2019\/02\/Single-de-Luxe.jpg\",\"datePublished\":\"2019-02-18T16:41:16+00:00\",\"breadcrumb\":{\"@id\":\"https:\/\/www.interhotel-central.cz\/de\/zimmer\/single-de-luxe\/#breadcrumb\"},\"inLanguage\":\"de-DE\",\"potentialAction\":[{\"@type\":\"ReadAction\",\"target\":[\"https:\/\/www.interhotel-central.cz\/de\/zimmer\/single-de-luxe\/\"]}]},{\"@type\":\"ImageObject\",\"inLanguage\":\"de-DE\",\"@id\":\"https:\/\/www.interhotel-central.cz\/de\/zimmer\/single-de-luxe\/#primaryimage\",\"url\":\"https:\/\/www.interhotel-central.cz\/wp-content\/uploads\/sites\/5\/2019\/02\/Single-de-Luxe.jpg\",\"contentUrl\":\"https:\/\/www.interhotel-central.cz\/wp-content\/uploads\/sites\/5\/2019\/02\/Single-de-Luxe.jpg\",\"width\":2200,\"height\":1200},{\"@type\":\"BreadcrumbList\",\"@id\":\"https:\/\/www.interhotel-central.cz\/de\/zimmer\/single-de-luxe\/#breadcrumb\",\"itemListElement\":[{\"@type\":\"ListItem\",\"position\":1,\"name\":\"Home\",\"item\":\"https:\/\/www.interhotel-central.cz\/de\/\"},{\"@type\":\"ListItem\",\"position\":2,\"name\":\"Zimmer\",\"item\":\"https:\/\/www.interhotel-central.cz\/de\/zimmer\/\"},{\"@type\":\"ListItem\",\"position\":3,\"name\":\"Single De Luxe\"}]},{\"@type\":\"WebSite\",\"@id\":\"https:\/\/www.interhotel-central.cz\/de\/#website\",\"url\":\"https:\/\/www.interhotel-central.cz\/de\/\",\"name\":\"\",\"description\":\"Just another ms.decms.eu site\",\"potentialAction\":[{\"@type\":\"SearchAction\",\"target\":{\"@type\":\"EntryPoint\",\"urlTemplate\":\"https:\/\/www.interhotel-central.cz\/de\/?s={search_term_string}\"},\"query-input\":{\"@type\":\"PropertyValueSpecification\",\"valueRequired\":true,\"valueName\":\"search_term_string\"}}],\"inLanguage\":\"de-DE\"}]}<\/script>\n<!-- \/ Yoast SEO plugin. -->","yoast_head_json":{"title":"Single De Luxe -","robots":{"index":"index","follow":"follow","max-snippet":"max-snippet:-1","max-image-preview":"max-image-preview:large","max-video-preview":"max-video-preview:-1"},"canonical":"https:\/\/www.interhotel-central.cz\/de\/zimmer\/single-de-luxe\/","og_locale":"de_DE","og_type":"article","og_title":"Single De Luxe -","og_description":"Einen exklusiven Blick auf das Zentrum der Kurzone bieten die Zimmer der Kategorie SINGLE DE [&hellip;]","og_url":"https:\/\/www.interhotel-central.cz\/de\/zimmer\/single-de-luxe\/","og_image":[{"width":2200,"height":1200,"url":"https:\/\/www.interhotel-central.cz\/wp-content\/uploads\/sites\/5\/2019\/02\/Single-de-Luxe.jpg","type":"image\/jpeg"}],"twitter_card":"summary_large_image","schema":{"@context":"https:\/\/schema.org","@graph":[{"@type":"WebPage","@id":"https:\/\/www.interhotel-central.cz\/de\/zimmer\/single-de-luxe\/","url":"https:\/\/www.interhotel-central.cz\/de\/zimmer\/single-de-luxe\/","name":"Single De Luxe -","isPartOf":{"@id":"https:\/\/www.interhotel-central.cz\/de\/#website"},"primaryImageOfPage":{"@id":"https:\/\/www.interhotel-central.cz\/de\/zimmer\/single-de-luxe\/#primaryimage"},"image":{"@id":"https:\/\/www.interhotel-central.cz\/de\/zimmer\/single-de-luxe\/#primaryimage"},"thumbnailUrl":"https:\/\/www.interhotel-central.cz\/wp-content\/uploads\/sites\/5\/2019\/02\/Single-de-Luxe.jpg","datePublished":"2019-02-18T16:41:16+00:00","breadcrumb":{"@id":"https:\/\/www.interhotel-central.cz\/de\/zimmer\/single-de-luxe\/#breadcrumb"},"inLanguage":"de-DE","potentialAction":[{"@type":"ReadAction","target":["https:\/\/www.interhotel-central.cz\/de\/zimmer\/single-de-luxe\/"]}]},{"@type":"ImageObject","inLanguage":"de-DE","@id":"https:\/\/www.interhotel-central.cz\/de\/zimmer\/single-de-luxe\/#primaryimage","url":"https:\/\/www.interhotel-central.cz\/wp-content\/uploads\/sites\/5\/2019\/02\/Single-de-Luxe.jpg","contentUrl":"https:\/\/www.interhotel-central.cz\/wp-content\/uploads\/sites\/5\/2019\/02\/Single-de-Luxe.jpg","width":2200,"height":1200},{"@type":"BreadcrumbList","@id":"https:\/\/www.interhotel-central.cz\/de\/zimmer\/single-de-luxe\/#breadcrumb","itemListElement":[{"@type":"ListItem","position":1,"name":"Home","item":"https:\/\/www.interhotel-central.cz\/de\/"},{"@type":"ListItem","position":2,"name":"Zimmer","item":"https:\/\/www.interhotel-central.cz\/de\/zimmer\/"},{"@type":"ListItem","position":3,"name":"Single De Luxe"}]},{"@type":"WebSite","@id":"https:\/\/www.interhotel-central.cz\/de\/#website","url":"https:\/\/www.interhotel-central.cz\/de\/","name":"","description":"Just another ms.decms.eu site","potentialAction":[{"@type":"SearchAction","target":{"@type":"EntryPoint","urlTemplate":"https:\/\/www.interhotel-central.cz\/de\/?s={search_term_string}"},"query-input":{"@type":"PropertyValueSpecification","valueRequired":true,"valueName":"search_term_string"}}],"inLanguage":"de-DE"}]}},"acf":[],"_links":{"self":[{"href":"https:\/\/www.interhotel-central.cz\/de\/wp-json\/wp\/v2\/pages\/145","targetHints":{"allow":["GET"]}}],"collection":[{"href":"https:\/\/www.interhotel-central.cz\/de\/wp-json\/wp\/v2\/pages"}],"about":[{"href":"https:\/\/www.interhotel-central.cz\/de\/wp-json\/wp\/v2\/types\/page"}],"author":[{"embeddable":true,"href":"https:\/\/www.interhotel-central.cz\/de\/wp-json\/wp\/v2\/users\/6"}],"replies":[{"embeddable":true,"href":"https:\/\/www.interhotel-central.cz\/de\/wp-json\/wp\/v2\/comments?post=145"}],"version-history":[{"count":0,"href":"https:\/\/www.interhotel-central.cz\/de\/wp-json\/wp\/v2\/pages\/145\/revisions"}],"up":[{"embeddable":true,"href":"https:\/\/www.interhotel-central.cz\/de\/wp-json\/wp\/v2\/pages\/143"}],"wp:featuredmedia":[{"embeddable":true,"href":"https:\/\/www.interhotel-central.cz\/de\/wp-json\/wp\/v2\/media\/1029"}],"wp:attachment":[{"href":"https:\/\/www.interhotel-central.cz\/de\/wp-json\/wp\/v2\/media?parent=145"}],"curies":[{"name":"wp","href":"https:\/\/api.w.org\/{rel}","templated":true}]}}