{"id":1431,"date":"2025-09-19T11:42:44","date_gmt":"2025-09-19T11:42:44","guid":{"rendered":"https:\/\/www.interhotel-central.cz\/?page_id=1431"},"modified":"2025-12-16T07:55:47","modified_gmt":"2025-12-16T07:55:47","slug":"wellness-paket-3-5-tage","status":"publish","type":"page","link":"https:\/\/www.interhotel-central.cz\/de\/wellness-paket-3-5-tage\/","title":{"rendered":"WELLNESS-PAKET (2-4 N\u00e4chte)"},"content":{"rendered":"<p><strong>WELLNESS-PAKET<\/strong> (2-4 <span class=\"HwtZe\" lang=\"de\"><span class=\"jCAhz ChMk0b\"><span class=\"ryNqvb\">N\u00e4chte<\/span><\/span><\/span>)<br \/>\nHBT<br \/>\n(Fr\u00fchst\u00fcck und Abendessen)<br \/>\nPaket mit Unterkunft, Halbpension und Behandlungen<\/p>\n<p>Das Paket beinhaltet:<\/p>\n<p>&#8211; <strong>2 Behandlungen pro Tag<\/strong> \/ <span class=\"HwtZe\" lang=\"de\"><span class=\"jCAhz ChMk0b\"><span class=\"ryNqvb\">Angebotsliste:<\/span><\/span><\/span> Hydrojet, klassische Massage &#8211; 20 Minuten, Paraffinhandpackung, B\u00e4der, Inhalation, Sauerstofftherapie, Zahnfleischsp\u00fclung<br \/>\n&#8211; Begr\u00fc\u00dfungsgetr\u00e4nk (Becherovka) im Restaurant<br \/>\n&#8211; Halbpension (Fr\u00fchst\u00fcck und Abendessen), M\u00f6glichkeit, zus\u00e4tzliche Behandlungen und Mahlzeiten bei der Ankunft im Hotel zu kaufen.<br \/>\n&#8211; Schwimmbad <span class=\"HwtZe\" lang=\"de\"><span class=\"jCAhz ChMk0b\"><span class=\"ryNqvb\">mit Gegenstromanlage<\/span><\/span><\/span><br \/>\n&#8211; Whirpool<\/p>\n<p>&#8211; <span class=\"HwtZe\" lang=\"de\"><span class=\"jCAhz ChMk0b\"><span class=\"ryNqvb\">1x Eintritt in die private Sauna (60 Minuten) \u2013 Reservierung erforderlich<\/span><\/span><\/span><br \/>\n&#8211; Fitnessraum<br \/>\n&#8211; Billard<br \/>\n&#8211; Tischtennis<br \/>\n&#8211; Parkplatz gegen Aufpreis<br \/>\nDer Pauschalpreis ist unteilbar und nicht erstattungsf\u00e4hig.<\/p>\n<p><img loading=\"lazy\" decoding=\"async\" class=\"alignnone size-medium wp-image-1233\" src=\"https:\/\/www.interhotel-central.cz\/wp-content\/uploads\/sites\/5\/2019\/03\/interhotel-central-35-300x164.jpg\" alt=\"\" width=\"300\" height=\"164\" srcset=\"https:\/\/www.interhotel-central.cz\/wp-content\/uploads\/sites\/5\/2019\/03\/interhotel-central-35-300x164.jpg 300w, https:\/\/www.interhotel-central.cz\/wp-content\/uploads\/sites\/5\/2019\/03\/interhotel-central-35-768x419.jpg 768w, https:\/\/www.interhotel-central.cz\/wp-content\/uploads\/sites\/5\/2019\/03\/interhotel-central-35-1024x559.jpg 1024w, https:\/\/www.interhotel-central.cz\/wp-content\/uploads\/sites\/5\/2019\/03\/interhotel-central-35-1200x654.jpg 1200w, https:\/\/www.interhotel-central.cz\/wp-content\/uploads\/sites\/5\/2019\/03\/interhotel-central-35-992x541.jpg 992w\" sizes=\"auto, (max-width: 300px) 100vw, 300px\" \/><\/p>\n","protected":false},"excerpt":{"rendered":"<p>WELLNESS-PAKET (2-4 N\u00e4chte) HBT (Fr\u00fchst\u00fcck und Abendessen) Paket mit Unterkunft, Halbpension und Behandlungen Das Paket [&hellip;]<\/p>\n","protected":false},"author":532,"featured_media":0,"parent":0,"menu_order":0,"comment_status":"closed","ping_status":"closed","template":"","meta":{"footnotes":""},"class_list":["post-1431","page","type-page","status-publish","hentry"],"yoast_head":"<!-- This site is optimized with the Yoast SEO plugin v26.9 - https:\/\/yoast.com\/product\/yoast-seo-wordpress\/ -->\n<title>WELLNESS-PAKET (2-4 N\u00e4chte) -<\/title>\n<meta name=\"robots\" content=\"index, follow, max-snippet:-1, max-image-preview:large, max-video-preview:-1\" \/>\n<link rel=\"canonical\" href=\"https:\/\/www.interhotel-central.cz\/de\/wellness-paket-3-5-tage\/\" \/>\n<meta property=\"og:locale\" content=\"de_DE\" \/>\n<meta property=\"og:type\" content=\"article\" \/>\n<meta property=\"og:title\" content=\"WELLNESS-PAKET (2-4 N\u00e4chte) -\" \/>\n<meta property=\"og:description\" content=\"WELLNESS-PAKET (2-4 N\u00e4chte) HBT (Fr\u00fchst\u00fcck und Abendessen) Paket mit Unterkunft, Halbpension und Behandlungen Das Paket [&hellip;]\" \/>\n<meta property=\"og:url\" content=\"https:\/\/www.interhotel-central.cz\/de\/wellness-paket-3-5-tage\/\" \/>\n<meta property=\"article:modified_time\" content=\"2025-12-16T07:55:47+00:00\" \/>\n<meta property=\"og:image\" content=\"https:\/\/www.interhotel-central.cz\/wp-content\/uploads\/sites\/5\/2019\/03\/interhotel-central-35-300x164.jpg\" \/>\n<meta name=\"twitter:card\" content=\"summary_large_image\" \/>\n<meta name=\"twitter:label1\" content=\"Gesch\u00e4tzte Lesezeit\" \/>\n\t<meta name=\"twitter:data1\" content=\"1 Minute\" \/>\n<script type=\"application\/ld+json\" class=\"yoast-schema-graph\">{\"@context\":\"https:\/\/schema.org\",\"@graph\":[{\"@type\":\"WebPage\",\"@id\":\"https:\/\/www.interhotel-central.cz\/de\/wellness-paket-3-5-tage\/\",\"url\":\"https:\/\/www.interhotel-central.cz\/de\/wellness-paket-3-5-tage\/\",\"name\":\"WELLNESS-PAKET (2-4 N\u00e4chte) -\",\"isPartOf\":{\"@id\":\"https:\/\/www.interhotel-central.cz\/de\/#website\"},\"primaryImageOfPage\":{\"@id\":\"https:\/\/www.interhotel-central.cz\/de\/wellness-paket-3-5-tage\/#primaryimage\"},\"image\":{\"@id\":\"https:\/\/www.interhotel-central.cz\/de\/wellness-paket-3-5-tage\/#primaryimage\"},\"thumbnailUrl\":\"https:\/\/www.interhotel-central.cz\/wp-content\/uploads\/sites\/5\/2019\/03\/interhotel-central-35-300x164.jpg\",\"datePublished\":\"2025-09-19T11:42:44+00:00\",\"dateModified\":\"2025-12-16T07:55:47+00:00\",\"breadcrumb\":{\"@id\":\"https:\/\/www.interhotel-central.cz\/de\/wellness-paket-3-5-tage\/#breadcrumb\"},\"inLanguage\":\"de-DE\",\"potentialAction\":[{\"@type\":\"ReadAction\",\"target\":[\"https:\/\/www.interhotel-central.cz\/de\/wellness-paket-3-5-tage\/\"]}]},{\"@type\":\"ImageObject\",\"inLanguage\":\"de-DE\",\"@id\":\"https:\/\/www.interhotel-central.cz\/de\/wellness-paket-3-5-tage\/#primaryimage\",\"url\":\"https:\/\/www.interhotel-central.cz\/wp-content\/uploads\/sites\/5\/2019\/03\/interhotel-central-35-300x164.jpg\",\"contentUrl\":\"https:\/\/www.interhotel-central.cz\/wp-content\/uploads\/sites\/5\/2019\/03\/interhotel-central-35-300x164.jpg\"},{\"@type\":\"BreadcrumbList\",\"@id\":\"https:\/\/www.interhotel-central.cz\/de\/wellness-paket-3-5-tage\/#breadcrumb\",\"itemListElement\":[{\"@type\":\"ListItem\",\"position\":1,\"name\":\"Home\",\"item\":\"https:\/\/www.interhotel-central.cz\/de\/\"},{\"@type\":\"ListItem\",\"position\":2,\"name\":\"WELLNESS-PAKET (2-4 N\u00e4chte)\"}]},{\"@type\":\"WebSite\",\"@id\":\"https:\/\/www.interhotel-central.cz\/de\/#website\",\"url\":\"https:\/\/www.interhotel-central.cz\/de\/\",\"name\":\"\",\"description\":\"Just another ms.decms.eu site\",\"potentialAction\":[{\"@type\":\"SearchAction\",\"target\":{\"@type\":\"EntryPoint\",\"urlTemplate\":\"https:\/\/www.interhotel-central.cz\/de\/?s={search_term_string}\"},\"query-input\":{\"@type\":\"PropertyValueSpecification\",\"valueRequired\":true,\"valueName\":\"search_term_string\"}}],\"inLanguage\":\"de-DE\"}]}<\/script>\n<!-- \/ Yoast SEO plugin. -->","yoast_head_json":{"title":"WELLNESS-PAKET (2-4 N\u00e4chte) -","robots":{"index":"index","follow":"follow","max-snippet":"max-snippet:-1","max-image-preview":"max-image-preview:large","max-video-preview":"max-video-preview:-1"},"canonical":"https:\/\/www.interhotel-central.cz\/de\/wellness-paket-3-5-tage\/","og_locale":"de_DE","og_type":"article","og_title":"WELLNESS-PAKET (2-4 N\u00e4chte) -","og_description":"WELLNESS-PAKET (2-4 N\u00e4chte) HBT (Fr\u00fchst\u00fcck und Abendessen) Paket mit Unterkunft, Halbpension und Behandlungen Das Paket [&hellip;]","og_url":"https:\/\/www.interhotel-central.cz\/de\/wellness-paket-3-5-tage\/","article_modified_time":"2025-12-16T07:55:47+00:00","og_image":[{"url":"https:\/\/www.interhotel-central.cz\/wp-content\/uploads\/sites\/5\/2019\/03\/interhotel-central-35-300x164.jpg","type":"","width":"","height":""}],"twitter_card":"summary_large_image","twitter_misc":{"Gesch\u00e4tzte Lesezeit":"1 Minute"},"schema":{"@context":"https:\/\/schema.org","@graph":[{"@type":"WebPage","@id":"https:\/\/www.interhotel-central.cz\/de\/wellness-paket-3-5-tage\/","url":"https:\/\/www.interhotel-central.cz\/de\/wellness-paket-3-5-tage\/","name":"WELLNESS-PAKET (2-4 N\u00e4chte) -","isPartOf":{"@id":"https:\/\/www.interhotel-central.cz\/de\/#website"},"primaryImageOfPage":{"@id":"https:\/\/www.interhotel-central.cz\/de\/wellness-paket-3-5-tage\/#primaryimage"},"image":{"@id":"https:\/\/www.interhotel-central.cz\/de\/wellness-paket-3-5-tage\/#primaryimage"},"thumbnailUrl":"https:\/\/www.interhotel-central.cz\/wp-content\/uploads\/sites\/5\/2019\/03\/interhotel-central-35-300x164.jpg","datePublished":"2025-09-19T11:42:44+00:00","dateModified":"2025-12-16T07:55:47+00:00","breadcrumb":{"@id":"https:\/\/www.interhotel-central.cz\/de\/wellness-paket-3-5-tage\/#breadcrumb"},"inLanguage":"de-DE","potentialAction":[{"@type":"ReadAction","target":["https:\/\/www.interhotel-central.cz\/de\/wellness-paket-3-5-tage\/"]}]},{"@type":"ImageObject","inLanguage":"de-DE","@id":"https:\/\/www.interhotel-central.cz\/de\/wellness-paket-3-5-tage\/#primaryimage","url":"https:\/\/www.interhotel-central.cz\/wp-content\/uploads\/sites\/5\/2019\/03\/interhotel-central-35-300x164.jpg","contentUrl":"https:\/\/www.interhotel-central.cz\/wp-content\/uploads\/sites\/5\/2019\/03\/interhotel-central-35-300x164.jpg"},{"@type":"BreadcrumbList","@id":"https:\/\/www.interhotel-central.cz\/de\/wellness-paket-3-5-tage\/#breadcrumb","itemListElement":[{"@type":"ListItem","position":1,"name":"Home","item":"https:\/\/www.interhotel-central.cz\/de\/"},{"@type":"ListItem","position":2,"name":"WELLNESS-PAKET (2-4 N\u00e4chte)"}]},{"@type":"WebSite","@id":"https:\/\/www.interhotel-central.cz\/de\/#website","url":"https:\/\/www.interhotel-central.cz\/de\/","name":"","description":"Just another ms.decms.eu site","potentialAction":[{"@type":"SearchAction","target":{"@type":"EntryPoint","urlTemplate":"https:\/\/www.interhotel-central.cz\/de\/?s={search_term_string}"},"query-input":{"@type":"PropertyValueSpecification","valueRequired":true,"valueName":"search_term_string"}}],"inLanguage":"de-DE"}]}},"acf":[],"_links":{"self":[{"href":"https:\/\/www.interhotel-central.cz\/de\/wp-json\/wp\/v2\/pages\/1431","targetHints":{"allow":["GET"]}}],"collection":[{"href":"https:\/\/www.interhotel-central.cz\/de\/wp-json\/wp\/v2\/pages"}],"about":[{"href":"https:\/\/www.interhotel-central.cz\/de\/wp-json\/wp\/v2\/types\/page"}],"author":[{"embeddable":true,"href":"https:\/\/www.interhotel-central.cz\/de\/wp-json\/wp\/v2\/users\/532"}],"replies":[{"embeddable":true,"href":"https:\/\/www.interhotel-central.cz\/de\/wp-json\/wp\/v2\/comments?post=1431"}],"version-history":[{"count":0,"href":"https:\/\/www.interhotel-central.cz\/de\/wp-json\/wp\/v2\/pages\/1431\/revisions"}],"wp:attachment":[{"href":"https:\/\/www.interhotel-central.cz\/de\/wp-json\/wp\/v2\/media?parent=1431"}],"curies":[{"name":"wp","href":"https:\/\/api.w.org\/{rel}","templated":true}]}}