{"id":142,"date":"2019-02-18T16:39:18","date_gmt":"2019-02-18T16:39:18","guid":{"rendered":"http:\/\/interhotelcentral.ms.decms.eu\/?page_id=142"},"modified":"2019-02-18T16:39:18","modified_gmt":"2019-02-18T16:39:18","slug":"gruppenunterkuenfte","status":"publish","type":"page","link":"https:\/\/www.interhotel-central.cz\/de\/gruppenunterkuenfte\/","title":{"rendered":"Gruppenunterk\u00fcnfte"},"content":{"rendered":"<p>Wenn Sie eine Gruppenreise nach Karlsbad planen, um an einem Ausflug, Feier, Konferenz oder Seminar teilzunehmen, bietet unser Hotel eine komfortable Unterkunft zu besonderen Preiskonditionen an. Unser Hotel ist ideal f\u00fcr die Touristen- und Gesch\u00e4ftsgruppen, die eine komfortable Unterkunft in Karlovy Vary zu g\u00fcnstigen Preisen suchen. Das Hotel liegt in der N\u00e4he von den wichtigsten Sehensw\u00fcrdigkeiten, Gesch\u00e4ften und Restaurants. Unseren\u00a0 G\u00e4sten steht ein Konferenzraum f\u00fcr Gesch\u00e4ftstreffen, Tagungen, Pr\u00e4sentationen oder private Treffen zur Verf\u00fcgung. Nicht weit vom Hotel befindet sich ein Parkplatz f\u00fcr gro\u00dfe Busse.<br \/>\nDie PKWs kann man in der Hotelgarage parken. F\u00fcr Gruppenanfragen kontaktieren Sie uns bitte<br \/>\nunter: +420\u00a0353\u00a0182\u00a0630 oder per E-Mail:\u00a0<a href=\"mailto:reservation@interhotel-central.cz\">reservation@interhotel-central.cz<\/a><\/p>\n","protected":false},"excerpt":{"rendered":"<p>Wenn Sie eine Gruppenreise nach Karlsbad planen, um an einem Ausflug, Feier, Konferenz oder Seminar [&hellip;]<\/p>\n","protected":false},"author":6,"featured_media":263,"parent":0,"menu_order":150,"comment_status":"closed","ping_status":"closed","template":"","meta":{"footnotes":""},"class_list":["post-142","page","type-page","status-publish","has-post-thumbnail","hentry"],"yoast_head":"<!-- This site is optimized with the Yoast SEO plugin v26.9 - https:\/\/yoast.com\/product\/yoast-seo-wordpress\/ -->\n<title>Gruppenunterk\u00fcnfte -<\/title>\n<meta name=\"robots\" content=\"index, follow, max-snippet:-1, max-image-preview:large, max-video-preview:-1\" \/>\n<link rel=\"canonical\" href=\"https:\/\/www.interhotel-central.cz\/de\/gruppenunterkuenfte\/\" \/>\n<meta property=\"og:locale\" content=\"de_DE\" \/>\n<meta property=\"og:type\" content=\"article\" \/>\n<meta property=\"og:title\" content=\"Gruppenunterk\u00fcnfte -\" \/>\n<meta property=\"og:description\" content=\"Wenn Sie eine Gruppenreise nach Karlsbad planen, um an einem Ausflug, Feier, Konferenz oder Seminar [&hellip;]\" \/>\n<meta property=\"og:url\" content=\"https:\/\/www.interhotel-central.cz\/de\/gruppenunterkuenfte\/\" \/>\n<meta property=\"og:image\" content=\"https:\/\/www.interhotel-central.cz\/wp-content\/uploads\/sites\/5\/2019\/02\/bonding-1985863.jpg\" \/>\n\t<meta property=\"og:image:width\" content=\"2200\" \/>\n\t<meta property=\"og:image:height\" content=\"1200\" \/>\n\t<meta property=\"og:image:type\" content=\"image\/jpeg\" \/>\n<meta name=\"twitter:card\" content=\"summary_large_image\" \/>\n<meta name=\"twitter:label1\" content=\"Gesch\u00e4tzte Lesezeit\" \/>\n\t<meta name=\"twitter:data1\" content=\"1 Minute\" \/>\n<script type=\"application\/ld+json\" class=\"yoast-schema-graph\">{\"@context\":\"https:\/\/schema.org\",\"@graph\":[{\"@type\":\"WebPage\",\"@id\":\"https:\/\/www.interhotel-central.cz\/de\/gruppenunterkuenfte\/\",\"url\":\"https:\/\/www.interhotel-central.cz\/de\/gruppenunterkuenfte\/\",\"name\":\"Gruppenunterk\u00fcnfte -\",\"isPartOf\":{\"@id\":\"https:\/\/www.interhotel-central.cz\/de\/#website\"},\"primaryImageOfPage\":{\"@id\":\"https:\/\/www.interhotel-central.cz\/de\/gruppenunterkuenfte\/#primaryimage\"},\"image\":{\"@id\":\"https:\/\/www.interhotel-central.cz\/de\/gruppenunterkuenfte\/#primaryimage\"},\"thumbnailUrl\":\"https:\/\/www.interhotel-central.cz\/wp-content\/uploads\/sites\/5\/2019\/02\/bonding-1985863.jpg\",\"datePublished\":\"2019-02-18T16:39:18+00:00\",\"breadcrumb\":{\"@id\":\"https:\/\/www.interhotel-central.cz\/de\/gruppenunterkuenfte\/#breadcrumb\"},\"inLanguage\":\"de-DE\",\"potentialAction\":[{\"@type\":\"ReadAction\",\"target\":[\"https:\/\/www.interhotel-central.cz\/de\/gruppenunterkuenfte\/\"]}]},{\"@type\":\"ImageObject\",\"inLanguage\":\"de-DE\",\"@id\":\"https:\/\/www.interhotel-central.cz\/de\/gruppenunterkuenfte\/#primaryimage\",\"url\":\"https:\/\/www.interhotel-central.cz\/wp-content\/uploads\/sites\/5\/2019\/02\/bonding-1985863.jpg\",\"contentUrl\":\"https:\/\/www.interhotel-central.cz\/wp-content\/uploads\/sites\/5\/2019\/02\/bonding-1985863.jpg\",\"width\":2200,\"height\":1200},{\"@type\":\"BreadcrumbList\",\"@id\":\"https:\/\/www.interhotel-central.cz\/de\/gruppenunterkuenfte\/#breadcrumb\",\"itemListElement\":[{\"@type\":\"ListItem\",\"position\":1,\"name\":\"Home\",\"item\":\"https:\/\/www.interhotel-central.cz\/de\/\"},{\"@type\":\"ListItem\",\"position\":2,\"name\":\"Gruppenunterk\u00fcnfte\"}]},{\"@type\":\"WebSite\",\"@id\":\"https:\/\/www.interhotel-central.cz\/de\/#website\",\"url\":\"https:\/\/www.interhotel-central.cz\/de\/\",\"name\":\"\",\"description\":\"Just another ms.decms.eu site\",\"potentialAction\":[{\"@type\":\"SearchAction\",\"target\":{\"@type\":\"EntryPoint\",\"urlTemplate\":\"https:\/\/www.interhotel-central.cz\/de\/?s={search_term_string}\"},\"query-input\":{\"@type\":\"PropertyValueSpecification\",\"valueRequired\":true,\"valueName\":\"search_term_string\"}}],\"inLanguage\":\"de-DE\"}]}<\/script>\n<!-- \/ Yoast SEO plugin. -->","yoast_head_json":{"title":"Gruppenunterk\u00fcnfte -","robots":{"index":"index","follow":"follow","max-snippet":"max-snippet:-1","max-image-preview":"max-image-preview:large","max-video-preview":"max-video-preview:-1"},"canonical":"https:\/\/www.interhotel-central.cz\/de\/gruppenunterkuenfte\/","og_locale":"de_DE","og_type":"article","og_title":"Gruppenunterk\u00fcnfte -","og_description":"Wenn Sie eine Gruppenreise nach Karlsbad planen, um an einem Ausflug, Feier, Konferenz oder Seminar [&hellip;]","og_url":"https:\/\/www.interhotel-central.cz\/de\/gruppenunterkuenfte\/","og_image":[{"width":2200,"height":1200,"url":"https:\/\/www.interhotel-central.cz\/wp-content\/uploads\/sites\/5\/2019\/02\/bonding-1985863.jpg","type":"image\/jpeg"}],"twitter_card":"summary_large_image","twitter_misc":{"Gesch\u00e4tzte Lesezeit":"1 Minute"},"schema":{"@context":"https:\/\/schema.org","@graph":[{"@type":"WebPage","@id":"https:\/\/www.interhotel-central.cz\/de\/gruppenunterkuenfte\/","url":"https:\/\/www.interhotel-central.cz\/de\/gruppenunterkuenfte\/","name":"Gruppenunterk\u00fcnfte -","isPartOf":{"@id":"https:\/\/www.interhotel-central.cz\/de\/#website"},"primaryImageOfPage":{"@id":"https:\/\/www.interhotel-central.cz\/de\/gruppenunterkuenfte\/#primaryimage"},"image":{"@id":"https:\/\/www.interhotel-central.cz\/de\/gruppenunterkuenfte\/#primaryimage"},"thumbnailUrl":"https:\/\/www.interhotel-central.cz\/wp-content\/uploads\/sites\/5\/2019\/02\/bonding-1985863.jpg","datePublished":"2019-02-18T16:39:18+00:00","breadcrumb":{"@id":"https:\/\/www.interhotel-central.cz\/de\/gruppenunterkuenfte\/#breadcrumb"},"inLanguage":"de-DE","potentialAction":[{"@type":"ReadAction","target":["https:\/\/www.interhotel-central.cz\/de\/gruppenunterkuenfte\/"]}]},{"@type":"ImageObject","inLanguage":"de-DE","@id":"https:\/\/www.interhotel-central.cz\/de\/gruppenunterkuenfte\/#primaryimage","url":"https:\/\/www.interhotel-central.cz\/wp-content\/uploads\/sites\/5\/2019\/02\/bonding-1985863.jpg","contentUrl":"https:\/\/www.interhotel-central.cz\/wp-content\/uploads\/sites\/5\/2019\/02\/bonding-1985863.jpg","width":2200,"height":1200},{"@type":"BreadcrumbList","@id":"https:\/\/www.interhotel-central.cz\/de\/gruppenunterkuenfte\/#breadcrumb","itemListElement":[{"@type":"ListItem","position":1,"name":"Home","item":"https:\/\/www.interhotel-central.cz\/de\/"},{"@type":"ListItem","position":2,"name":"Gruppenunterk\u00fcnfte"}]},{"@type":"WebSite","@id":"https:\/\/www.interhotel-central.cz\/de\/#website","url":"https:\/\/www.interhotel-central.cz\/de\/","name":"","description":"Just another ms.decms.eu site","potentialAction":[{"@type":"SearchAction","target":{"@type":"EntryPoint","urlTemplate":"https:\/\/www.interhotel-central.cz\/de\/?s={search_term_string}"},"query-input":{"@type":"PropertyValueSpecification","valueRequired":true,"valueName":"search_term_string"}}],"inLanguage":"de-DE"}]}},"acf":[],"_links":{"self":[{"href":"https:\/\/www.interhotel-central.cz\/de\/wp-json\/wp\/v2\/pages\/142","targetHints":{"allow":["GET"]}}],"collection":[{"href":"https:\/\/www.interhotel-central.cz\/de\/wp-json\/wp\/v2\/pages"}],"about":[{"href":"https:\/\/www.interhotel-central.cz\/de\/wp-json\/wp\/v2\/types\/page"}],"author":[{"embeddable":true,"href":"https:\/\/www.interhotel-central.cz\/de\/wp-json\/wp\/v2\/users\/6"}],"replies":[{"embeddable":true,"href":"https:\/\/www.interhotel-central.cz\/de\/wp-json\/wp\/v2\/comments?post=142"}],"version-history":[{"count":0,"href":"https:\/\/www.interhotel-central.cz\/de\/wp-json\/wp\/v2\/pages\/142\/revisions"}],"wp:featuredmedia":[{"embeddable":true,"href":"https:\/\/www.interhotel-central.cz\/de\/wp-json\/wp\/v2\/media\/263"}],"wp:attachment":[{"href":"https:\/\/www.interhotel-central.cz\/de\/wp-json\/wp\/v2\/media?parent=142"}],"curies":[{"name":"wp","href":"https:\/\/api.w.org\/{rel}","templated":true}]}}