{"id":1145,"date":"2019-03-08T11:39:05","date_gmt":"2019-03-08T11:39:05","guid":{"rendered":"http:\/\/interhotelcentral.ms.decms.eu\/?page_id=1145"},"modified":"2026-02-17T14:30:02","modified_gmt":"2026-02-17T14:30:02","slug":"schwimmbad-und-whirlpool","status":"publish","type":"page","link":"https:\/\/www.interhotel-central.cz\/de\/dienstleistungen\/schwimmbad-und-whirlpool\/","title":{"rendered":"Schwimmbad und Whirlpool"},"content":{"rendered":"<p data-start=\"803\" data-end=\"1036\">Das gro\u00dfe Schwimmbad (15 \u00d7 9 Meter) mit Gegenstromanlage bietet Hotelg\u00e4sten ganzj\u00e4hrig Erfrischung und angenehme Entspannung. Es ist der ideale Ort sowohl f\u00fcr aktive Bewegung als auch f\u00fcr ruhige Erholung nach einem anstrengenden Tag. Die Wassertemperatur wird bei angenehmen 28 \u00b0C gehalten und entspricht den Normen des Gesundheitsministeriums der Tschechischen Republik. Das Schwimmbad ist f\u00fcr Freizeitschwimmen vorgesehen und f\u00fcr G\u00e4ste aller Altersgruppen geeignet.<\/p>\n<p data-start=\"1038\" data-end=\"1271\">Zum Poolbereich geh\u00f6rt auch ein Whirlpool, der Muskelverspannungen l\u00f6st, Stress reduziert und die Regeneration des K\u00f6rpers unterst\u00fctzt. Das warme Wasser f\u00f6rdert die Durchblutung und vermittelt ein angenehmes Gef\u00fchl des Wohlbefindens.<\/p>\n<p><span class=\"HwtZe\" lang=\"de\"><span class=\"jCAhz ChMk0b\"><span class=\"ryNqvb\">Alle G\u00e4ste, die ein Kur- oder Wellnesspaket gebucht haben, sowie Hotelg\u00e4ste, die direkt \u00fcber die Reservierungsabteilung oder die Hotelwebsite reserviert haben, k\u00f6nnen den Innenpool und den Whirlpool im Preis inbegriffen nutzen.<\/span><\/span> <\/span><\/p>\n<p><span class=\"HwtZe\" lang=\"de\"><span class=\"jCAhz ChMk0b\"><span class=\"ryNqvb\">F\u00fcr alle anderen Hotelg\u00e4ste betr\u00e4gt der Eintritt zum Pool 5 \u20ac pro Person und Tag.<\/span><\/span><\/span><\/p>\n<p>\u00d6ffnungszeiten: 8.00 &#8211; 19.00 Uhr<\/p>\n","protected":false},"excerpt":{"rendered":"<p>Das gro\u00dfe Schwimmbad (15 \u00d7 9 Meter) mit Gegenstromanlage bietet Hotelg\u00e4sten ganzj\u00e4hrig Erfrischung und angenehme [&hellip;]<\/p>\n","protected":false},"author":6,"featured_media":1192,"parent":1129,"menu_order":110,"comment_status":"closed","ping_status":"closed","template":"","meta":{"footnotes":""},"class_list":["post-1145","page","type-page","status-publish","has-post-thumbnail","hentry"],"yoast_head":"<!-- This site is optimized with the Yoast SEO plugin v26.9 - https:\/\/yoast.com\/product\/yoast-seo-wordpress\/ -->\n<title>Schwimmbad und Whirlpool -<\/title>\n<meta name=\"robots\" content=\"index, follow, max-snippet:-1, max-image-preview:large, max-video-preview:-1\" \/>\n<link rel=\"canonical\" href=\"https:\/\/www.interhotel-central.cz\/de\/dienstleistungen\/schwimmbad-und-whirlpool\/\" \/>\n<meta property=\"og:locale\" content=\"de_DE\" \/>\n<meta property=\"og:type\" content=\"article\" \/>\n<meta property=\"og:title\" content=\"Schwimmbad und Whirlpool -\" \/>\n<meta property=\"og:description\" content=\"Das gro\u00dfe Schwimmbad (15 \u00d7 9 Meter) mit Gegenstromanlage bietet Hotelg\u00e4sten ganzj\u00e4hrig Erfrischung und angenehme [&hellip;]\" \/>\n<meta property=\"og:url\" content=\"https:\/\/www.interhotel-central.cz\/de\/dienstleistungen\/schwimmbad-und-whirlpool\/\" \/>\n<meta property=\"article:modified_time\" content=\"2026-02-17T14:30:02+00:00\" \/>\n<meta property=\"og:image\" content=\"https:\/\/www.interhotel-central.cz\/wp-content\/uploads\/sites\/5\/2019\/03\/interhotel-central-9.jpg\" \/>\n\t<meta property=\"og:image:width\" content=\"2200\" \/>\n\t<meta property=\"og:image:height\" content=\"1200\" \/>\n\t<meta property=\"og:image:type\" content=\"image\/jpeg\" \/>\n<meta name=\"twitter:card\" content=\"summary_large_image\" \/>\n<meta name=\"twitter:label1\" content=\"Gesch\u00e4tzte Lesezeit\" \/>\n\t<meta name=\"twitter:data1\" content=\"1 Minute\" \/>\n<script type=\"application\/ld+json\" class=\"yoast-schema-graph\">{\"@context\":\"https:\/\/schema.org\",\"@graph\":[{\"@type\":\"WebPage\",\"@id\":\"https:\/\/www.interhotel-central.cz\/de\/dienstleistungen\/schwimmbad-und-whirlpool\/\",\"url\":\"https:\/\/www.interhotel-central.cz\/de\/dienstleistungen\/schwimmbad-und-whirlpool\/\",\"name\":\"Schwimmbad und Whirlpool -\",\"isPartOf\":{\"@id\":\"https:\/\/www.interhotel-central.cz\/de\/#website\"},\"primaryImageOfPage\":{\"@id\":\"https:\/\/www.interhotel-central.cz\/de\/dienstleistungen\/schwimmbad-und-whirlpool\/#primaryimage\"},\"image\":{\"@id\":\"https:\/\/www.interhotel-central.cz\/de\/dienstleistungen\/schwimmbad-und-whirlpool\/#primaryimage\"},\"thumbnailUrl\":\"https:\/\/www.interhotel-central.cz\/wp-content\/uploads\/sites\/5\/2019\/03\/interhotel-central-9.jpg\",\"datePublished\":\"2019-03-08T11:39:05+00:00\",\"dateModified\":\"2026-02-17T14:30:02+00:00\",\"breadcrumb\":{\"@id\":\"https:\/\/www.interhotel-central.cz\/de\/dienstleistungen\/schwimmbad-und-whirlpool\/#breadcrumb\"},\"inLanguage\":\"de-DE\",\"potentialAction\":[{\"@type\":\"ReadAction\",\"target\":[\"https:\/\/www.interhotel-central.cz\/de\/dienstleistungen\/schwimmbad-und-whirlpool\/\"]}]},{\"@type\":\"ImageObject\",\"inLanguage\":\"de-DE\",\"@id\":\"https:\/\/www.interhotel-central.cz\/de\/dienstleistungen\/schwimmbad-und-whirlpool\/#primaryimage\",\"url\":\"https:\/\/www.interhotel-central.cz\/wp-content\/uploads\/sites\/5\/2019\/03\/interhotel-central-9.jpg\",\"contentUrl\":\"https:\/\/www.interhotel-central.cz\/wp-content\/uploads\/sites\/5\/2019\/03\/interhotel-central-9.jpg\",\"width\":2200,\"height\":1200},{\"@type\":\"BreadcrumbList\",\"@id\":\"https:\/\/www.interhotel-central.cz\/de\/dienstleistungen\/schwimmbad-und-whirlpool\/#breadcrumb\",\"itemListElement\":[{\"@type\":\"ListItem\",\"position\":1,\"name\":\"Home\",\"item\":\"https:\/\/www.interhotel-central.cz\/de\/\"},{\"@type\":\"ListItem\",\"position\":2,\"name\":\"Dienstleistungen\",\"item\":\"https:\/\/www.interhotel-central.cz\/de\/dienstleistungen\/\"},{\"@type\":\"ListItem\",\"position\":3,\"name\":\"Schwimmbad und Whirlpool\"}]},{\"@type\":\"WebSite\",\"@id\":\"https:\/\/www.interhotel-central.cz\/de\/#website\",\"url\":\"https:\/\/www.interhotel-central.cz\/de\/\",\"name\":\"\",\"description\":\"Just another ms.decms.eu site\",\"potentialAction\":[{\"@type\":\"SearchAction\",\"target\":{\"@type\":\"EntryPoint\",\"urlTemplate\":\"https:\/\/www.interhotel-central.cz\/de\/?s={search_term_string}\"},\"query-input\":{\"@type\":\"PropertyValueSpecification\",\"valueRequired\":true,\"valueName\":\"search_term_string\"}}],\"inLanguage\":\"de-DE\"}]}<\/script>\n<!-- \/ Yoast SEO plugin. -->","yoast_head_json":{"title":"Schwimmbad und Whirlpool -","robots":{"index":"index","follow":"follow","max-snippet":"max-snippet:-1","max-image-preview":"max-image-preview:large","max-video-preview":"max-video-preview:-1"},"canonical":"https:\/\/www.interhotel-central.cz\/de\/dienstleistungen\/schwimmbad-und-whirlpool\/","og_locale":"de_DE","og_type":"article","og_title":"Schwimmbad und Whirlpool -","og_description":"Das gro\u00dfe Schwimmbad (15 \u00d7 9 Meter) mit Gegenstromanlage bietet Hotelg\u00e4sten ganzj\u00e4hrig Erfrischung und angenehme [&hellip;]","og_url":"https:\/\/www.interhotel-central.cz\/de\/dienstleistungen\/schwimmbad-und-whirlpool\/","article_modified_time":"2026-02-17T14:30:02+00:00","og_image":[{"width":2200,"height":1200,"url":"https:\/\/www.interhotel-central.cz\/wp-content\/uploads\/sites\/5\/2019\/03\/interhotel-central-9.jpg","type":"image\/jpeg"}],"twitter_card":"summary_large_image","twitter_misc":{"Gesch\u00e4tzte Lesezeit":"1 Minute"},"schema":{"@context":"https:\/\/schema.org","@graph":[{"@type":"WebPage","@id":"https:\/\/www.interhotel-central.cz\/de\/dienstleistungen\/schwimmbad-und-whirlpool\/","url":"https:\/\/www.interhotel-central.cz\/de\/dienstleistungen\/schwimmbad-und-whirlpool\/","name":"Schwimmbad und Whirlpool -","isPartOf":{"@id":"https:\/\/www.interhotel-central.cz\/de\/#website"},"primaryImageOfPage":{"@id":"https:\/\/www.interhotel-central.cz\/de\/dienstleistungen\/schwimmbad-und-whirlpool\/#primaryimage"},"image":{"@id":"https:\/\/www.interhotel-central.cz\/de\/dienstleistungen\/schwimmbad-und-whirlpool\/#primaryimage"},"thumbnailUrl":"https:\/\/www.interhotel-central.cz\/wp-content\/uploads\/sites\/5\/2019\/03\/interhotel-central-9.jpg","datePublished":"2019-03-08T11:39:05+00:00","dateModified":"2026-02-17T14:30:02+00:00","breadcrumb":{"@id":"https:\/\/www.interhotel-central.cz\/de\/dienstleistungen\/schwimmbad-und-whirlpool\/#breadcrumb"},"inLanguage":"de-DE","potentialAction":[{"@type":"ReadAction","target":["https:\/\/www.interhotel-central.cz\/de\/dienstleistungen\/schwimmbad-und-whirlpool\/"]}]},{"@type":"ImageObject","inLanguage":"de-DE","@id":"https:\/\/www.interhotel-central.cz\/de\/dienstleistungen\/schwimmbad-und-whirlpool\/#primaryimage","url":"https:\/\/www.interhotel-central.cz\/wp-content\/uploads\/sites\/5\/2019\/03\/interhotel-central-9.jpg","contentUrl":"https:\/\/www.interhotel-central.cz\/wp-content\/uploads\/sites\/5\/2019\/03\/interhotel-central-9.jpg","width":2200,"height":1200},{"@type":"BreadcrumbList","@id":"https:\/\/www.interhotel-central.cz\/de\/dienstleistungen\/schwimmbad-und-whirlpool\/#breadcrumb","itemListElement":[{"@type":"ListItem","position":1,"name":"Home","item":"https:\/\/www.interhotel-central.cz\/de\/"},{"@type":"ListItem","position":2,"name":"Dienstleistungen","item":"https:\/\/www.interhotel-central.cz\/de\/dienstleistungen\/"},{"@type":"ListItem","position":3,"name":"Schwimmbad und Whirlpool"}]},{"@type":"WebSite","@id":"https:\/\/www.interhotel-central.cz\/de\/#website","url":"https:\/\/www.interhotel-central.cz\/de\/","name":"","description":"Just another ms.decms.eu site","potentialAction":[{"@type":"SearchAction","target":{"@type":"EntryPoint","urlTemplate":"https:\/\/www.interhotel-central.cz\/de\/?s={search_term_string}"},"query-input":{"@type":"PropertyValueSpecification","valueRequired":true,"valueName":"search_term_string"}}],"inLanguage":"de-DE"}]}},"acf":[],"_links":{"self":[{"href":"https:\/\/www.interhotel-central.cz\/de\/wp-json\/wp\/v2\/pages\/1145","targetHints":{"allow":["GET"]}}],"collection":[{"href":"https:\/\/www.interhotel-central.cz\/de\/wp-json\/wp\/v2\/pages"}],"about":[{"href":"https:\/\/www.interhotel-central.cz\/de\/wp-json\/wp\/v2\/types\/page"}],"author":[{"embeddable":true,"href":"https:\/\/www.interhotel-central.cz\/de\/wp-json\/wp\/v2\/users\/6"}],"replies":[{"embeddable":true,"href":"https:\/\/www.interhotel-central.cz\/de\/wp-json\/wp\/v2\/comments?post=1145"}],"version-history":[{"count":0,"href":"https:\/\/www.interhotel-central.cz\/de\/wp-json\/wp\/v2\/pages\/1145\/revisions"}],"up":[{"embeddable":true,"href":"https:\/\/www.interhotel-central.cz\/de\/wp-json\/wp\/v2\/pages\/1129"}],"wp:featuredmedia":[{"embeddable":true,"href":"https:\/\/www.interhotel-central.cz\/de\/wp-json\/wp\/v2\/media\/1192"}],"wp:attachment":[{"href":"https:\/\/www.interhotel-central.cz\/de\/wp-json\/wp\/v2\/media?parent=1145"}],"curies":[{"name":"wp","href":"https:\/\/api.w.org\/{rel}","templated":true}]}}