{"id":82,"date":"2019-02-18T16:01:24","date_gmt":"2019-02-18T16:01:24","guid":{"rendered":"http:\/\/interhotelcentral.ms.decms.eu\/?page_id=82"},"modified":"2022-12-19T09:42:40","modified_gmt":"2022-12-19T09:42:40","slug":"masaz-na-vodnim-luzku-velusjet","status":"publish","type":"page","link":"https:\/\/www.interhotel-central.cz\/cs\/aktuality-a-novinky\/masaz-na-vodnim-luzku-velusjet\/","title":{"rendered":"Mas\u00e1\u017e na vodn\u00edm l\u016f\u017eku HydroJet"},"content":{"rendered":"<p><strong>Procedura HydroJet<\/strong> je mechanick\u00e1 mas\u00e1\u017e na vodn\u00edm l\u016f\u017eku se syst\u00e9mem \u0159\u00edzen\u00fdch vodn\u00edch trysek. Prov\u00e1d\u00ed se 20 minut celot\u011blov\u011b nebo s mo\u017enost\u00ed vynech\u00e1n\u00ed problematick\u00fdch lokalit.<\/p>\n<p><strong>Mezi hlavn\u00ed \u00fa\u010dinky pat\u0159\u00ed:<\/strong><\/p>\n<ul>\n<li>zlep\u0161en\u00ed stavu pohybov\u00e9ho apar\u00e1tu, zm\u00edrn\u011bn\u00ed bolesti<\/li>\n<li>relaxace po fyzick\u00e9 i psychick\u00e9 z\u00e1t\u011b\u017e\u00ed s navozen\u00edm harmonick\u00e9 rovnov\u00e1hy v organismu<\/li>\n<li>zlep\u0161en\u00ed metabolismu, prokrven\u00ed tk\u00e1n\u00ed, odplaven\u00ed \u0161kodliv\u00fdch l\u00e1tek jako prevence vzniku civiliza\u010dn\u00edch chorob<\/li>\n<\/ul>\n","protected":false},"excerpt":{"rendered":"<p>Procedura HydroJet je mechanick\u00e1 mas\u00e1\u017e na vodn\u00edm l\u016f\u017eku se syst\u00e9mem \u0159\u00edzen\u00fdch vodn\u00edch trysek. Prov\u00e1d\u00ed se [&hellip;]<\/p>\n","protected":false},"author":6,"featured_media":1105,"parent":75,"menu_order":7,"comment_status":"closed","ping_status":"closed","template":"","meta":{"footnotes":""},"class_list":["post-82","page","type-page","status-publish","has-post-thumbnail","hentry"],"yoast_head":"<!-- This site is optimized with the Yoast SEO plugin v26.9 - https:\/\/yoast.com\/product\/yoast-seo-wordpress\/ -->\n<title>Mas\u00e1\u017e na vodn\u00edm l\u016f\u017eku HydroJet -<\/title>\n<meta name=\"robots\" content=\"index, follow, max-snippet:-1, max-image-preview:large, max-video-preview:-1\" \/>\n<link rel=\"canonical\" href=\"https:\/\/www.interhotel-central.cz\/cs\/aktuality-a-novinky\/masaz-na-vodnim-luzku-velusjet\/\" \/>\n<meta property=\"og:locale\" content=\"cs_CZ\" \/>\n<meta property=\"og:type\" content=\"article\" \/>\n<meta property=\"og:title\" content=\"Mas\u00e1\u017e na vodn\u00edm l\u016f\u017eku HydroJet -\" \/>\n<meta property=\"og:description\" content=\"Procedura HydroJet je mechanick\u00e1 mas\u00e1\u017e na vodn\u00edm l\u016f\u017eku se syst\u00e9mem \u0159\u00edzen\u00fdch vodn\u00edch trysek. Prov\u00e1d\u00ed se [&hellip;]\" \/>\n<meta property=\"og:url\" content=\"https:\/\/www.interhotel-central.cz\/cs\/aktuality-a-novinky\/masaz-na-vodnim-luzku-velusjet\/\" \/>\n<meta property=\"article:modified_time\" content=\"2022-12-19T09:42:40+00:00\" \/>\n<meta property=\"og:image\" content=\"https:\/\/www.interhotel-central.cz\/wp-content\/uploads\/sites\/5\/2019\/02\/interhotel-central-36.jpg\" \/>\n\t<meta property=\"og:image:width\" content=\"2200\" \/>\n\t<meta property=\"og:image:height\" content=\"1200\" \/>\n\t<meta property=\"og:image:type\" content=\"image\/jpeg\" \/>\n<meta name=\"twitter:card\" content=\"summary_large_image\" \/>\n<meta name=\"twitter:label1\" content=\"Odhadovan\u00e1 doba \u010dten\u00ed\" \/>\n\t<meta name=\"twitter:data1\" content=\"1 minuta\" \/>\n<script type=\"application\/ld+json\" class=\"yoast-schema-graph\">{\"@context\":\"https:\/\/schema.org\",\"@graph\":[{\"@type\":\"WebPage\",\"@id\":\"https:\/\/www.interhotel-central.cz\/cs\/aktuality-a-novinky\/masaz-na-vodnim-luzku-velusjet\/\",\"url\":\"https:\/\/www.interhotel-central.cz\/cs\/aktuality-a-novinky\/masaz-na-vodnim-luzku-velusjet\/\",\"name\":\"Mas\u00e1\u017e na vodn\u00edm l\u016f\u017eku HydroJet -\",\"isPartOf\":{\"@id\":\"https:\/\/www.interhotel-central.cz\/cs\/#website\"},\"primaryImageOfPage\":{\"@id\":\"https:\/\/www.interhotel-central.cz\/cs\/aktuality-a-novinky\/masaz-na-vodnim-luzku-velusjet\/#primaryimage\"},\"image\":{\"@id\":\"https:\/\/www.interhotel-central.cz\/cs\/aktuality-a-novinky\/masaz-na-vodnim-luzku-velusjet\/#primaryimage\"},\"thumbnailUrl\":\"https:\/\/www.interhotel-central.cz\/wp-content\/uploads\/sites\/5\/2019\/02\/interhotel-central-36.jpg\",\"datePublished\":\"2019-02-18T16:01:24+00:00\",\"dateModified\":\"2022-12-19T09:42:40+00:00\",\"breadcrumb\":{\"@id\":\"https:\/\/www.interhotel-central.cz\/cs\/aktuality-a-novinky\/masaz-na-vodnim-luzku-velusjet\/#breadcrumb\"},\"inLanguage\":\"cs\",\"potentialAction\":[{\"@type\":\"ReadAction\",\"target\":[\"https:\/\/www.interhotel-central.cz\/cs\/aktuality-a-novinky\/masaz-na-vodnim-luzku-velusjet\/\"]}]},{\"@type\":\"ImageObject\",\"inLanguage\":\"cs\",\"@id\":\"https:\/\/www.interhotel-central.cz\/cs\/aktuality-a-novinky\/masaz-na-vodnim-luzku-velusjet\/#primaryimage\",\"url\":\"https:\/\/www.interhotel-central.cz\/wp-content\/uploads\/sites\/5\/2019\/02\/interhotel-central-36.jpg\",\"contentUrl\":\"https:\/\/www.interhotel-central.cz\/wp-content\/uploads\/sites\/5\/2019\/02\/interhotel-central-36.jpg\",\"width\":2200,\"height\":1200},{\"@type\":\"BreadcrumbList\",\"@id\":\"https:\/\/www.interhotel-central.cz\/cs\/aktuality-a-novinky\/masaz-na-vodnim-luzku-velusjet\/#breadcrumb\",\"itemListElement\":[{\"@type\":\"ListItem\",\"position\":1,\"name\":\"Home\",\"item\":\"https:\/\/www.interhotel-central.cz\/cs\/\"},{\"@type\":\"ListItem\",\"position\":2,\"name\":\"Aktuality A Novinky\",\"item\":\"https:\/\/www.interhotel-central.cz\/cs\/aktuality-a-novinky\/\"},{\"@type\":\"ListItem\",\"position\":3,\"name\":\"Mas\u00e1\u017e na vodn\u00edm l\u016f\u017eku HydroJet\"}]},{\"@type\":\"WebSite\",\"@id\":\"https:\/\/www.interhotel-central.cz\/cs\/#website\",\"url\":\"https:\/\/www.interhotel-central.cz\/cs\/\",\"name\":\"\",\"description\":\"Just another ms.decms.eu site\",\"potentialAction\":[{\"@type\":\"SearchAction\",\"target\":{\"@type\":\"EntryPoint\",\"urlTemplate\":\"https:\/\/www.interhotel-central.cz\/cs\/?s={search_term_string}\"},\"query-input\":{\"@type\":\"PropertyValueSpecification\",\"valueRequired\":true,\"valueName\":\"search_term_string\"}}],\"inLanguage\":\"cs\"}]}<\/script>\n<!-- \/ Yoast SEO plugin. -->","yoast_head_json":{"title":"Mas\u00e1\u017e na vodn\u00edm l\u016f\u017eku HydroJet -","robots":{"index":"index","follow":"follow","max-snippet":"max-snippet:-1","max-image-preview":"max-image-preview:large","max-video-preview":"max-video-preview:-1"},"canonical":"https:\/\/www.interhotel-central.cz\/cs\/aktuality-a-novinky\/masaz-na-vodnim-luzku-velusjet\/","og_locale":"cs_CZ","og_type":"article","og_title":"Mas\u00e1\u017e na vodn\u00edm l\u016f\u017eku HydroJet -","og_description":"Procedura HydroJet je mechanick\u00e1 mas\u00e1\u017e na vodn\u00edm l\u016f\u017eku se syst\u00e9mem \u0159\u00edzen\u00fdch vodn\u00edch trysek. Prov\u00e1d\u00ed se [&hellip;]","og_url":"https:\/\/www.interhotel-central.cz\/cs\/aktuality-a-novinky\/masaz-na-vodnim-luzku-velusjet\/","article_modified_time":"2022-12-19T09:42:40+00:00","og_image":[{"width":2200,"height":1200,"url":"https:\/\/www.interhotel-central.cz\/wp-content\/uploads\/sites\/5\/2019\/02\/interhotel-central-36.jpg","type":"image\/jpeg"}],"twitter_card":"summary_large_image","twitter_misc":{"Odhadovan\u00e1 doba \u010dten\u00ed":"1 minuta"},"schema":{"@context":"https:\/\/schema.org","@graph":[{"@type":"WebPage","@id":"https:\/\/www.interhotel-central.cz\/cs\/aktuality-a-novinky\/masaz-na-vodnim-luzku-velusjet\/","url":"https:\/\/www.interhotel-central.cz\/cs\/aktuality-a-novinky\/masaz-na-vodnim-luzku-velusjet\/","name":"Mas\u00e1\u017e na vodn\u00edm l\u016f\u017eku HydroJet -","isPartOf":{"@id":"https:\/\/www.interhotel-central.cz\/cs\/#website"},"primaryImageOfPage":{"@id":"https:\/\/www.interhotel-central.cz\/cs\/aktuality-a-novinky\/masaz-na-vodnim-luzku-velusjet\/#primaryimage"},"image":{"@id":"https:\/\/www.interhotel-central.cz\/cs\/aktuality-a-novinky\/masaz-na-vodnim-luzku-velusjet\/#primaryimage"},"thumbnailUrl":"https:\/\/www.interhotel-central.cz\/wp-content\/uploads\/sites\/5\/2019\/02\/interhotel-central-36.jpg","datePublished":"2019-02-18T16:01:24+00:00","dateModified":"2022-12-19T09:42:40+00:00","breadcrumb":{"@id":"https:\/\/www.interhotel-central.cz\/cs\/aktuality-a-novinky\/masaz-na-vodnim-luzku-velusjet\/#breadcrumb"},"inLanguage":"cs","potentialAction":[{"@type":"ReadAction","target":["https:\/\/www.interhotel-central.cz\/cs\/aktuality-a-novinky\/masaz-na-vodnim-luzku-velusjet\/"]}]},{"@type":"ImageObject","inLanguage":"cs","@id":"https:\/\/www.interhotel-central.cz\/cs\/aktuality-a-novinky\/masaz-na-vodnim-luzku-velusjet\/#primaryimage","url":"https:\/\/www.interhotel-central.cz\/wp-content\/uploads\/sites\/5\/2019\/02\/interhotel-central-36.jpg","contentUrl":"https:\/\/www.interhotel-central.cz\/wp-content\/uploads\/sites\/5\/2019\/02\/interhotel-central-36.jpg","width":2200,"height":1200},{"@type":"BreadcrumbList","@id":"https:\/\/www.interhotel-central.cz\/cs\/aktuality-a-novinky\/masaz-na-vodnim-luzku-velusjet\/#breadcrumb","itemListElement":[{"@type":"ListItem","position":1,"name":"Home","item":"https:\/\/www.interhotel-central.cz\/cs\/"},{"@type":"ListItem","position":2,"name":"Aktuality A Novinky","item":"https:\/\/www.interhotel-central.cz\/cs\/aktuality-a-novinky\/"},{"@type":"ListItem","position":3,"name":"Mas\u00e1\u017e na vodn\u00edm l\u016f\u017eku HydroJet"}]},{"@type":"WebSite","@id":"https:\/\/www.interhotel-central.cz\/cs\/#website","url":"https:\/\/www.interhotel-central.cz\/cs\/","name":"","description":"Just another ms.decms.eu site","potentialAction":[{"@type":"SearchAction","target":{"@type":"EntryPoint","urlTemplate":"https:\/\/www.interhotel-central.cz\/cs\/?s={search_term_string}"},"query-input":{"@type":"PropertyValueSpecification","valueRequired":true,"valueName":"search_term_string"}}],"inLanguage":"cs"}]}},"acf":[],"_links":{"self":[{"href":"https:\/\/www.interhotel-central.cz\/cs\/wp-json\/wp\/v2\/pages\/82","targetHints":{"allow":["GET"]}}],"collection":[{"href":"https:\/\/www.interhotel-central.cz\/cs\/wp-json\/wp\/v2\/pages"}],"about":[{"href":"https:\/\/www.interhotel-central.cz\/cs\/wp-json\/wp\/v2\/types\/page"}],"author":[{"embeddable":true,"href":"https:\/\/www.interhotel-central.cz\/cs\/wp-json\/wp\/v2\/users\/6"}],"replies":[{"embeddable":true,"href":"https:\/\/www.interhotel-central.cz\/cs\/wp-json\/wp\/v2\/comments?post=82"}],"version-history":[{"count":0,"href":"https:\/\/www.interhotel-central.cz\/cs\/wp-json\/wp\/v2\/pages\/82\/revisions"}],"up":[{"embeddable":true,"href":"https:\/\/www.interhotel-central.cz\/cs\/wp-json\/wp\/v2\/pages\/75"}],"wp:featuredmedia":[{"embeddable":true,"href":"https:\/\/www.interhotel-central.cz\/cs\/wp-json\/wp\/v2\/media\/1105"}],"wp:attachment":[{"href":"https:\/\/www.interhotel-central.cz\/cs\/wp-json\/wp\/v2\/media?parent=82"}],"curies":[{"name":"wp","href":"https:\/\/api.w.org\/{rel}","templated":true}]}}