{"id":81,"date":"2019-02-18T16:00:42","date_gmt":"2019-02-18T16:00:42","guid":{"rendered":"http:\/\/interhotelcentral.ms.decms.eu\/?page_id=81"},"modified":"2022-12-19T09:41:43","modified_gmt":"2022-12-19T09:41:43","slug":"restaurace","status":"publish","type":"page","link":"https:\/\/www.interhotel-central.cz\/cs\/aktuality-a-novinky\/restaurace\/","title":{"rendered":"Restaurace"},"content":{"rendered":"<p>Host\u00e9 Interhotelu Central se mohou t\u011b\u0161it na zcela nov\u00fd restaura\u010dn\u00ed bufet.<br \/>\nSamoobslu\u017en\u00e9 chladic\u00ed pulty jsme nechali vyrobit z nejkvalitn\u011bj\u0161\u00edch nerezov\u00fdch materi\u00e1l\u016f, vybavili LED osv\u011btlen\u00edm a hygienick\u00fdm sklen\u011bn\u00fdm z\u00e1krytem. D\u00edky tomu j\u00eddlo bude v\u017edy \u010derstv\u00e9 a chutn\u00e9. K zachov\u00e1n\u00ed chu\u0165ov\u00fdch vlastnost\u00ed tepl\u00fdch pokrm\u016f jsou k dispozici nov\u00e9 oh\u0159\u00edvac\u00ed chafingy s uzav\u00edrac\u00edm poklopem. Pro milovn\u00edky sladk\u00fdch dezert\u016f byla vyrobena cukr\u00e1\u0159sk\u00e1 vitr\u00edna s osv\u011btlen\u00edm.<\/p>\n","protected":false},"excerpt":{"rendered":"<p>Host\u00e9 Interhotelu Central se mohou t\u011b\u0161it na zcela nov\u00fd restaura\u010dn\u00ed bufet. Samoobslu\u017en\u00e9 chladic\u00ed pulty jsme [&hellip;]<\/p>\n","protected":false},"author":6,"featured_media":1085,"parent":75,"menu_order":6,"comment_status":"closed","ping_status":"closed","template":"","meta":{"footnotes":""},"class_list":["post-81","page","type-page","status-publish","has-post-thumbnail","hentry"],"yoast_head":"<!-- This site is optimized with the Yoast SEO plugin v26.9 - https:\/\/yoast.com\/product\/yoast-seo-wordpress\/ -->\n<title>Restaurace -<\/title>\n<meta name=\"robots\" content=\"index, follow, max-snippet:-1, max-image-preview:large, max-video-preview:-1\" \/>\n<link rel=\"canonical\" href=\"https:\/\/www.interhotel-central.cz\/cs\/aktuality-a-novinky\/restaurace\/\" \/>\n<meta property=\"og:locale\" content=\"cs_CZ\" \/>\n<meta property=\"og:type\" content=\"article\" \/>\n<meta property=\"og:title\" content=\"Restaurace -\" \/>\n<meta property=\"og:description\" content=\"Host\u00e9 Interhotelu Central se mohou t\u011b\u0161it na zcela nov\u00fd restaura\u010dn\u00ed bufet. Samoobslu\u017en\u00e9 chladic\u00ed pulty jsme [&hellip;]\" \/>\n<meta property=\"og:url\" content=\"https:\/\/www.interhotel-central.cz\/cs\/aktuality-a-novinky\/restaurace\/\" \/>\n<meta property=\"article:modified_time\" content=\"2022-12-19T09:41:43+00:00\" \/>\n<meta property=\"og:image\" content=\"https:\/\/www.interhotel-central.cz\/wp-content\/uploads\/sites\/5\/2019\/02\/interhotel-central-24-2.jpg\" \/>\n\t<meta property=\"og:image:width\" content=\"2200\" \/>\n\t<meta property=\"og:image:height\" content=\"1200\" \/>\n\t<meta property=\"og:image:type\" content=\"image\/jpeg\" \/>\n<meta name=\"twitter:card\" content=\"summary_large_image\" \/>\n<meta name=\"twitter:label1\" content=\"Odhadovan\u00e1 doba \u010dten\u00ed\" \/>\n\t<meta name=\"twitter:data1\" content=\"1 minuta\" \/>\n<script type=\"application\/ld+json\" class=\"yoast-schema-graph\">{\"@context\":\"https:\/\/schema.org\",\"@graph\":[{\"@type\":\"WebPage\",\"@id\":\"https:\/\/www.interhotel-central.cz\/cs\/aktuality-a-novinky\/restaurace\/\",\"url\":\"https:\/\/www.interhotel-central.cz\/cs\/aktuality-a-novinky\/restaurace\/\",\"name\":\"Restaurace -\",\"isPartOf\":{\"@id\":\"https:\/\/www.interhotel-central.cz\/cs\/#website\"},\"primaryImageOfPage\":{\"@id\":\"https:\/\/www.interhotel-central.cz\/cs\/aktuality-a-novinky\/restaurace\/#primaryimage\"},\"image\":{\"@id\":\"https:\/\/www.interhotel-central.cz\/cs\/aktuality-a-novinky\/restaurace\/#primaryimage\"},\"thumbnailUrl\":\"https:\/\/www.interhotel-central.cz\/wp-content\/uploads\/sites\/5\/2019\/02\/interhotel-central-24-2.jpg\",\"datePublished\":\"2019-02-18T16:00:42+00:00\",\"dateModified\":\"2022-12-19T09:41:43+00:00\",\"breadcrumb\":{\"@id\":\"https:\/\/www.interhotel-central.cz\/cs\/aktuality-a-novinky\/restaurace\/#breadcrumb\"},\"inLanguage\":\"cs\",\"potentialAction\":[{\"@type\":\"ReadAction\",\"target\":[\"https:\/\/www.interhotel-central.cz\/cs\/aktuality-a-novinky\/restaurace\/\"]}]},{\"@type\":\"ImageObject\",\"inLanguage\":\"cs\",\"@id\":\"https:\/\/www.interhotel-central.cz\/cs\/aktuality-a-novinky\/restaurace\/#primaryimage\",\"url\":\"https:\/\/www.interhotel-central.cz\/wp-content\/uploads\/sites\/5\/2019\/02\/interhotel-central-24-2.jpg\",\"contentUrl\":\"https:\/\/www.interhotel-central.cz\/wp-content\/uploads\/sites\/5\/2019\/02\/interhotel-central-24-2.jpg\",\"width\":2200,\"height\":1200},{\"@type\":\"BreadcrumbList\",\"@id\":\"https:\/\/www.interhotel-central.cz\/cs\/aktuality-a-novinky\/restaurace\/#breadcrumb\",\"itemListElement\":[{\"@type\":\"ListItem\",\"position\":1,\"name\":\"Home\",\"item\":\"https:\/\/www.interhotel-central.cz\/cs\/\"},{\"@type\":\"ListItem\",\"position\":2,\"name\":\"Aktuality A Novinky\",\"item\":\"https:\/\/www.interhotel-central.cz\/cs\/aktuality-a-novinky\/\"},{\"@type\":\"ListItem\",\"position\":3,\"name\":\"Restaurace\"}]},{\"@type\":\"WebSite\",\"@id\":\"https:\/\/www.interhotel-central.cz\/cs\/#website\",\"url\":\"https:\/\/www.interhotel-central.cz\/cs\/\",\"name\":\"\",\"description\":\"Just another ms.decms.eu site\",\"potentialAction\":[{\"@type\":\"SearchAction\",\"target\":{\"@type\":\"EntryPoint\",\"urlTemplate\":\"https:\/\/www.interhotel-central.cz\/cs\/?s={search_term_string}\"},\"query-input\":{\"@type\":\"PropertyValueSpecification\",\"valueRequired\":true,\"valueName\":\"search_term_string\"}}],\"inLanguage\":\"cs\"}]}<\/script>\n<!-- \/ Yoast SEO plugin. -->","yoast_head_json":{"title":"Restaurace -","robots":{"index":"index","follow":"follow","max-snippet":"max-snippet:-1","max-image-preview":"max-image-preview:large","max-video-preview":"max-video-preview:-1"},"canonical":"https:\/\/www.interhotel-central.cz\/cs\/aktuality-a-novinky\/restaurace\/","og_locale":"cs_CZ","og_type":"article","og_title":"Restaurace -","og_description":"Host\u00e9 Interhotelu Central se mohou t\u011b\u0161it na zcela nov\u00fd restaura\u010dn\u00ed bufet. Samoobslu\u017en\u00e9 chladic\u00ed pulty jsme [&hellip;]","og_url":"https:\/\/www.interhotel-central.cz\/cs\/aktuality-a-novinky\/restaurace\/","article_modified_time":"2022-12-19T09:41:43+00:00","og_image":[{"width":2200,"height":1200,"url":"https:\/\/www.interhotel-central.cz\/wp-content\/uploads\/sites\/5\/2019\/02\/interhotel-central-24-2.jpg","type":"image\/jpeg"}],"twitter_card":"summary_large_image","twitter_misc":{"Odhadovan\u00e1 doba \u010dten\u00ed":"1 minuta"},"schema":{"@context":"https:\/\/schema.org","@graph":[{"@type":"WebPage","@id":"https:\/\/www.interhotel-central.cz\/cs\/aktuality-a-novinky\/restaurace\/","url":"https:\/\/www.interhotel-central.cz\/cs\/aktuality-a-novinky\/restaurace\/","name":"Restaurace -","isPartOf":{"@id":"https:\/\/www.interhotel-central.cz\/cs\/#website"},"primaryImageOfPage":{"@id":"https:\/\/www.interhotel-central.cz\/cs\/aktuality-a-novinky\/restaurace\/#primaryimage"},"image":{"@id":"https:\/\/www.interhotel-central.cz\/cs\/aktuality-a-novinky\/restaurace\/#primaryimage"},"thumbnailUrl":"https:\/\/www.interhotel-central.cz\/wp-content\/uploads\/sites\/5\/2019\/02\/interhotel-central-24-2.jpg","datePublished":"2019-02-18T16:00:42+00:00","dateModified":"2022-12-19T09:41:43+00:00","breadcrumb":{"@id":"https:\/\/www.interhotel-central.cz\/cs\/aktuality-a-novinky\/restaurace\/#breadcrumb"},"inLanguage":"cs","potentialAction":[{"@type":"ReadAction","target":["https:\/\/www.interhotel-central.cz\/cs\/aktuality-a-novinky\/restaurace\/"]}]},{"@type":"ImageObject","inLanguage":"cs","@id":"https:\/\/www.interhotel-central.cz\/cs\/aktuality-a-novinky\/restaurace\/#primaryimage","url":"https:\/\/www.interhotel-central.cz\/wp-content\/uploads\/sites\/5\/2019\/02\/interhotel-central-24-2.jpg","contentUrl":"https:\/\/www.interhotel-central.cz\/wp-content\/uploads\/sites\/5\/2019\/02\/interhotel-central-24-2.jpg","width":2200,"height":1200},{"@type":"BreadcrumbList","@id":"https:\/\/www.interhotel-central.cz\/cs\/aktuality-a-novinky\/restaurace\/#breadcrumb","itemListElement":[{"@type":"ListItem","position":1,"name":"Home","item":"https:\/\/www.interhotel-central.cz\/cs\/"},{"@type":"ListItem","position":2,"name":"Aktuality A Novinky","item":"https:\/\/www.interhotel-central.cz\/cs\/aktuality-a-novinky\/"},{"@type":"ListItem","position":3,"name":"Restaurace"}]},{"@type":"WebSite","@id":"https:\/\/www.interhotel-central.cz\/cs\/#website","url":"https:\/\/www.interhotel-central.cz\/cs\/","name":"","description":"Just another ms.decms.eu site","potentialAction":[{"@type":"SearchAction","target":{"@type":"EntryPoint","urlTemplate":"https:\/\/www.interhotel-central.cz\/cs\/?s={search_term_string}"},"query-input":{"@type":"PropertyValueSpecification","valueRequired":true,"valueName":"search_term_string"}}],"inLanguage":"cs"}]}},"acf":[],"_links":{"self":[{"href":"https:\/\/www.interhotel-central.cz\/cs\/wp-json\/wp\/v2\/pages\/81","targetHints":{"allow":["GET"]}}],"collection":[{"href":"https:\/\/www.interhotel-central.cz\/cs\/wp-json\/wp\/v2\/pages"}],"about":[{"href":"https:\/\/www.interhotel-central.cz\/cs\/wp-json\/wp\/v2\/types\/page"}],"author":[{"embeddable":true,"href":"https:\/\/www.interhotel-central.cz\/cs\/wp-json\/wp\/v2\/users\/6"}],"replies":[{"embeddable":true,"href":"https:\/\/www.interhotel-central.cz\/cs\/wp-json\/wp\/v2\/comments?post=81"}],"version-history":[{"count":0,"href":"https:\/\/www.interhotel-central.cz\/cs\/wp-json\/wp\/v2\/pages\/81\/revisions"}],"up":[{"embeddable":true,"href":"https:\/\/www.interhotel-central.cz\/cs\/wp-json\/wp\/v2\/pages\/75"}],"wp:featuredmedia":[{"embeddable":true,"href":"https:\/\/www.interhotel-central.cz\/cs\/wp-json\/wp\/v2\/media\/1085"}],"wp:attachment":[{"href":"https:\/\/www.interhotel-central.cz\/cs\/wp-json\/wp\/v2\/media?parent=81"}],"curies":[{"name":"wp","href":"https:\/\/api.w.org\/{rel}","templated":true}]}}