{"id":79,"date":"2019-02-18T15:46:22","date_gmt":"2019-02-18T15:46:22","guid":{"rendered":"http:\/\/interhotelcentral.ms.decms.eu\/?page_id=79"},"modified":"2019-02-18T15:46:22","modified_gmt":"2019-02-18T15:46:22","slug":"nove-varne-konvice-a-sety-na-pripravu-horkych-napoju","status":"publish","type":"page","link":"https:\/\/www.interhotel-central.cz\/cs\/aktuality-a-novinky\/nove-varne-konvice-a-sety-na-pripravu-horkych-napoju\/","title":{"rendered":"Nov\u00e9 varn\u00e9 konvice a sety na p\u0159\u00edpravu hork\u00fdch n\u00e1poj\u016f"},"content":{"rendered":"<p>Ve v\u0161ech pokoj\u00edch jsou moment\u00e1ln\u011b k dispozici varn\u00e9 konvice a sety na p\u0159\u00edpravu hork\u00fdch n\u00e1poj\u016f<\/p>\n","protected":false},"excerpt":{"rendered":"<p>Ve v\u0161ech pokoj\u00edch jsou moment\u00e1ln\u011b k dispozici varn\u00e9 konvice a sety na p\u0159\u00edpravu hork\u00fdch n\u00e1poj\u016f<\/p>\n","protected":false},"author":6,"featured_media":1120,"parent":75,"menu_order":3,"comment_status":"closed","ping_status":"closed","template":"","meta":{"footnotes":""},"class_list":["post-79","page","type-page","status-publish","has-post-thumbnail","hentry"],"yoast_head":"<!-- This site is optimized with the Yoast SEO plugin v26.9 - https:\/\/yoast.com\/product\/yoast-seo-wordpress\/ -->\n<title>Nov\u00e9 varn\u00e9 konvice a sety na p\u0159\u00edpravu hork\u00fdch n\u00e1poj\u016f -<\/title>\n<meta name=\"robots\" content=\"index, follow, max-snippet:-1, max-image-preview:large, max-video-preview:-1\" \/>\n<link rel=\"canonical\" href=\"https:\/\/www.interhotel-central.cz\/cs\/aktuality-a-novinky\/nove-varne-konvice-a-sety-na-pripravu-horkych-napoju\/\" \/>\n<meta property=\"og:locale\" content=\"cs_CZ\" \/>\n<meta property=\"og:type\" content=\"article\" \/>\n<meta property=\"og:title\" content=\"Nov\u00e9 varn\u00e9 konvice a sety na p\u0159\u00edpravu hork\u00fdch n\u00e1poj\u016f -\" \/>\n<meta property=\"og:description\" content=\"Ve v\u0161ech pokoj\u00edch jsou moment\u00e1ln\u011b k dispozici varn\u00e9 konvice a sety na p\u0159\u00edpravu hork\u00fdch n\u00e1poj\u016f\" \/>\n<meta property=\"og:url\" content=\"https:\/\/www.interhotel-central.cz\/cs\/aktuality-a-novinky\/nove-varne-konvice-a-sety-na-pripravu-horkych-napoju\/\" \/>\n<meta property=\"og:image\" content=\"https:\/\/www.interhotel-central.cz\/wp-content\/uploads\/sites\/5\/2019\/02\/desktop-3205408.jpg\" \/>\n\t<meta property=\"og:image:width\" content=\"2200\" \/>\n\t<meta property=\"og:image:height\" content=\"1200\" \/>\n\t<meta property=\"og:image:type\" content=\"image\/jpeg\" \/>\n<meta name=\"twitter:card\" content=\"summary_large_image\" \/>\n<script type=\"application\/ld+json\" class=\"yoast-schema-graph\">{\"@context\":\"https:\/\/schema.org\",\"@graph\":[{\"@type\":\"WebPage\",\"@id\":\"https:\/\/www.interhotel-central.cz\/cs\/aktuality-a-novinky\/nove-varne-konvice-a-sety-na-pripravu-horkych-napoju\/\",\"url\":\"https:\/\/www.interhotel-central.cz\/cs\/aktuality-a-novinky\/nove-varne-konvice-a-sety-na-pripravu-horkych-napoju\/\",\"name\":\"Nov\u00e9 varn\u00e9 konvice a sety na p\u0159\u00edpravu hork\u00fdch n\u00e1poj\u016f -\",\"isPartOf\":{\"@id\":\"https:\/\/www.interhotel-central.cz\/cs\/#website\"},\"primaryImageOfPage\":{\"@id\":\"https:\/\/www.interhotel-central.cz\/cs\/aktuality-a-novinky\/nove-varne-konvice-a-sety-na-pripravu-horkych-napoju\/#primaryimage\"},\"image\":{\"@id\":\"https:\/\/www.interhotel-central.cz\/cs\/aktuality-a-novinky\/nove-varne-konvice-a-sety-na-pripravu-horkych-napoju\/#primaryimage\"},\"thumbnailUrl\":\"https:\/\/www.interhotel-central.cz\/wp-content\/uploads\/sites\/5\/2019\/02\/desktop-3205408.jpg\",\"datePublished\":\"2019-02-18T15:46:22+00:00\",\"breadcrumb\":{\"@id\":\"https:\/\/www.interhotel-central.cz\/cs\/aktuality-a-novinky\/nove-varne-konvice-a-sety-na-pripravu-horkych-napoju\/#breadcrumb\"},\"inLanguage\":\"cs\",\"potentialAction\":[{\"@type\":\"ReadAction\",\"target\":[\"https:\/\/www.interhotel-central.cz\/cs\/aktuality-a-novinky\/nove-varne-konvice-a-sety-na-pripravu-horkych-napoju\/\"]}]},{\"@type\":\"ImageObject\",\"inLanguage\":\"cs\",\"@id\":\"https:\/\/www.interhotel-central.cz\/cs\/aktuality-a-novinky\/nove-varne-konvice-a-sety-na-pripravu-horkych-napoju\/#primaryimage\",\"url\":\"https:\/\/www.interhotel-central.cz\/wp-content\/uploads\/sites\/5\/2019\/02\/desktop-3205408.jpg\",\"contentUrl\":\"https:\/\/www.interhotel-central.cz\/wp-content\/uploads\/sites\/5\/2019\/02\/desktop-3205408.jpg\",\"width\":2200,\"height\":1200},{\"@type\":\"BreadcrumbList\",\"@id\":\"https:\/\/www.interhotel-central.cz\/cs\/aktuality-a-novinky\/nove-varne-konvice-a-sety-na-pripravu-horkych-napoju\/#breadcrumb\",\"itemListElement\":[{\"@type\":\"ListItem\",\"position\":1,\"name\":\"Home\",\"item\":\"https:\/\/www.interhotel-central.cz\/cs\/\"},{\"@type\":\"ListItem\",\"position\":2,\"name\":\"Aktuality A Novinky\",\"item\":\"https:\/\/www.interhotel-central.cz\/cs\/aktuality-a-novinky\/\"},{\"@type\":\"ListItem\",\"position\":3,\"name\":\"Nov\u00e9 varn\u00e9 konvice a sety na p\u0159\u00edpravu hork\u00fdch n\u00e1poj\u016f\"}]},{\"@type\":\"WebSite\",\"@id\":\"https:\/\/www.interhotel-central.cz\/cs\/#website\",\"url\":\"https:\/\/www.interhotel-central.cz\/cs\/\",\"name\":\"\",\"description\":\"Just another ms.decms.eu site\",\"potentialAction\":[{\"@type\":\"SearchAction\",\"target\":{\"@type\":\"EntryPoint\",\"urlTemplate\":\"https:\/\/www.interhotel-central.cz\/cs\/?s={search_term_string}\"},\"query-input\":{\"@type\":\"PropertyValueSpecification\",\"valueRequired\":true,\"valueName\":\"search_term_string\"}}],\"inLanguage\":\"cs\"}]}<\/script>\n<!-- \/ Yoast SEO plugin. -->","yoast_head_json":{"title":"Nov\u00e9 varn\u00e9 konvice a sety na p\u0159\u00edpravu hork\u00fdch n\u00e1poj\u016f -","robots":{"index":"index","follow":"follow","max-snippet":"max-snippet:-1","max-image-preview":"max-image-preview:large","max-video-preview":"max-video-preview:-1"},"canonical":"https:\/\/www.interhotel-central.cz\/cs\/aktuality-a-novinky\/nove-varne-konvice-a-sety-na-pripravu-horkych-napoju\/","og_locale":"cs_CZ","og_type":"article","og_title":"Nov\u00e9 varn\u00e9 konvice a sety na p\u0159\u00edpravu hork\u00fdch n\u00e1poj\u016f -","og_description":"Ve v\u0161ech pokoj\u00edch jsou moment\u00e1ln\u011b k dispozici varn\u00e9 konvice a sety na p\u0159\u00edpravu hork\u00fdch n\u00e1poj\u016f","og_url":"https:\/\/www.interhotel-central.cz\/cs\/aktuality-a-novinky\/nove-varne-konvice-a-sety-na-pripravu-horkych-napoju\/","og_image":[{"width":2200,"height":1200,"url":"https:\/\/www.interhotel-central.cz\/wp-content\/uploads\/sites\/5\/2019\/02\/desktop-3205408.jpg","type":"image\/jpeg"}],"twitter_card":"summary_large_image","schema":{"@context":"https:\/\/schema.org","@graph":[{"@type":"WebPage","@id":"https:\/\/www.interhotel-central.cz\/cs\/aktuality-a-novinky\/nove-varne-konvice-a-sety-na-pripravu-horkych-napoju\/","url":"https:\/\/www.interhotel-central.cz\/cs\/aktuality-a-novinky\/nove-varne-konvice-a-sety-na-pripravu-horkych-napoju\/","name":"Nov\u00e9 varn\u00e9 konvice a sety na p\u0159\u00edpravu hork\u00fdch n\u00e1poj\u016f -","isPartOf":{"@id":"https:\/\/www.interhotel-central.cz\/cs\/#website"},"primaryImageOfPage":{"@id":"https:\/\/www.interhotel-central.cz\/cs\/aktuality-a-novinky\/nove-varne-konvice-a-sety-na-pripravu-horkych-napoju\/#primaryimage"},"image":{"@id":"https:\/\/www.interhotel-central.cz\/cs\/aktuality-a-novinky\/nove-varne-konvice-a-sety-na-pripravu-horkych-napoju\/#primaryimage"},"thumbnailUrl":"https:\/\/www.interhotel-central.cz\/wp-content\/uploads\/sites\/5\/2019\/02\/desktop-3205408.jpg","datePublished":"2019-02-18T15:46:22+00:00","breadcrumb":{"@id":"https:\/\/www.interhotel-central.cz\/cs\/aktuality-a-novinky\/nove-varne-konvice-a-sety-na-pripravu-horkych-napoju\/#breadcrumb"},"inLanguage":"cs","potentialAction":[{"@type":"ReadAction","target":["https:\/\/www.interhotel-central.cz\/cs\/aktuality-a-novinky\/nove-varne-konvice-a-sety-na-pripravu-horkych-napoju\/"]}]},{"@type":"ImageObject","inLanguage":"cs","@id":"https:\/\/www.interhotel-central.cz\/cs\/aktuality-a-novinky\/nove-varne-konvice-a-sety-na-pripravu-horkych-napoju\/#primaryimage","url":"https:\/\/www.interhotel-central.cz\/wp-content\/uploads\/sites\/5\/2019\/02\/desktop-3205408.jpg","contentUrl":"https:\/\/www.interhotel-central.cz\/wp-content\/uploads\/sites\/5\/2019\/02\/desktop-3205408.jpg","width":2200,"height":1200},{"@type":"BreadcrumbList","@id":"https:\/\/www.interhotel-central.cz\/cs\/aktuality-a-novinky\/nove-varne-konvice-a-sety-na-pripravu-horkych-napoju\/#breadcrumb","itemListElement":[{"@type":"ListItem","position":1,"name":"Home","item":"https:\/\/www.interhotel-central.cz\/cs\/"},{"@type":"ListItem","position":2,"name":"Aktuality A Novinky","item":"https:\/\/www.interhotel-central.cz\/cs\/aktuality-a-novinky\/"},{"@type":"ListItem","position":3,"name":"Nov\u00e9 varn\u00e9 konvice a sety na p\u0159\u00edpravu hork\u00fdch n\u00e1poj\u016f"}]},{"@type":"WebSite","@id":"https:\/\/www.interhotel-central.cz\/cs\/#website","url":"https:\/\/www.interhotel-central.cz\/cs\/","name":"","description":"Just another ms.decms.eu site","potentialAction":[{"@type":"SearchAction","target":{"@type":"EntryPoint","urlTemplate":"https:\/\/www.interhotel-central.cz\/cs\/?s={search_term_string}"},"query-input":{"@type":"PropertyValueSpecification","valueRequired":true,"valueName":"search_term_string"}}],"inLanguage":"cs"}]}},"acf":[],"_links":{"self":[{"href":"https:\/\/www.interhotel-central.cz\/cs\/wp-json\/wp\/v2\/pages\/79","targetHints":{"allow":["GET"]}}],"collection":[{"href":"https:\/\/www.interhotel-central.cz\/cs\/wp-json\/wp\/v2\/pages"}],"about":[{"href":"https:\/\/www.interhotel-central.cz\/cs\/wp-json\/wp\/v2\/types\/page"}],"author":[{"embeddable":true,"href":"https:\/\/www.interhotel-central.cz\/cs\/wp-json\/wp\/v2\/users\/6"}],"replies":[{"embeddable":true,"href":"https:\/\/www.interhotel-central.cz\/cs\/wp-json\/wp\/v2\/comments?post=79"}],"version-history":[{"count":0,"href":"https:\/\/www.interhotel-central.cz\/cs\/wp-json\/wp\/v2\/pages\/79\/revisions"}],"up":[{"embeddable":true,"href":"https:\/\/www.interhotel-central.cz\/cs\/wp-json\/wp\/v2\/pages\/75"}],"wp:featuredmedia":[{"embeddable":true,"href":"https:\/\/www.interhotel-central.cz\/cs\/wp-json\/wp\/v2\/media\/1120"}],"wp:attachment":[{"href":"https:\/\/www.interhotel-central.cz\/cs\/wp-json\/wp\/v2\/media?parent=79"}],"curies":[{"name":"wp","href":"https:\/\/api.w.org\/{rel}","templated":true}]}}