{"id":78,"date":"2019-02-18T15:46:01","date_gmt":"2019-02-18T15:46:01","guid":{"rendered":"http:\/\/interhotelcentral.ms.decms.eu\/?page_id=78"},"modified":"2019-02-18T15:46:01","modified_gmt":"2019-02-18T15:46:01","slug":"zvyseni-rychlosti-internetu","status":"publish","type":"page","link":"https:\/\/www.interhotel-central.cz\/cs\/aktuality-a-novinky\/zvyseni-rychlosti-internetu\/","title":{"rendered":"Zv\u00fd\u0161en\u00ed rychlosti internetu"},"content":{"rendered":"<p>Moment\u00e1ln\u011b hotel vyu\u017e\u00edv\u00e1 nejnov\u011bj\u0161\u00ed bezdr\u00e1tovou technologii s t\u00e9m\u011b\u0159 nulovou \u0161anc\u00ed zaru\u0161en\u00ed.<br \/>\nGarantovan\u00e1 rychlost 50 Mbps zaru\u010d\u00ed v\u0161em hotelov\u00fdm host\u016fm bezprobl\u00e9mov\u00e9 p\u0159ipojen\u00ed na internet, online sledov\u00e1n\u00ed obl\u00edben\u00fdch film\u016f a seri\u00e1l\u016f a tak\u00e9 neru\u0161en\u00e9 audio-video hovory skrze ve\u0161ker\u00e9 aplikace (Skype, WhatsApp, Viber\u2026).<\/p>\n","protected":false},"excerpt":{"rendered":"<p>Moment\u00e1ln\u011b hotel vyu\u017e\u00edv\u00e1 nejnov\u011bj\u0161\u00ed bezdr\u00e1tovou technologii s t\u00e9m\u011b\u0159 nulovou \u0161anc\u00ed zaru\u0161en\u00ed. Garantovan\u00e1 rychlost 50 Mbps [&hellip;]<\/p>\n","protected":false},"author":6,"featured_media":1115,"parent":75,"menu_order":2,"comment_status":"closed","ping_status":"closed","template":"","meta":{"footnotes":""},"class_list":["post-78","page","type-page","status-publish","has-post-thumbnail","hentry"],"yoast_head":"<!-- This site is optimized with the Yoast SEO plugin v26.9 - https:\/\/yoast.com\/product\/yoast-seo-wordpress\/ -->\n<title>Zv\u00fd\u0161en\u00ed rychlosti internetu -<\/title>\n<meta name=\"robots\" content=\"index, follow, max-snippet:-1, max-image-preview:large, max-video-preview:-1\" \/>\n<link rel=\"canonical\" href=\"https:\/\/www.interhotel-central.cz\/cs\/aktuality-a-novinky\/zvyseni-rychlosti-internetu\/\" \/>\n<meta property=\"og:locale\" content=\"cs_CZ\" \/>\n<meta property=\"og:type\" content=\"article\" \/>\n<meta property=\"og:title\" content=\"Zv\u00fd\u0161en\u00ed rychlosti internetu -\" \/>\n<meta property=\"og:description\" content=\"Moment\u00e1ln\u011b hotel vyu\u017e\u00edv\u00e1 nejnov\u011bj\u0161\u00ed bezdr\u00e1tovou technologii s t\u00e9m\u011b\u0159 nulovou \u0161anc\u00ed zaru\u0161en\u00ed. Garantovan\u00e1 rychlost 50 Mbps [&hellip;]\" \/>\n<meta property=\"og:url\" content=\"https:\/\/www.interhotel-central.cz\/cs\/aktuality-a-novinky\/zvyseni-rychlosti-internetu\/\" \/>\n<meta property=\"og:image\" content=\"https:\/\/www.interhotel-central.cz\/wp-content\/uploads\/sites\/5\/2019\/02\/startup-593327.jpg\" \/>\n\t<meta property=\"og:image:width\" content=\"2200\" \/>\n\t<meta property=\"og:image:height\" content=\"1200\" \/>\n\t<meta property=\"og:image:type\" content=\"image\/jpeg\" \/>\n<meta name=\"twitter:card\" content=\"summary_large_image\" \/>\n<script type=\"application\/ld+json\" class=\"yoast-schema-graph\">{\"@context\":\"https:\/\/schema.org\",\"@graph\":[{\"@type\":\"WebPage\",\"@id\":\"https:\/\/www.interhotel-central.cz\/cs\/aktuality-a-novinky\/zvyseni-rychlosti-internetu\/\",\"url\":\"https:\/\/www.interhotel-central.cz\/cs\/aktuality-a-novinky\/zvyseni-rychlosti-internetu\/\",\"name\":\"Zv\u00fd\u0161en\u00ed rychlosti internetu -\",\"isPartOf\":{\"@id\":\"https:\/\/www.interhotel-central.cz\/cs\/#website\"},\"primaryImageOfPage\":{\"@id\":\"https:\/\/www.interhotel-central.cz\/cs\/aktuality-a-novinky\/zvyseni-rychlosti-internetu\/#primaryimage\"},\"image\":{\"@id\":\"https:\/\/www.interhotel-central.cz\/cs\/aktuality-a-novinky\/zvyseni-rychlosti-internetu\/#primaryimage\"},\"thumbnailUrl\":\"https:\/\/www.interhotel-central.cz\/wp-content\/uploads\/sites\/5\/2019\/02\/startup-593327.jpg\",\"datePublished\":\"2019-02-18T15:46:01+00:00\",\"breadcrumb\":{\"@id\":\"https:\/\/www.interhotel-central.cz\/cs\/aktuality-a-novinky\/zvyseni-rychlosti-internetu\/#breadcrumb\"},\"inLanguage\":\"cs\",\"potentialAction\":[{\"@type\":\"ReadAction\",\"target\":[\"https:\/\/www.interhotel-central.cz\/cs\/aktuality-a-novinky\/zvyseni-rychlosti-internetu\/\"]}]},{\"@type\":\"ImageObject\",\"inLanguage\":\"cs\",\"@id\":\"https:\/\/www.interhotel-central.cz\/cs\/aktuality-a-novinky\/zvyseni-rychlosti-internetu\/#primaryimage\",\"url\":\"https:\/\/www.interhotel-central.cz\/wp-content\/uploads\/sites\/5\/2019\/02\/startup-593327.jpg\",\"contentUrl\":\"https:\/\/www.interhotel-central.cz\/wp-content\/uploads\/sites\/5\/2019\/02\/startup-593327.jpg\",\"width\":2200,\"height\":1200},{\"@type\":\"BreadcrumbList\",\"@id\":\"https:\/\/www.interhotel-central.cz\/cs\/aktuality-a-novinky\/zvyseni-rychlosti-internetu\/#breadcrumb\",\"itemListElement\":[{\"@type\":\"ListItem\",\"position\":1,\"name\":\"Home\",\"item\":\"https:\/\/www.interhotel-central.cz\/cs\/\"},{\"@type\":\"ListItem\",\"position\":2,\"name\":\"Aktuality A Novinky\",\"item\":\"https:\/\/www.interhotel-central.cz\/cs\/aktuality-a-novinky\/\"},{\"@type\":\"ListItem\",\"position\":3,\"name\":\"Zv\u00fd\u0161en\u00ed rychlosti internetu\"}]},{\"@type\":\"WebSite\",\"@id\":\"https:\/\/www.interhotel-central.cz\/cs\/#website\",\"url\":\"https:\/\/www.interhotel-central.cz\/cs\/\",\"name\":\"\",\"description\":\"Just another ms.decms.eu site\",\"potentialAction\":[{\"@type\":\"SearchAction\",\"target\":{\"@type\":\"EntryPoint\",\"urlTemplate\":\"https:\/\/www.interhotel-central.cz\/cs\/?s={search_term_string}\"},\"query-input\":{\"@type\":\"PropertyValueSpecification\",\"valueRequired\":true,\"valueName\":\"search_term_string\"}}],\"inLanguage\":\"cs\"}]}<\/script>\n<!-- \/ Yoast SEO plugin. -->","yoast_head_json":{"title":"Zv\u00fd\u0161en\u00ed rychlosti internetu -","robots":{"index":"index","follow":"follow","max-snippet":"max-snippet:-1","max-image-preview":"max-image-preview:large","max-video-preview":"max-video-preview:-1"},"canonical":"https:\/\/www.interhotel-central.cz\/cs\/aktuality-a-novinky\/zvyseni-rychlosti-internetu\/","og_locale":"cs_CZ","og_type":"article","og_title":"Zv\u00fd\u0161en\u00ed rychlosti internetu -","og_description":"Moment\u00e1ln\u011b hotel vyu\u017e\u00edv\u00e1 nejnov\u011bj\u0161\u00ed bezdr\u00e1tovou technologii s t\u00e9m\u011b\u0159 nulovou \u0161anc\u00ed zaru\u0161en\u00ed. Garantovan\u00e1 rychlost 50 Mbps [&hellip;]","og_url":"https:\/\/www.interhotel-central.cz\/cs\/aktuality-a-novinky\/zvyseni-rychlosti-internetu\/","og_image":[{"width":2200,"height":1200,"url":"https:\/\/www.interhotel-central.cz\/wp-content\/uploads\/sites\/5\/2019\/02\/startup-593327.jpg","type":"image\/jpeg"}],"twitter_card":"summary_large_image","schema":{"@context":"https:\/\/schema.org","@graph":[{"@type":"WebPage","@id":"https:\/\/www.interhotel-central.cz\/cs\/aktuality-a-novinky\/zvyseni-rychlosti-internetu\/","url":"https:\/\/www.interhotel-central.cz\/cs\/aktuality-a-novinky\/zvyseni-rychlosti-internetu\/","name":"Zv\u00fd\u0161en\u00ed rychlosti internetu -","isPartOf":{"@id":"https:\/\/www.interhotel-central.cz\/cs\/#website"},"primaryImageOfPage":{"@id":"https:\/\/www.interhotel-central.cz\/cs\/aktuality-a-novinky\/zvyseni-rychlosti-internetu\/#primaryimage"},"image":{"@id":"https:\/\/www.interhotel-central.cz\/cs\/aktuality-a-novinky\/zvyseni-rychlosti-internetu\/#primaryimage"},"thumbnailUrl":"https:\/\/www.interhotel-central.cz\/wp-content\/uploads\/sites\/5\/2019\/02\/startup-593327.jpg","datePublished":"2019-02-18T15:46:01+00:00","breadcrumb":{"@id":"https:\/\/www.interhotel-central.cz\/cs\/aktuality-a-novinky\/zvyseni-rychlosti-internetu\/#breadcrumb"},"inLanguage":"cs","potentialAction":[{"@type":"ReadAction","target":["https:\/\/www.interhotel-central.cz\/cs\/aktuality-a-novinky\/zvyseni-rychlosti-internetu\/"]}]},{"@type":"ImageObject","inLanguage":"cs","@id":"https:\/\/www.interhotel-central.cz\/cs\/aktuality-a-novinky\/zvyseni-rychlosti-internetu\/#primaryimage","url":"https:\/\/www.interhotel-central.cz\/wp-content\/uploads\/sites\/5\/2019\/02\/startup-593327.jpg","contentUrl":"https:\/\/www.interhotel-central.cz\/wp-content\/uploads\/sites\/5\/2019\/02\/startup-593327.jpg","width":2200,"height":1200},{"@type":"BreadcrumbList","@id":"https:\/\/www.interhotel-central.cz\/cs\/aktuality-a-novinky\/zvyseni-rychlosti-internetu\/#breadcrumb","itemListElement":[{"@type":"ListItem","position":1,"name":"Home","item":"https:\/\/www.interhotel-central.cz\/cs\/"},{"@type":"ListItem","position":2,"name":"Aktuality A Novinky","item":"https:\/\/www.interhotel-central.cz\/cs\/aktuality-a-novinky\/"},{"@type":"ListItem","position":3,"name":"Zv\u00fd\u0161en\u00ed rychlosti internetu"}]},{"@type":"WebSite","@id":"https:\/\/www.interhotel-central.cz\/cs\/#website","url":"https:\/\/www.interhotel-central.cz\/cs\/","name":"","description":"Just another ms.decms.eu site","potentialAction":[{"@type":"SearchAction","target":{"@type":"EntryPoint","urlTemplate":"https:\/\/www.interhotel-central.cz\/cs\/?s={search_term_string}"},"query-input":{"@type":"PropertyValueSpecification","valueRequired":true,"valueName":"search_term_string"}}],"inLanguage":"cs"}]}},"acf":[],"_links":{"self":[{"href":"https:\/\/www.interhotel-central.cz\/cs\/wp-json\/wp\/v2\/pages\/78","targetHints":{"allow":["GET"]}}],"collection":[{"href":"https:\/\/www.interhotel-central.cz\/cs\/wp-json\/wp\/v2\/pages"}],"about":[{"href":"https:\/\/www.interhotel-central.cz\/cs\/wp-json\/wp\/v2\/types\/page"}],"author":[{"embeddable":true,"href":"https:\/\/www.interhotel-central.cz\/cs\/wp-json\/wp\/v2\/users\/6"}],"replies":[{"embeddable":true,"href":"https:\/\/www.interhotel-central.cz\/cs\/wp-json\/wp\/v2\/comments?post=78"}],"version-history":[{"count":0,"href":"https:\/\/www.interhotel-central.cz\/cs\/wp-json\/wp\/v2\/pages\/78\/revisions"}],"up":[{"embeddable":true,"href":"https:\/\/www.interhotel-central.cz\/cs\/wp-json\/wp\/v2\/pages\/75"}],"wp:featuredmedia":[{"embeddable":true,"href":"https:\/\/www.interhotel-central.cz\/cs\/wp-json\/wp\/v2\/media\/1115"}],"wp:attachment":[{"href":"https:\/\/www.interhotel-central.cz\/cs\/wp-json\/wp\/v2\/media?parent=78"}],"curies":[{"name":"wp","href":"https:\/\/api.w.org\/{rel}","templated":true}]}}