{"id":72,"date":"2019-02-18T15:27:36","date_gmt":"2019-02-18T15:27:36","guid":{"rendered":"http:\/\/interhotelcentral.ms.decms.eu\/?page_id=72"},"modified":"2022-12-22T08:55:02","modified_gmt":"2022-12-22T08:55:02","slug":"transfer","status":"publish","type":"page","link":"https:\/\/www.interhotel-central.cz\/cs\/lokalita\/transfer\/","title":{"rendered":"Transfer"},"content":{"rendered":"<p>Zaji\u0161\u0165ujeme individu\u00e1ln\u00ed transfer host\u016f z pra\u017esk\u00e9ho leti\u0161t\u011b dle p\u0159edchoz\u00ed domluvy.<br \/>\n\u0158idi\u010d V\u00e1s uv\u00edt\u00e1 s\u00a0cedul\u00ed s\u00a0Va\u0161\u00edm jm\u00e9nem, nab\u00eddne pomoc se zavazadly a bezpe\u010dn\u011b doprav\u00ed do hotelu.<br \/>\nNa\u0161e automobily: Mercedes Viano, Porsche Cayenne.<\/p>\n","protected":false},"excerpt":{"rendered":"<p>Zaji\u0161\u0165ujeme individu\u00e1ln\u00ed transfer host\u016f z pra\u017esk\u00e9ho leti\u0161t\u011b dle p\u0159edchoz\u00ed domluvy. \u0158idi\u010d V\u00e1s uv\u00edt\u00e1 s\u00a0cedul\u00ed s\u00a0Va\u0161\u00edm [&hellip;]<\/p>\n","protected":false},"author":6,"featured_media":357,"parent":69,"menu_order":72,"comment_status":"closed","ping_status":"closed","template":"","meta":{"footnotes":""},"class_list":["post-72","page","type-page","status-publish","has-post-thumbnail","hentry"],"yoast_head":"<!-- This site is optimized with the Yoast SEO plugin v26.9 - https:\/\/yoast.com\/product\/yoast-seo-wordpress\/ -->\n<title>Transfer -<\/title>\n<meta name=\"robots\" content=\"index, follow, max-snippet:-1, max-image-preview:large, max-video-preview:-1\" \/>\n<link rel=\"canonical\" href=\"https:\/\/www.interhotel-central.cz\/cs\/lokalita\/transfer\/\" \/>\n<meta property=\"og:locale\" content=\"cs_CZ\" \/>\n<meta property=\"og:type\" content=\"article\" \/>\n<meta property=\"og:title\" content=\"Transfer -\" \/>\n<meta property=\"og:description\" content=\"Zaji\u0161\u0165ujeme individu\u00e1ln\u00ed transfer host\u016f z pra\u017esk\u00e9ho leti\u0161t\u011b dle p\u0159edchoz\u00ed domluvy. \u0158idi\u010d V\u00e1s uv\u00edt\u00e1 s\u00a0cedul\u00ed s\u00a0Va\u0161\u00edm [&hellip;]\" \/>\n<meta property=\"og:url\" content=\"https:\/\/www.interhotel-central.cz\/cs\/lokalita\/transfer\/\" \/>\n<meta property=\"article:modified_time\" content=\"2022-12-22T08:55:02+00:00\" \/>\n<meta property=\"og:image\" content=\"https:\/\/www.interhotel-central.cz\/wp-content\/uploads\/sites\/5\/2019\/02\/car-2876864-slide.jpg\" \/>\n\t<meta property=\"og:image:width\" content=\"2200\" \/>\n\t<meta property=\"og:image:height\" content=\"1200\" \/>\n\t<meta property=\"og:image:type\" content=\"image\/jpeg\" \/>\n<meta name=\"twitter:card\" content=\"summary_large_image\" \/>\n<meta name=\"twitter:label1\" content=\"Odhadovan\u00e1 doba \u010dten\u00ed\" \/>\n\t<meta name=\"twitter:data1\" content=\"1 minuta\" \/>\n<script type=\"application\/ld+json\" class=\"yoast-schema-graph\">{\"@context\":\"https:\/\/schema.org\",\"@graph\":[{\"@type\":\"WebPage\",\"@id\":\"https:\/\/www.interhotel-central.cz\/cs\/lokalita\/transfer\/\",\"url\":\"https:\/\/www.interhotel-central.cz\/cs\/lokalita\/transfer\/\",\"name\":\"Transfer -\",\"isPartOf\":{\"@id\":\"https:\/\/www.interhotel-central.cz\/cs\/#website\"},\"primaryImageOfPage\":{\"@id\":\"https:\/\/www.interhotel-central.cz\/cs\/lokalita\/transfer\/#primaryimage\"},\"image\":{\"@id\":\"https:\/\/www.interhotel-central.cz\/cs\/lokalita\/transfer\/#primaryimage\"},\"thumbnailUrl\":\"https:\/\/www.interhotel-central.cz\/wp-content\/uploads\/sites\/5\/2019\/02\/car-2876864-slide.jpg\",\"datePublished\":\"2019-02-18T15:27:36+00:00\",\"dateModified\":\"2022-12-22T08:55:02+00:00\",\"breadcrumb\":{\"@id\":\"https:\/\/www.interhotel-central.cz\/cs\/lokalita\/transfer\/#breadcrumb\"},\"inLanguage\":\"cs\",\"potentialAction\":[{\"@type\":\"ReadAction\",\"target\":[\"https:\/\/www.interhotel-central.cz\/cs\/lokalita\/transfer\/\"]}]},{\"@type\":\"ImageObject\",\"inLanguage\":\"cs\",\"@id\":\"https:\/\/www.interhotel-central.cz\/cs\/lokalita\/transfer\/#primaryimage\",\"url\":\"https:\/\/www.interhotel-central.cz\/wp-content\/uploads\/sites\/5\/2019\/02\/car-2876864-slide.jpg\",\"contentUrl\":\"https:\/\/www.interhotel-central.cz\/wp-content\/uploads\/sites\/5\/2019\/02\/car-2876864-slide.jpg\",\"width\":2200,\"height\":1200},{\"@type\":\"BreadcrumbList\",\"@id\":\"https:\/\/www.interhotel-central.cz\/cs\/lokalita\/transfer\/#breadcrumb\",\"itemListElement\":[{\"@type\":\"ListItem\",\"position\":1,\"name\":\"Home\",\"item\":\"https:\/\/www.interhotel-central.cz\/cs\/\"},{\"@type\":\"ListItem\",\"position\":2,\"name\":\"Lokalita\",\"item\":\"https:\/\/www.interhotel-central.cz\/cs\/lokalita\/\"},{\"@type\":\"ListItem\",\"position\":3,\"name\":\"Transfer\"}]},{\"@type\":\"WebSite\",\"@id\":\"https:\/\/www.interhotel-central.cz\/cs\/#website\",\"url\":\"https:\/\/www.interhotel-central.cz\/cs\/\",\"name\":\"\",\"description\":\"Just another ms.decms.eu site\",\"potentialAction\":[{\"@type\":\"SearchAction\",\"target\":{\"@type\":\"EntryPoint\",\"urlTemplate\":\"https:\/\/www.interhotel-central.cz\/cs\/?s={search_term_string}\"},\"query-input\":{\"@type\":\"PropertyValueSpecification\",\"valueRequired\":true,\"valueName\":\"search_term_string\"}}],\"inLanguage\":\"cs\"}]}<\/script>\n<!-- \/ Yoast SEO plugin. -->","yoast_head_json":{"title":"Transfer -","robots":{"index":"index","follow":"follow","max-snippet":"max-snippet:-1","max-image-preview":"max-image-preview:large","max-video-preview":"max-video-preview:-1"},"canonical":"https:\/\/www.interhotel-central.cz\/cs\/lokalita\/transfer\/","og_locale":"cs_CZ","og_type":"article","og_title":"Transfer -","og_description":"Zaji\u0161\u0165ujeme individu\u00e1ln\u00ed transfer host\u016f z pra\u017esk\u00e9ho leti\u0161t\u011b dle p\u0159edchoz\u00ed domluvy. \u0158idi\u010d V\u00e1s uv\u00edt\u00e1 s\u00a0cedul\u00ed s\u00a0Va\u0161\u00edm [&hellip;]","og_url":"https:\/\/www.interhotel-central.cz\/cs\/lokalita\/transfer\/","article_modified_time":"2022-12-22T08:55:02+00:00","og_image":[{"width":2200,"height":1200,"url":"https:\/\/www.interhotel-central.cz\/wp-content\/uploads\/sites\/5\/2019\/02\/car-2876864-slide.jpg","type":"image\/jpeg"}],"twitter_card":"summary_large_image","twitter_misc":{"Odhadovan\u00e1 doba \u010dten\u00ed":"1 minuta"},"schema":{"@context":"https:\/\/schema.org","@graph":[{"@type":"WebPage","@id":"https:\/\/www.interhotel-central.cz\/cs\/lokalita\/transfer\/","url":"https:\/\/www.interhotel-central.cz\/cs\/lokalita\/transfer\/","name":"Transfer -","isPartOf":{"@id":"https:\/\/www.interhotel-central.cz\/cs\/#website"},"primaryImageOfPage":{"@id":"https:\/\/www.interhotel-central.cz\/cs\/lokalita\/transfer\/#primaryimage"},"image":{"@id":"https:\/\/www.interhotel-central.cz\/cs\/lokalita\/transfer\/#primaryimage"},"thumbnailUrl":"https:\/\/www.interhotel-central.cz\/wp-content\/uploads\/sites\/5\/2019\/02\/car-2876864-slide.jpg","datePublished":"2019-02-18T15:27:36+00:00","dateModified":"2022-12-22T08:55:02+00:00","breadcrumb":{"@id":"https:\/\/www.interhotel-central.cz\/cs\/lokalita\/transfer\/#breadcrumb"},"inLanguage":"cs","potentialAction":[{"@type":"ReadAction","target":["https:\/\/www.interhotel-central.cz\/cs\/lokalita\/transfer\/"]}]},{"@type":"ImageObject","inLanguage":"cs","@id":"https:\/\/www.interhotel-central.cz\/cs\/lokalita\/transfer\/#primaryimage","url":"https:\/\/www.interhotel-central.cz\/wp-content\/uploads\/sites\/5\/2019\/02\/car-2876864-slide.jpg","contentUrl":"https:\/\/www.interhotel-central.cz\/wp-content\/uploads\/sites\/5\/2019\/02\/car-2876864-slide.jpg","width":2200,"height":1200},{"@type":"BreadcrumbList","@id":"https:\/\/www.interhotel-central.cz\/cs\/lokalita\/transfer\/#breadcrumb","itemListElement":[{"@type":"ListItem","position":1,"name":"Home","item":"https:\/\/www.interhotel-central.cz\/cs\/"},{"@type":"ListItem","position":2,"name":"Lokalita","item":"https:\/\/www.interhotel-central.cz\/cs\/lokalita\/"},{"@type":"ListItem","position":3,"name":"Transfer"}]},{"@type":"WebSite","@id":"https:\/\/www.interhotel-central.cz\/cs\/#website","url":"https:\/\/www.interhotel-central.cz\/cs\/","name":"","description":"Just another ms.decms.eu site","potentialAction":[{"@type":"SearchAction","target":{"@type":"EntryPoint","urlTemplate":"https:\/\/www.interhotel-central.cz\/cs\/?s={search_term_string}"},"query-input":{"@type":"PropertyValueSpecification","valueRequired":true,"valueName":"search_term_string"}}],"inLanguage":"cs"}]}},"acf":[],"_links":{"self":[{"href":"https:\/\/www.interhotel-central.cz\/cs\/wp-json\/wp\/v2\/pages\/72","targetHints":{"allow":["GET"]}}],"collection":[{"href":"https:\/\/www.interhotel-central.cz\/cs\/wp-json\/wp\/v2\/pages"}],"about":[{"href":"https:\/\/www.interhotel-central.cz\/cs\/wp-json\/wp\/v2\/types\/page"}],"author":[{"embeddable":true,"href":"https:\/\/www.interhotel-central.cz\/cs\/wp-json\/wp\/v2\/users\/6"}],"replies":[{"embeddable":true,"href":"https:\/\/www.interhotel-central.cz\/cs\/wp-json\/wp\/v2\/comments?post=72"}],"version-history":[{"count":0,"href":"https:\/\/www.interhotel-central.cz\/cs\/wp-json\/wp\/v2\/pages\/72\/revisions"}],"up":[{"embeddable":true,"href":"https:\/\/www.interhotel-central.cz\/cs\/wp-json\/wp\/v2\/pages\/69"}],"wp:featuredmedia":[{"embeddable":true,"href":"https:\/\/www.interhotel-central.cz\/cs\/wp-json\/wp\/v2\/media\/357"}],"wp:attachment":[{"href":"https:\/\/www.interhotel-central.cz\/cs\/wp-json\/wp\/v2\/media?parent=72"}],"curies":[{"name":"wp","href":"https:\/\/api.w.org\/{rel}","templated":true}]}}