{"id":71,"date":"2019-02-18T15:27:41","date_gmt":"2019-02-18T15:27:41","guid":{"rendered":"http:\/\/interhotelcentral.ms.decms.eu\/?page_id=71"},"modified":"2025-12-30T14:49:58","modified_gmt":"2025-12-30T14:49:58","slug":"parking","status":"publish","type":"page","link":"https:\/\/www.interhotel-central.cz\/cs\/lokalita\/parking\/","title":{"rendered":"Parking"},"content":{"rendered":"<p>Interhotel Central se nach\u00e1z\u00ed v l\u00e1ze\u0148sk\u00e9 z\u00f3n\u011b, kde je obt\u00ed\u017en\u00e9 naj\u00edt m\u00edsto k parkov\u00e1n\u00ed a plat\u00ed z\u00e1kaz vjezdu nepovolen\u00fdch vozidel.\u00a0 Vjezd do l\u00e1ze\u0148sk\u00e9 z\u00f3ny je mo\u017en\u00fd bez povolen\u00ed pouze za \u00fa\u010delem vylo\u017een\u00ed a nalo\u017een\u00ed zavazadel.<\/p>\n<p>Parkov\u00e1n\u00ed je mo\u017en\u00e9 v gar\u00e1\u017ei p\u0159\u00edmo u hotelu. Cena: 25 euro\/noc.<\/p>\n<p>Parkovac\u00ed m\u00edsta jsou limitov\u00e1na n\u00e1sleduj\u00edc\u00edmi rozm\u011bry:<\/p>\n<p>Max. d\u00e9lka &#8211; 500 cm<\/p>\n<p>Max. \u0161\u00ed\u0159ka &#8211; 205 cm<\/p>\n<p>Max. v\u00fd\u0161ka &#8211; 150cm<\/p>\n<p>Max. hmotnost &#8211; 2.300 kg<\/p>\n<p>P\u0159ed vytvo\u0159en\u00edm rezervace pros\u00edm prov\u011b\u0159te rozm\u011bry Va\u0161eho vozu.<\/p>\n<p>V\u011bt\u0161\u00ed auta po domluv\u011b.<\/p>\n","protected":false},"excerpt":{"rendered":"<p>Interhotel Central se nach\u00e1z\u00ed v l\u00e1ze\u0148sk\u00e9 z\u00f3n\u011b, kde je obt\u00ed\u017en\u00e9 naj\u00edt m\u00edsto k parkov\u00e1n\u00ed a [&hellip;]<\/p>\n","protected":false},"author":6,"featured_media":352,"parent":69,"menu_order":41,"comment_status":"closed","ping_status":"closed","template":"","meta":{"footnotes":""},"class_list":["post-71","page","type-page","status-publish","has-post-thumbnail","hentry"],"yoast_head":"<!-- This site is optimized with the Yoast SEO plugin v26.9 - https:\/\/yoast.com\/product\/yoast-seo-wordpress\/ -->\n<title>Parking -<\/title>\n<meta name=\"robots\" content=\"index, follow, max-snippet:-1, max-image-preview:large, max-video-preview:-1\" \/>\n<link rel=\"canonical\" href=\"https:\/\/www.interhotel-central.cz\/cs\/lokalita\/parking\/\" \/>\n<meta property=\"og:locale\" content=\"cs_CZ\" \/>\n<meta property=\"og:type\" content=\"article\" \/>\n<meta property=\"og:title\" content=\"Parking -\" \/>\n<meta property=\"og:description\" content=\"Interhotel Central se nach\u00e1z\u00ed v l\u00e1ze\u0148sk\u00e9 z\u00f3n\u011b, kde je obt\u00ed\u017en\u00e9 naj\u00edt m\u00edsto k parkov\u00e1n\u00ed a [&hellip;]\" \/>\n<meta property=\"og:url\" content=\"https:\/\/www.interhotel-central.cz\/cs\/lokalita\/parking\/\" \/>\n<meta property=\"article:modified_time\" content=\"2025-12-30T14:49:58+00:00\" \/>\n<meta property=\"og:image\" content=\"https:\/\/www.interhotel-central.cz\/wp-content\/uploads\/sites\/5\/2019\/02\/garage-1220347.jpg\" \/>\n\t<meta property=\"og:image:width\" content=\"2200\" \/>\n\t<meta property=\"og:image:height\" content=\"1200\" \/>\n\t<meta property=\"og:image:type\" content=\"image\/jpeg\" \/>\n<meta name=\"twitter:card\" content=\"summary_large_image\" \/>\n<meta name=\"twitter:label1\" content=\"Odhadovan\u00e1 doba \u010dten\u00ed\" \/>\n\t<meta name=\"twitter:data1\" content=\"1 minuta\" \/>\n<script type=\"application\/ld+json\" class=\"yoast-schema-graph\">{\"@context\":\"https:\/\/schema.org\",\"@graph\":[{\"@type\":\"WebPage\",\"@id\":\"https:\/\/www.interhotel-central.cz\/cs\/lokalita\/parking\/\",\"url\":\"https:\/\/www.interhotel-central.cz\/cs\/lokalita\/parking\/\",\"name\":\"Parking -\",\"isPartOf\":{\"@id\":\"https:\/\/www.interhotel-central.cz\/cs\/#website\"},\"primaryImageOfPage\":{\"@id\":\"https:\/\/www.interhotel-central.cz\/cs\/lokalita\/parking\/#primaryimage\"},\"image\":{\"@id\":\"https:\/\/www.interhotel-central.cz\/cs\/lokalita\/parking\/#primaryimage\"},\"thumbnailUrl\":\"https:\/\/www.interhotel-central.cz\/wp-content\/uploads\/sites\/5\/2019\/02\/garage-1220347.jpg\",\"datePublished\":\"2019-02-18T15:27:41+00:00\",\"dateModified\":\"2025-12-30T14:49:58+00:00\",\"breadcrumb\":{\"@id\":\"https:\/\/www.interhotel-central.cz\/cs\/lokalita\/parking\/#breadcrumb\"},\"inLanguage\":\"cs\",\"potentialAction\":[{\"@type\":\"ReadAction\",\"target\":[\"https:\/\/www.interhotel-central.cz\/cs\/lokalita\/parking\/\"]}]},{\"@type\":\"ImageObject\",\"inLanguage\":\"cs\",\"@id\":\"https:\/\/www.interhotel-central.cz\/cs\/lokalita\/parking\/#primaryimage\",\"url\":\"https:\/\/www.interhotel-central.cz\/wp-content\/uploads\/sites\/5\/2019\/02\/garage-1220347.jpg\",\"contentUrl\":\"https:\/\/www.interhotel-central.cz\/wp-content\/uploads\/sites\/5\/2019\/02\/garage-1220347.jpg\",\"width\":2200,\"height\":1200},{\"@type\":\"BreadcrumbList\",\"@id\":\"https:\/\/www.interhotel-central.cz\/cs\/lokalita\/parking\/#breadcrumb\",\"itemListElement\":[{\"@type\":\"ListItem\",\"position\":1,\"name\":\"Home\",\"item\":\"https:\/\/www.interhotel-central.cz\/cs\/\"},{\"@type\":\"ListItem\",\"position\":2,\"name\":\"Lokalita\",\"item\":\"https:\/\/www.interhotel-central.cz\/cs\/lokalita\/\"},{\"@type\":\"ListItem\",\"position\":3,\"name\":\"Parking\"}]},{\"@type\":\"WebSite\",\"@id\":\"https:\/\/www.interhotel-central.cz\/cs\/#website\",\"url\":\"https:\/\/www.interhotel-central.cz\/cs\/\",\"name\":\"\",\"description\":\"Just another ms.decms.eu site\",\"potentialAction\":[{\"@type\":\"SearchAction\",\"target\":{\"@type\":\"EntryPoint\",\"urlTemplate\":\"https:\/\/www.interhotel-central.cz\/cs\/?s={search_term_string}\"},\"query-input\":{\"@type\":\"PropertyValueSpecification\",\"valueRequired\":true,\"valueName\":\"search_term_string\"}}],\"inLanguage\":\"cs\"}]}<\/script>\n<!-- \/ Yoast SEO plugin. -->","yoast_head_json":{"title":"Parking -","robots":{"index":"index","follow":"follow","max-snippet":"max-snippet:-1","max-image-preview":"max-image-preview:large","max-video-preview":"max-video-preview:-1"},"canonical":"https:\/\/www.interhotel-central.cz\/cs\/lokalita\/parking\/","og_locale":"cs_CZ","og_type":"article","og_title":"Parking -","og_description":"Interhotel Central se nach\u00e1z\u00ed v l\u00e1ze\u0148sk\u00e9 z\u00f3n\u011b, kde je obt\u00ed\u017en\u00e9 naj\u00edt m\u00edsto k parkov\u00e1n\u00ed a [&hellip;]","og_url":"https:\/\/www.interhotel-central.cz\/cs\/lokalita\/parking\/","article_modified_time":"2025-12-30T14:49:58+00:00","og_image":[{"width":2200,"height":1200,"url":"https:\/\/www.interhotel-central.cz\/wp-content\/uploads\/sites\/5\/2019\/02\/garage-1220347.jpg","type":"image\/jpeg"}],"twitter_card":"summary_large_image","twitter_misc":{"Odhadovan\u00e1 doba \u010dten\u00ed":"1 minuta"},"schema":{"@context":"https:\/\/schema.org","@graph":[{"@type":"WebPage","@id":"https:\/\/www.interhotel-central.cz\/cs\/lokalita\/parking\/","url":"https:\/\/www.interhotel-central.cz\/cs\/lokalita\/parking\/","name":"Parking -","isPartOf":{"@id":"https:\/\/www.interhotel-central.cz\/cs\/#website"},"primaryImageOfPage":{"@id":"https:\/\/www.interhotel-central.cz\/cs\/lokalita\/parking\/#primaryimage"},"image":{"@id":"https:\/\/www.interhotel-central.cz\/cs\/lokalita\/parking\/#primaryimage"},"thumbnailUrl":"https:\/\/www.interhotel-central.cz\/wp-content\/uploads\/sites\/5\/2019\/02\/garage-1220347.jpg","datePublished":"2019-02-18T15:27:41+00:00","dateModified":"2025-12-30T14:49:58+00:00","breadcrumb":{"@id":"https:\/\/www.interhotel-central.cz\/cs\/lokalita\/parking\/#breadcrumb"},"inLanguage":"cs","potentialAction":[{"@type":"ReadAction","target":["https:\/\/www.interhotel-central.cz\/cs\/lokalita\/parking\/"]}]},{"@type":"ImageObject","inLanguage":"cs","@id":"https:\/\/www.interhotel-central.cz\/cs\/lokalita\/parking\/#primaryimage","url":"https:\/\/www.interhotel-central.cz\/wp-content\/uploads\/sites\/5\/2019\/02\/garage-1220347.jpg","contentUrl":"https:\/\/www.interhotel-central.cz\/wp-content\/uploads\/sites\/5\/2019\/02\/garage-1220347.jpg","width":2200,"height":1200},{"@type":"BreadcrumbList","@id":"https:\/\/www.interhotel-central.cz\/cs\/lokalita\/parking\/#breadcrumb","itemListElement":[{"@type":"ListItem","position":1,"name":"Home","item":"https:\/\/www.interhotel-central.cz\/cs\/"},{"@type":"ListItem","position":2,"name":"Lokalita","item":"https:\/\/www.interhotel-central.cz\/cs\/lokalita\/"},{"@type":"ListItem","position":3,"name":"Parking"}]},{"@type":"WebSite","@id":"https:\/\/www.interhotel-central.cz\/cs\/#website","url":"https:\/\/www.interhotel-central.cz\/cs\/","name":"","description":"Just another ms.decms.eu site","potentialAction":[{"@type":"SearchAction","target":{"@type":"EntryPoint","urlTemplate":"https:\/\/www.interhotel-central.cz\/cs\/?s={search_term_string}"},"query-input":{"@type":"PropertyValueSpecification","valueRequired":true,"valueName":"search_term_string"}}],"inLanguage":"cs"}]}},"acf":[],"_links":{"self":[{"href":"https:\/\/www.interhotel-central.cz\/cs\/wp-json\/wp\/v2\/pages\/71","targetHints":{"allow":["GET"]}}],"collection":[{"href":"https:\/\/www.interhotel-central.cz\/cs\/wp-json\/wp\/v2\/pages"}],"about":[{"href":"https:\/\/www.interhotel-central.cz\/cs\/wp-json\/wp\/v2\/types\/page"}],"author":[{"embeddable":true,"href":"https:\/\/www.interhotel-central.cz\/cs\/wp-json\/wp\/v2\/users\/6"}],"replies":[{"embeddable":true,"href":"https:\/\/www.interhotel-central.cz\/cs\/wp-json\/wp\/v2\/comments?post=71"}],"version-history":[{"count":0,"href":"https:\/\/www.interhotel-central.cz\/cs\/wp-json\/wp\/v2\/pages\/71\/revisions"}],"up":[{"embeddable":true,"href":"https:\/\/www.interhotel-central.cz\/cs\/wp-json\/wp\/v2\/pages\/69"}],"wp:featuredmedia":[{"embeddable":true,"href":"https:\/\/www.interhotel-central.cz\/cs\/wp-json\/wp\/v2\/media\/352"}],"wp:attachment":[{"href":"https:\/\/www.interhotel-central.cz\/cs\/wp-json\/wp\/v2\/media?parent=71"}],"curies":[{"name":"wp","href":"https:\/\/api.w.org\/{rel}","templated":true}]}}