{"id":69,"date":"2019-02-18T15:26:34","date_gmt":"2019-02-18T15:26:34","guid":{"rendered":"http:\/\/interhotelcentral.ms.decms.eu\/?page_id=69"},"modified":"2022-12-16T15:37:35","modified_gmt":"2022-12-16T15:37:35","slug":"lokalita","status":"publish","type":"page","link":"https:\/\/www.interhotel-central.cz\/cs\/lokalita\/","title":{"rendered":"Lokalita"},"content":{"rendered":"<p>Interhotel Central se nach\u00e1z\u00ed p\u0159\u00edmo v srdci l\u00e1ze\u0148sk\u00e9 z\u00f3ny na Divadeln\u00edm n\u00e1m\u011bst\u00ed, vzd\u00e1len\u00fd pouze 100 metr\u016f od kolon\u00e1dy s nejzn\u00e1m\u011bj\u0161\u00edm term\u00e1ln\u00edm pramenem V\u0159\u00eddlo. Velkou v\u00fdhodou hotelu je snadn\u00e1 dostupnost v\u0161ech miner\u00e1ln\u00edch pramen\u016f v jedn\u00e9 rovin\u011b a kr\u00e1tk\u00e1 vzd\u00e1lenost k v\u011bt\u0161in\u011b kulturn\u00edch pam\u00e1tek Karlov\u00fdch Var\u016f.<\/p>\n<p>V t\u011bsn\u00e9 bl\u00edzkosti se tak\u00e9 nach\u00e1z\u00ed autobusov\u00e1 zast\u00e1vka, odkud je mo\u017en\u00e9 p\u0159epravit se na autobusov\u00e9 a vlakov\u00e9 n\u00e1dra\u017e\u00ed nebo do n\u00e1kupn\u00edch center.<\/p>\n","protected":false},"excerpt":{"rendered":"<p>Interhotel Central se nach\u00e1z\u00ed p\u0159\u00edmo v srdci l\u00e1ze\u0148sk\u00e9 z\u00f3ny na Divadeln\u00edm n\u00e1m\u011bst\u00ed, vzd\u00e1len\u00fd pouze 100 [&hellip;]<\/p>\n","protected":false},"author":6,"featured_media":347,"parent":0,"menu_order":70,"comment_status":"closed","ping_status":"closed","template":"template-location.php","meta":{"footnotes":""},"class_list":["post-69","page","type-page","status-publish","has-post-thumbnail","hentry"],"yoast_head":"<!-- This site is optimized with the Yoast SEO plugin v26.9 - https:\/\/yoast.com\/product\/yoast-seo-wordpress\/ -->\n<title>Lokalita -<\/title>\n<meta name=\"robots\" content=\"index, follow, max-snippet:-1, max-image-preview:large, max-video-preview:-1\" \/>\n<link rel=\"canonical\" href=\"https:\/\/www.interhotel-central.cz\/cs\/lokalita\/\" \/>\n<meta property=\"og:locale\" content=\"cs_CZ\" \/>\n<meta property=\"og:type\" content=\"article\" \/>\n<meta property=\"og:title\" content=\"Lokalita -\" \/>\n<meta property=\"og:description\" content=\"Interhotel Central se nach\u00e1z\u00ed p\u0159\u00edmo v srdci l\u00e1ze\u0148sk\u00e9 z\u00f3ny na Divadeln\u00edm n\u00e1m\u011bst\u00ed, vzd\u00e1len\u00fd pouze 100 [&hellip;]\" \/>\n<meta property=\"og:url\" content=\"https:\/\/www.interhotel-central.cz\/cs\/lokalita\/\" \/>\n<meta property=\"article:modified_time\" content=\"2022-12-16T15:37:35+00:00\" \/>\n<meta property=\"og:image\" content=\"https:\/\/www.interhotel-central.cz\/wp-content\/uploads\/sites\/5\/2019\/02\/Interhotel-central-25.jpg\" \/>\n\t<meta property=\"og:image:width\" content=\"2200\" \/>\n\t<meta property=\"og:image:height\" content=\"1200\" \/>\n\t<meta property=\"og:image:type\" content=\"image\/jpeg\" \/>\n<meta name=\"twitter:card\" content=\"summary_large_image\" \/>\n<meta name=\"twitter:label1\" content=\"Odhadovan\u00e1 doba \u010dten\u00ed\" \/>\n\t<meta name=\"twitter:data1\" content=\"1 minuta\" \/>\n<script type=\"application\/ld+json\" class=\"yoast-schema-graph\">{\"@context\":\"https:\/\/schema.org\",\"@graph\":[{\"@type\":\"WebPage\",\"@id\":\"https:\/\/www.interhotel-central.cz\/cs\/lokalita\/\",\"url\":\"https:\/\/www.interhotel-central.cz\/cs\/lokalita\/\",\"name\":\"Lokalita -\",\"isPartOf\":{\"@id\":\"https:\/\/www.interhotel-central.cz\/cs\/#website\"},\"primaryImageOfPage\":{\"@id\":\"https:\/\/www.interhotel-central.cz\/cs\/lokalita\/#primaryimage\"},\"image\":{\"@id\":\"https:\/\/www.interhotel-central.cz\/cs\/lokalita\/#primaryimage\"},\"thumbnailUrl\":\"https:\/\/www.interhotel-central.cz\/wp-content\/uploads\/sites\/5\/2019\/02\/Interhotel-central-25.jpg\",\"datePublished\":\"2019-02-18T15:26:34+00:00\",\"dateModified\":\"2022-12-16T15:37:35+00:00\",\"breadcrumb\":{\"@id\":\"https:\/\/www.interhotel-central.cz\/cs\/lokalita\/#breadcrumb\"},\"inLanguage\":\"cs\",\"potentialAction\":[{\"@type\":\"ReadAction\",\"target\":[\"https:\/\/www.interhotel-central.cz\/cs\/lokalita\/\"]}]},{\"@type\":\"ImageObject\",\"inLanguage\":\"cs\",\"@id\":\"https:\/\/www.interhotel-central.cz\/cs\/lokalita\/#primaryimage\",\"url\":\"https:\/\/www.interhotel-central.cz\/wp-content\/uploads\/sites\/5\/2019\/02\/Interhotel-central-25.jpg\",\"contentUrl\":\"https:\/\/www.interhotel-central.cz\/wp-content\/uploads\/sites\/5\/2019\/02\/Interhotel-central-25.jpg\",\"width\":2200,\"height\":1200},{\"@type\":\"BreadcrumbList\",\"@id\":\"https:\/\/www.interhotel-central.cz\/cs\/lokalita\/#breadcrumb\",\"itemListElement\":[{\"@type\":\"ListItem\",\"position\":1,\"name\":\"Home\",\"item\":\"https:\/\/www.interhotel-central.cz\/cs\/\"},{\"@type\":\"ListItem\",\"position\":2,\"name\":\"Lokalita\"}]},{\"@type\":\"WebSite\",\"@id\":\"https:\/\/www.interhotel-central.cz\/cs\/#website\",\"url\":\"https:\/\/www.interhotel-central.cz\/cs\/\",\"name\":\"\",\"description\":\"Just another ms.decms.eu site\",\"potentialAction\":[{\"@type\":\"SearchAction\",\"target\":{\"@type\":\"EntryPoint\",\"urlTemplate\":\"https:\/\/www.interhotel-central.cz\/cs\/?s={search_term_string}\"},\"query-input\":{\"@type\":\"PropertyValueSpecification\",\"valueRequired\":true,\"valueName\":\"search_term_string\"}}],\"inLanguage\":\"cs\"}]}<\/script>\n<!-- \/ Yoast SEO plugin. -->","yoast_head_json":{"title":"Lokalita -","robots":{"index":"index","follow":"follow","max-snippet":"max-snippet:-1","max-image-preview":"max-image-preview:large","max-video-preview":"max-video-preview:-1"},"canonical":"https:\/\/www.interhotel-central.cz\/cs\/lokalita\/","og_locale":"cs_CZ","og_type":"article","og_title":"Lokalita -","og_description":"Interhotel Central se nach\u00e1z\u00ed p\u0159\u00edmo v srdci l\u00e1ze\u0148sk\u00e9 z\u00f3ny na Divadeln\u00edm n\u00e1m\u011bst\u00ed, vzd\u00e1len\u00fd pouze 100 [&hellip;]","og_url":"https:\/\/www.interhotel-central.cz\/cs\/lokalita\/","article_modified_time":"2022-12-16T15:37:35+00:00","og_image":[{"width":2200,"height":1200,"url":"https:\/\/www.interhotel-central.cz\/wp-content\/uploads\/sites\/5\/2019\/02\/Interhotel-central-25.jpg","type":"image\/jpeg"}],"twitter_card":"summary_large_image","twitter_misc":{"Odhadovan\u00e1 doba \u010dten\u00ed":"1 minuta"},"schema":{"@context":"https:\/\/schema.org","@graph":[{"@type":"WebPage","@id":"https:\/\/www.interhotel-central.cz\/cs\/lokalita\/","url":"https:\/\/www.interhotel-central.cz\/cs\/lokalita\/","name":"Lokalita -","isPartOf":{"@id":"https:\/\/www.interhotel-central.cz\/cs\/#website"},"primaryImageOfPage":{"@id":"https:\/\/www.interhotel-central.cz\/cs\/lokalita\/#primaryimage"},"image":{"@id":"https:\/\/www.interhotel-central.cz\/cs\/lokalita\/#primaryimage"},"thumbnailUrl":"https:\/\/www.interhotel-central.cz\/wp-content\/uploads\/sites\/5\/2019\/02\/Interhotel-central-25.jpg","datePublished":"2019-02-18T15:26:34+00:00","dateModified":"2022-12-16T15:37:35+00:00","breadcrumb":{"@id":"https:\/\/www.interhotel-central.cz\/cs\/lokalita\/#breadcrumb"},"inLanguage":"cs","potentialAction":[{"@type":"ReadAction","target":["https:\/\/www.interhotel-central.cz\/cs\/lokalita\/"]}]},{"@type":"ImageObject","inLanguage":"cs","@id":"https:\/\/www.interhotel-central.cz\/cs\/lokalita\/#primaryimage","url":"https:\/\/www.interhotel-central.cz\/wp-content\/uploads\/sites\/5\/2019\/02\/Interhotel-central-25.jpg","contentUrl":"https:\/\/www.interhotel-central.cz\/wp-content\/uploads\/sites\/5\/2019\/02\/Interhotel-central-25.jpg","width":2200,"height":1200},{"@type":"BreadcrumbList","@id":"https:\/\/www.interhotel-central.cz\/cs\/lokalita\/#breadcrumb","itemListElement":[{"@type":"ListItem","position":1,"name":"Home","item":"https:\/\/www.interhotel-central.cz\/cs\/"},{"@type":"ListItem","position":2,"name":"Lokalita"}]},{"@type":"WebSite","@id":"https:\/\/www.interhotel-central.cz\/cs\/#website","url":"https:\/\/www.interhotel-central.cz\/cs\/","name":"","description":"Just another ms.decms.eu site","potentialAction":[{"@type":"SearchAction","target":{"@type":"EntryPoint","urlTemplate":"https:\/\/www.interhotel-central.cz\/cs\/?s={search_term_string}"},"query-input":{"@type":"PropertyValueSpecification","valueRequired":true,"valueName":"search_term_string"}}],"inLanguage":"cs"}]}},"acf":[],"_links":{"self":[{"href":"https:\/\/www.interhotel-central.cz\/cs\/wp-json\/wp\/v2\/pages\/69","targetHints":{"allow":["GET"]}}],"collection":[{"href":"https:\/\/www.interhotel-central.cz\/cs\/wp-json\/wp\/v2\/pages"}],"about":[{"href":"https:\/\/www.interhotel-central.cz\/cs\/wp-json\/wp\/v2\/types\/page"}],"author":[{"embeddable":true,"href":"https:\/\/www.interhotel-central.cz\/cs\/wp-json\/wp\/v2\/users\/6"}],"replies":[{"embeddable":true,"href":"https:\/\/www.interhotel-central.cz\/cs\/wp-json\/wp\/v2\/comments?post=69"}],"version-history":[{"count":0,"href":"https:\/\/www.interhotel-central.cz\/cs\/wp-json\/wp\/v2\/pages\/69\/revisions"}],"wp:featuredmedia":[{"embeddable":true,"href":"https:\/\/www.interhotel-central.cz\/cs\/wp-json\/wp\/v2\/media\/347"}],"wp:attachment":[{"href":"https:\/\/www.interhotel-central.cz\/cs\/wp-json\/wp\/v2\/media?parent=69"}],"curies":[{"name":"wp","href":"https:\/\/api.w.org\/{rel}","templated":true}]}}