{"id":67,"date":"2019-02-18T15:25:40","date_gmt":"2019-02-18T15:25:40","guid":{"rendered":"http:\/\/interhotelcentral.ms.decms.eu\/?page_id=67"},"modified":"2022-12-19T09:37:24","modified_gmt":"2022-12-19T09:37:24","slug":"lobby-bar","status":"publish","type":"page","link":"https:\/\/www.interhotel-central.cz\/cs\/gastronomie\/lobby-bar\/","title":{"rendered":"Lobby bar"},"content":{"rendered":"<p>V p\u0159\u00edzem\u00ed hotelu se nach\u00e1z\u00ed \u00fatuln\u00fd lobby bar, ve kter\u00e9m si m\u016f\u017eete pohodln\u011b vychutnat odpoledn\u00ed \u010daj \u010di k\u00e1vu. V p\u0159\u00edjemn\u00e9m neform\u00e1ln\u00edm prost\u0159ed\u00ed se tak\u00e9 serv\u00edruje dobr\u00e9 \u010desk\u00e9 pivo, v\u00edno a cel\u00e1 \u0159ada dal\u0161\u00edch nealkoholick\u00fdch a alkoholick\u00fdch n\u00e1poj\u016f.<\/p>\n","protected":false},"excerpt":{"rendered":"<p>V p\u0159\u00edzem\u00ed hotelu se nach\u00e1z\u00ed \u00fatuln\u00fd lobby bar, ve kter\u00e9m si m\u016f\u017eete pohodln\u011b vychutnat odpoledn\u00ed [&hellip;]<\/p>\n","protected":false},"author":6,"featured_media":337,"parent":65,"menu_order":42,"comment_status":"closed","ping_status":"closed","template":"","meta":{"footnotes":""},"class_list":["post-67","page","type-page","status-publish","has-post-thumbnail","hentry"],"yoast_head":"<!-- This site is optimized with the Yoast SEO plugin v26.9 - https:\/\/yoast.com\/product\/yoast-seo-wordpress\/ -->\n<title>Lobby bar -<\/title>\n<meta name=\"robots\" content=\"index, follow, max-snippet:-1, max-image-preview:large, max-video-preview:-1\" \/>\n<link rel=\"canonical\" href=\"https:\/\/www.interhotel-central.cz\/cs\/gastronomie\/lobby-bar\/\" \/>\n<meta property=\"og:locale\" content=\"cs_CZ\" \/>\n<meta property=\"og:type\" content=\"article\" \/>\n<meta property=\"og:title\" content=\"Lobby bar -\" \/>\n<meta property=\"og:description\" content=\"V p\u0159\u00edzem\u00ed hotelu se nach\u00e1z\u00ed \u00fatuln\u00fd lobby bar, ve kter\u00e9m si m\u016f\u017eete pohodln\u011b vychutnat odpoledn\u00ed [&hellip;]\" \/>\n<meta property=\"og:url\" content=\"https:\/\/www.interhotel-central.cz\/cs\/gastronomie\/lobby-bar\/\" \/>\n<meta property=\"article:modified_time\" content=\"2022-12-19T09:37:24+00:00\" \/>\n<meta property=\"og:image\" content=\"https:\/\/www.interhotel-central.cz\/wp-content\/uploads\/sites\/5\/2019\/02\/interhotel-central-20-1.jpg\" \/>\n\t<meta property=\"og:image:width\" content=\"2200\" \/>\n\t<meta property=\"og:image:height\" content=\"1200\" \/>\n\t<meta property=\"og:image:type\" content=\"image\/jpeg\" \/>\n<meta name=\"twitter:card\" content=\"summary_large_image\" \/>\n<meta name=\"twitter:label1\" content=\"Odhadovan\u00e1 doba \u010dten\u00ed\" \/>\n\t<meta name=\"twitter:data1\" content=\"1 minuta\" \/>\n<script type=\"application\/ld+json\" class=\"yoast-schema-graph\">{\"@context\":\"https:\/\/schema.org\",\"@graph\":[{\"@type\":\"WebPage\",\"@id\":\"https:\/\/www.interhotel-central.cz\/cs\/gastronomie\/lobby-bar\/\",\"url\":\"https:\/\/www.interhotel-central.cz\/cs\/gastronomie\/lobby-bar\/\",\"name\":\"Lobby bar -\",\"isPartOf\":{\"@id\":\"https:\/\/www.interhotel-central.cz\/cs\/#website\"},\"primaryImageOfPage\":{\"@id\":\"https:\/\/www.interhotel-central.cz\/cs\/gastronomie\/lobby-bar\/#primaryimage\"},\"image\":{\"@id\":\"https:\/\/www.interhotel-central.cz\/cs\/gastronomie\/lobby-bar\/#primaryimage\"},\"thumbnailUrl\":\"https:\/\/www.interhotel-central.cz\/wp-content\/uploads\/sites\/5\/2019\/02\/interhotel-central-20-1.jpg\",\"datePublished\":\"2019-02-18T15:25:40+00:00\",\"dateModified\":\"2022-12-19T09:37:24+00:00\",\"breadcrumb\":{\"@id\":\"https:\/\/www.interhotel-central.cz\/cs\/gastronomie\/lobby-bar\/#breadcrumb\"},\"inLanguage\":\"cs\",\"potentialAction\":[{\"@type\":\"ReadAction\",\"target\":[\"https:\/\/www.interhotel-central.cz\/cs\/gastronomie\/lobby-bar\/\"]}]},{\"@type\":\"ImageObject\",\"inLanguage\":\"cs\",\"@id\":\"https:\/\/www.interhotel-central.cz\/cs\/gastronomie\/lobby-bar\/#primaryimage\",\"url\":\"https:\/\/www.interhotel-central.cz\/wp-content\/uploads\/sites\/5\/2019\/02\/interhotel-central-20-1.jpg\",\"contentUrl\":\"https:\/\/www.interhotel-central.cz\/wp-content\/uploads\/sites\/5\/2019\/02\/interhotel-central-20-1.jpg\",\"width\":2200,\"height\":1200},{\"@type\":\"BreadcrumbList\",\"@id\":\"https:\/\/www.interhotel-central.cz\/cs\/gastronomie\/lobby-bar\/#breadcrumb\",\"itemListElement\":[{\"@type\":\"ListItem\",\"position\":1,\"name\":\"Home\",\"item\":\"https:\/\/www.interhotel-central.cz\/cs\/\"},{\"@type\":\"ListItem\",\"position\":2,\"name\":\"Gastronomie\",\"item\":\"https:\/\/www.interhotel-central.cz\/cs\/gastronomie\/\"},{\"@type\":\"ListItem\",\"position\":3,\"name\":\"Lobby bar\"}]},{\"@type\":\"WebSite\",\"@id\":\"https:\/\/www.interhotel-central.cz\/cs\/#website\",\"url\":\"https:\/\/www.interhotel-central.cz\/cs\/\",\"name\":\"\",\"description\":\"Just another ms.decms.eu site\",\"potentialAction\":[{\"@type\":\"SearchAction\",\"target\":{\"@type\":\"EntryPoint\",\"urlTemplate\":\"https:\/\/www.interhotel-central.cz\/cs\/?s={search_term_string}\"},\"query-input\":{\"@type\":\"PropertyValueSpecification\",\"valueRequired\":true,\"valueName\":\"search_term_string\"}}],\"inLanguage\":\"cs\"}]}<\/script>\n<!-- \/ Yoast SEO plugin. -->","yoast_head_json":{"title":"Lobby bar -","robots":{"index":"index","follow":"follow","max-snippet":"max-snippet:-1","max-image-preview":"max-image-preview:large","max-video-preview":"max-video-preview:-1"},"canonical":"https:\/\/www.interhotel-central.cz\/cs\/gastronomie\/lobby-bar\/","og_locale":"cs_CZ","og_type":"article","og_title":"Lobby bar -","og_description":"V p\u0159\u00edzem\u00ed hotelu se nach\u00e1z\u00ed \u00fatuln\u00fd lobby bar, ve kter\u00e9m si m\u016f\u017eete pohodln\u011b vychutnat odpoledn\u00ed [&hellip;]","og_url":"https:\/\/www.interhotel-central.cz\/cs\/gastronomie\/lobby-bar\/","article_modified_time":"2022-12-19T09:37:24+00:00","og_image":[{"width":2200,"height":1200,"url":"https:\/\/www.interhotel-central.cz\/wp-content\/uploads\/sites\/5\/2019\/02\/interhotel-central-20-1.jpg","type":"image\/jpeg"}],"twitter_card":"summary_large_image","twitter_misc":{"Odhadovan\u00e1 doba \u010dten\u00ed":"1 minuta"},"schema":{"@context":"https:\/\/schema.org","@graph":[{"@type":"WebPage","@id":"https:\/\/www.interhotel-central.cz\/cs\/gastronomie\/lobby-bar\/","url":"https:\/\/www.interhotel-central.cz\/cs\/gastronomie\/lobby-bar\/","name":"Lobby bar -","isPartOf":{"@id":"https:\/\/www.interhotel-central.cz\/cs\/#website"},"primaryImageOfPage":{"@id":"https:\/\/www.interhotel-central.cz\/cs\/gastronomie\/lobby-bar\/#primaryimage"},"image":{"@id":"https:\/\/www.interhotel-central.cz\/cs\/gastronomie\/lobby-bar\/#primaryimage"},"thumbnailUrl":"https:\/\/www.interhotel-central.cz\/wp-content\/uploads\/sites\/5\/2019\/02\/interhotel-central-20-1.jpg","datePublished":"2019-02-18T15:25:40+00:00","dateModified":"2022-12-19T09:37:24+00:00","breadcrumb":{"@id":"https:\/\/www.interhotel-central.cz\/cs\/gastronomie\/lobby-bar\/#breadcrumb"},"inLanguage":"cs","potentialAction":[{"@type":"ReadAction","target":["https:\/\/www.interhotel-central.cz\/cs\/gastronomie\/lobby-bar\/"]}]},{"@type":"ImageObject","inLanguage":"cs","@id":"https:\/\/www.interhotel-central.cz\/cs\/gastronomie\/lobby-bar\/#primaryimage","url":"https:\/\/www.interhotel-central.cz\/wp-content\/uploads\/sites\/5\/2019\/02\/interhotel-central-20-1.jpg","contentUrl":"https:\/\/www.interhotel-central.cz\/wp-content\/uploads\/sites\/5\/2019\/02\/interhotel-central-20-1.jpg","width":2200,"height":1200},{"@type":"BreadcrumbList","@id":"https:\/\/www.interhotel-central.cz\/cs\/gastronomie\/lobby-bar\/#breadcrumb","itemListElement":[{"@type":"ListItem","position":1,"name":"Home","item":"https:\/\/www.interhotel-central.cz\/cs\/"},{"@type":"ListItem","position":2,"name":"Gastronomie","item":"https:\/\/www.interhotel-central.cz\/cs\/gastronomie\/"},{"@type":"ListItem","position":3,"name":"Lobby bar"}]},{"@type":"WebSite","@id":"https:\/\/www.interhotel-central.cz\/cs\/#website","url":"https:\/\/www.interhotel-central.cz\/cs\/","name":"","description":"Just another ms.decms.eu site","potentialAction":[{"@type":"SearchAction","target":{"@type":"EntryPoint","urlTemplate":"https:\/\/www.interhotel-central.cz\/cs\/?s={search_term_string}"},"query-input":{"@type":"PropertyValueSpecification","valueRequired":true,"valueName":"search_term_string"}}],"inLanguage":"cs"}]}},"acf":[],"_links":{"self":[{"href":"https:\/\/www.interhotel-central.cz\/cs\/wp-json\/wp\/v2\/pages\/67","targetHints":{"allow":["GET"]}}],"collection":[{"href":"https:\/\/www.interhotel-central.cz\/cs\/wp-json\/wp\/v2\/pages"}],"about":[{"href":"https:\/\/www.interhotel-central.cz\/cs\/wp-json\/wp\/v2\/types\/page"}],"author":[{"embeddable":true,"href":"https:\/\/www.interhotel-central.cz\/cs\/wp-json\/wp\/v2\/users\/6"}],"replies":[{"embeddable":true,"href":"https:\/\/www.interhotel-central.cz\/cs\/wp-json\/wp\/v2\/comments?post=67"}],"version-history":[{"count":0,"href":"https:\/\/www.interhotel-central.cz\/cs\/wp-json\/wp\/v2\/pages\/67\/revisions"}],"up":[{"embeddable":true,"href":"https:\/\/www.interhotel-central.cz\/cs\/wp-json\/wp\/v2\/pages\/65"}],"wp:featuredmedia":[{"embeddable":true,"href":"https:\/\/www.interhotel-central.cz\/cs\/wp-json\/wp\/v2\/media\/337"}],"wp:attachment":[{"href":"https:\/\/www.interhotel-central.cz\/cs\/wp-json\/wp\/v2\/media?parent=67"}],"curies":[{"name":"wp","href":"https:\/\/api.w.org\/{rel}","templated":true}]}}