{"id":66,"date":"2019-02-18T15:25:25","date_gmt":"2019-02-18T15:25:25","guid":{"rendered":"http:\/\/interhotelcentral.ms.decms.eu\/?page_id=66"},"modified":"2026-02-17T14:05:47","modified_gmt":"2026-02-17T14:05:47","slug":"restaurace","status":"publish","type":"page","link":"https:\/\/www.interhotel-central.cz\/cs\/gastronomie\/restaurace\/","title":{"rendered":"Restaurace"},"content":{"rendered":"<p>Na\u0161e prostorn\u00e1 restaurace s kr\u00e1sn\u00fdm v\u00fdhledem na m\u011bsto je ide\u00e1ln\u00edm m\u00edstem pro p\u0159\u00edjemn\u00e9 posezen\u00ed. Vychutnejte si pestr\u00e9 a vyv\u00e1\u017een\u00e9 menu, kter\u00e9 s ohledem na Va\u0161e zdrav\u00ed pe\u010dliv\u011b p\u0159ipravuje na\u0161e pan\u00ed \u0161\u00e9fkucha\u0159ka. Va\u0159\u00edme z kvalitn\u00edch surovin a db\u00e1me na poctivou chu\u0165 i spokojenost ka\u017ed\u00e9ho hosta.<\/p>\n<p><strong>SN\u00cdDAN\u011a\u00a0 08:00 \u2013 10:30<\/strong><br \/>\nZa\u010dn\u011bte sv\u016fj den s radost\u00ed. \u010cek\u00e1 na V\u00e1s bohat\u00e1 bufetov\u00e1 sn\u00eddan\u011b s pestr\u00fdm v\u00fdb\u011brem \u010derstv\u00e9ho ovoce, zeleninov\u00fdch sal\u00e1t\u016f, k\u0159upav\u00e9ho pe\u010diva, kvalitn\u00edch s\u00fdr\u016f a uzenin, ml\u00e9\u010dn\u00fdch v\u00fdrobk\u016f i obiln\u00fdch ka\u0161\u00ed. Nechyb\u00ed sladk\u00e9 z\u00e1kusky ani \u0161irok\u00e1 nab\u00eddka tepl\u00fdch a studen\u00fdch n\u00e1poj\u016f. Ka\u017ed\u00fd si u n\u00e1s najde to sv\u00e9 \u2013 a\u0165 u\u017e d\u00e1v\u00e1te p\u0159ednost lehk\u00e9, nebo vydatn\u00e9 sn\u00eddani.<\/p>\n<p><strong>OB\u011aDY\u00a0 12:30 \u2013 14:00<\/strong><br \/>\nDop\u0159ejte si chutn\u00fd ob\u011bd z na\u0161eho l\u00e1ze\u0148sk\u00e9ho menu. Vyb\u00edrat m\u016f\u017eete z n\u011bkolika hlavn\u00edch j\u00eddel, dvou druh\u016f pol\u00e9vek a rozmanit\u00fdch p\u0159\u00edloh. Sou\u010d\u00e1st\u00ed nab\u00eddky je tak\u00e9 sal\u00e1tov\u00fd bufet, \u010derstv\u00e9 ovoce a sladk\u00e1 te\u010dka v podob\u011b zmrzliny. Vyv\u00e1\u017een\u00e1 kombinace chut\u00ed pot\u011b\u0161\u00ed milovn\u00edky tradi\u010dn\u00ed i leh\u010d\u00ed kuchyn\u011b.<\/p>\n<p><strong>VE\u010cE\u0158E\u00a0 18:00 \u2013 20:00<\/strong><br \/>\nDen zakon\u010d\u00edte p\u0159\u00edjemnou ve\u010de\u0159\u00ed formou v\u00fdb\u011bru z l\u00e1ze\u0148sk\u00e9ho menu. K dispozici je n\u011bkolik hlavn\u00edch j\u00eddel a pestr\u00e1 nab\u00eddka p\u0159\u00edloh. Host\u00e9 mohou vyu\u017e\u00edt tak\u00e9 bohat\u00fd sal\u00e1tov\u00fd bufet, dopln\u011bn\u00fd dom\u00e1c\u00edmi dezerty a zmrzlinou. Ve\u010de\u0159e u n\u00e1s je ide\u00e1ln\u00ed p\u0159\u00edle\u017eitost\u00ed k pohodov\u00e9mu zakon\u010den\u00ed dne v p\u0159\u00edjemn\u00e9 atmosf\u00e9\u0159e.<\/p>\n","protected":false},"excerpt":{"rendered":"<p>Na\u0161e prostorn\u00e1 restaurace s kr\u00e1sn\u00fdm v\u00fdhledem na m\u011bsto je ide\u00e1ln\u00edm m\u00edstem pro p\u0159\u00edjemn\u00e9 posezen\u00ed. Vychutnejte [&hellip;]<\/p>\n","protected":false},"author":6,"featured_media":312,"parent":65,"menu_order":41,"comment_status":"closed","ping_status":"closed","template":"","meta":{"footnotes":""},"class_list":["post-66","page","type-page","status-publish","has-post-thumbnail","hentry"],"yoast_head":"<!-- This site is optimized with the Yoast SEO plugin v26.9 - https:\/\/yoast.com\/product\/yoast-seo-wordpress\/ -->\n<title>Restaurace -<\/title>\n<meta name=\"robots\" content=\"index, follow, max-snippet:-1, max-image-preview:large, max-video-preview:-1\" \/>\n<link rel=\"canonical\" href=\"https:\/\/www.interhotel-central.cz\/cs\/gastronomie\/restaurace\/\" \/>\n<meta property=\"og:locale\" content=\"cs_CZ\" \/>\n<meta property=\"og:type\" content=\"article\" \/>\n<meta property=\"og:title\" content=\"Restaurace -\" \/>\n<meta property=\"og:description\" content=\"Na\u0161e prostorn\u00e1 restaurace s kr\u00e1sn\u00fdm v\u00fdhledem na m\u011bsto je ide\u00e1ln\u00edm m\u00edstem pro p\u0159\u00edjemn\u00e9 posezen\u00ed. Vychutnejte [&hellip;]\" \/>\n<meta property=\"og:url\" content=\"https:\/\/www.interhotel-central.cz\/cs\/gastronomie\/restaurace\/\" \/>\n<meta property=\"article:modified_time\" content=\"2026-02-17T14:05:47+00:00\" \/>\n<meta property=\"og:image\" content=\"https:\/\/www.interhotel-central.cz\/wp-content\/uploads\/sites\/5\/2019\/02\/interhotel-central-24.jpg\" \/>\n\t<meta property=\"og:image:width\" content=\"2200\" \/>\n\t<meta property=\"og:image:height\" content=\"1200\" \/>\n\t<meta property=\"og:image:type\" content=\"image\/jpeg\" \/>\n<meta name=\"twitter:card\" content=\"summary_large_image\" \/>\n<meta name=\"twitter:label1\" content=\"Odhadovan\u00e1 doba \u010dten\u00ed\" \/>\n\t<meta name=\"twitter:data1\" content=\"2 minuty\" \/>\n<script type=\"application\/ld+json\" class=\"yoast-schema-graph\">{\"@context\":\"https:\/\/schema.org\",\"@graph\":[{\"@type\":\"WebPage\",\"@id\":\"https:\/\/www.interhotel-central.cz\/cs\/gastronomie\/restaurace\/\",\"url\":\"https:\/\/www.interhotel-central.cz\/cs\/gastronomie\/restaurace\/\",\"name\":\"Restaurace -\",\"isPartOf\":{\"@id\":\"https:\/\/www.interhotel-central.cz\/cs\/#website\"},\"primaryImageOfPage\":{\"@id\":\"https:\/\/www.interhotel-central.cz\/cs\/gastronomie\/restaurace\/#primaryimage\"},\"image\":{\"@id\":\"https:\/\/www.interhotel-central.cz\/cs\/gastronomie\/restaurace\/#primaryimage\"},\"thumbnailUrl\":\"https:\/\/www.interhotel-central.cz\/wp-content\/uploads\/sites\/5\/2019\/02\/interhotel-central-24.jpg\",\"datePublished\":\"2019-02-18T15:25:25+00:00\",\"dateModified\":\"2026-02-17T14:05:47+00:00\",\"breadcrumb\":{\"@id\":\"https:\/\/www.interhotel-central.cz\/cs\/gastronomie\/restaurace\/#breadcrumb\"},\"inLanguage\":\"cs\",\"potentialAction\":[{\"@type\":\"ReadAction\",\"target\":[\"https:\/\/www.interhotel-central.cz\/cs\/gastronomie\/restaurace\/\"]}]},{\"@type\":\"ImageObject\",\"inLanguage\":\"cs\",\"@id\":\"https:\/\/www.interhotel-central.cz\/cs\/gastronomie\/restaurace\/#primaryimage\",\"url\":\"https:\/\/www.interhotel-central.cz\/wp-content\/uploads\/sites\/5\/2019\/02\/interhotel-central-24.jpg\",\"contentUrl\":\"https:\/\/www.interhotel-central.cz\/wp-content\/uploads\/sites\/5\/2019\/02\/interhotel-central-24.jpg\",\"width\":2200,\"height\":1200},{\"@type\":\"BreadcrumbList\",\"@id\":\"https:\/\/www.interhotel-central.cz\/cs\/gastronomie\/restaurace\/#breadcrumb\",\"itemListElement\":[{\"@type\":\"ListItem\",\"position\":1,\"name\":\"Home\",\"item\":\"https:\/\/www.interhotel-central.cz\/cs\/\"},{\"@type\":\"ListItem\",\"position\":2,\"name\":\"Gastronomie\",\"item\":\"https:\/\/www.interhotel-central.cz\/cs\/gastronomie\/\"},{\"@type\":\"ListItem\",\"position\":3,\"name\":\"Restaurace\"}]},{\"@type\":\"WebSite\",\"@id\":\"https:\/\/www.interhotel-central.cz\/cs\/#website\",\"url\":\"https:\/\/www.interhotel-central.cz\/cs\/\",\"name\":\"\",\"description\":\"Just another ms.decms.eu site\",\"potentialAction\":[{\"@type\":\"SearchAction\",\"target\":{\"@type\":\"EntryPoint\",\"urlTemplate\":\"https:\/\/www.interhotel-central.cz\/cs\/?s={search_term_string}\"},\"query-input\":{\"@type\":\"PropertyValueSpecification\",\"valueRequired\":true,\"valueName\":\"search_term_string\"}}],\"inLanguage\":\"cs\"}]}<\/script>\n<!-- \/ Yoast SEO plugin. -->","yoast_head_json":{"title":"Restaurace -","robots":{"index":"index","follow":"follow","max-snippet":"max-snippet:-1","max-image-preview":"max-image-preview:large","max-video-preview":"max-video-preview:-1"},"canonical":"https:\/\/www.interhotel-central.cz\/cs\/gastronomie\/restaurace\/","og_locale":"cs_CZ","og_type":"article","og_title":"Restaurace -","og_description":"Na\u0161e prostorn\u00e1 restaurace s kr\u00e1sn\u00fdm v\u00fdhledem na m\u011bsto je ide\u00e1ln\u00edm m\u00edstem pro p\u0159\u00edjemn\u00e9 posezen\u00ed. Vychutnejte [&hellip;]","og_url":"https:\/\/www.interhotel-central.cz\/cs\/gastronomie\/restaurace\/","article_modified_time":"2026-02-17T14:05:47+00:00","og_image":[{"width":2200,"height":1200,"url":"https:\/\/www.interhotel-central.cz\/wp-content\/uploads\/sites\/5\/2019\/02\/interhotel-central-24.jpg","type":"image\/jpeg"}],"twitter_card":"summary_large_image","twitter_misc":{"Odhadovan\u00e1 doba \u010dten\u00ed":"2 minuty"},"schema":{"@context":"https:\/\/schema.org","@graph":[{"@type":"WebPage","@id":"https:\/\/www.interhotel-central.cz\/cs\/gastronomie\/restaurace\/","url":"https:\/\/www.interhotel-central.cz\/cs\/gastronomie\/restaurace\/","name":"Restaurace -","isPartOf":{"@id":"https:\/\/www.interhotel-central.cz\/cs\/#website"},"primaryImageOfPage":{"@id":"https:\/\/www.interhotel-central.cz\/cs\/gastronomie\/restaurace\/#primaryimage"},"image":{"@id":"https:\/\/www.interhotel-central.cz\/cs\/gastronomie\/restaurace\/#primaryimage"},"thumbnailUrl":"https:\/\/www.interhotel-central.cz\/wp-content\/uploads\/sites\/5\/2019\/02\/interhotel-central-24.jpg","datePublished":"2019-02-18T15:25:25+00:00","dateModified":"2026-02-17T14:05:47+00:00","breadcrumb":{"@id":"https:\/\/www.interhotel-central.cz\/cs\/gastronomie\/restaurace\/#breadcrumb"},"inLanguage":"cs","potentialAction":[{"@type":"ReadAction","target":["https:\/\/www.interhotel-central.cz\/cs\/gastronomie\/restaurace\/"]}]},{"@type":"ImageObject","inLanguage":"cs","@id":"https:\/\/www.interhotel-central.cz\/cs\/gastronomie\/restaurace\/#primaryimage","url":"https:\/\/www.interhotel-central.cz\/wp-content\/uploads\/sites\/5\/2019\/02\/interhotel-central-24.jpg","contentUrl":"https:\/\/www.interhotel-central.cz\/wp-content\/uploads\/sites\/5\/2019\/02\/interhotel-central-24.jpg","width":2200,"height":1200},{"@type":"BreadcrumbList","@id":"https:\/\/www.interhotel-central.cz\/cs\/gastronomie\/restaurace\/#breadcrumb","itemListElement":[{"@type":"ListItem","position":1,"name":"Home","item":"https:\/\/www.interhotel-central.cz\/cs\/"},{"@type":"ListItem","position":2,"name":"Gastronomie","item":"https:\/\/www.interhotel-central.cz\/cs\/gastronomie\/"},{"@type":"ListItem","position":3,"name":"Restaurace"}]},{"@type":"WebSite","@id":"https:\/\/www.interhotel-central.cz\/cs\/#website","url":"https:\/\/www.interhotel-central.cz\/cs\/","name":"","description":"Just another ms.decms.eu site","potentialAction":[{"@type":"SearchAction","target":{"@type":"EntryPoint","urlTemplate":"https:\/\/www.interhotel-central.cz\/cs\/?s={search_term_string}"},"query-input":{"@type":"PropertyValueSpecification","valueRequired":true,"valueName":"search_term_string"}}],"inLanguage":"cs"}]}},"acf":[],"_links":{"self":[{"href":"https:\/\/www.interhotel-central.cz\/cs\/wp-json\/wp\/v2\/pages\/66","targetHints":{"allow":["GET"]}}],"collection":[{"href":"https:\/\/www.interhotel-central.cz\/cs\/wp-json\/wp\/v2\/pages"}],"about":[{"href":"https:\/\/www.interhotel-central.cz\/cs\/wp-json\/wp\/v2\/types\/page"}],"author":[{"embeddable":true,"href":"https:\/\/www.interhotel-central.cz\/cs\/wp-json\/wp\/v2\/users\/6"}],"replies":[{"embeddable":true,"href":"https:\/\/www.interhotel-central.cz\/cs\/wp-json\/wp\/v2\/comments?post=66"}],"version-history":[{"count":0,"href":"https:\/\/www.interhotel-central.cz\/cs\/wp-json\/wp\/v2\/pages\/66\/revisions"}],"up":[{"embeddable":true,"href":"https:\/\/www.interhotel-central.cz\/cs\/wp-json\/wp\/v2\/pages\/65"}],"wp:featuredmedia":[{"embeddable":true,"href":"https:\/\/www.interhotel-central.cz\/cs\/wp-json\/wp\/v2\/media\/312"}],"wp:attachment":[{"href":"https:\/\/www.interhotel-central.cz\/cs\/wp-json\/wp\/v2\/media?parent=66"}],"curies":[{"name":"wp","href":"https:\/\/api.w.org\/{rel}","templated":true}]}}