{"id":65,"date":"2019-02-18T15:25:28","date_gmt":"2019-02-18T15:25:28","guid":{"rendered":"http:\/\/interhotelcentral.ms.decms.eu\/?page_id=65"},"modified":"2026-02-13T14:10:06","modified_gmt":"2026-02-13T14:10:06","slug":"gastronomie","status":"publish","type":"page","link":"https:\/\/www.interhotel-central.cz\/cs\/gastronomie\/","title":{"rendered":"Gastronomie"},"content":{"rendered":"<p>Vychutnejte si jedine\u010dn\u00fd gastronomick\u00fd z\u00e1\u017eitek v na\u0161\u00ed restauraci, kde se snoub\u00ed chu\u0165 s p\u00e9\u010d\u00ed o zdrav\u00ed.<\/p>\n<p>Nab\u00edz\u00edme <strong>serv\u00edrovan\u00e9 l\u00e1ze\u0148sk\u00e9 menu<\/strong>, kter\u00e9 je sestaveno tak, aby p\u0159irozen\u011b podporovalo l\u00e1ze\u0148skou l\u00e9\u010dbu a z\u00e1rove\u0148 pot\u011b\u0161ilo Va\u0161e chu\u0165ov\u00e9 bu\u0148ky. Ka\u017ed\u00fd chod p\u0159ipravujeme s d\u016frazem na vyv\u00e1\u017eenost, kvalitu surovin a \u0161etrn\u00e9 technologick\u00e9 postupy.<\/p>\n<p>Sou\u010d\u00e1st\u00ed nab\u00eddky je tak\u00e9 <strong>bohat\u00fd sal\u00e1tov\u00fd bufet<\/strong>, v r\u00e1mci ob\u011bd\u016f dopln\u011bn\u00fd pol\u00e9vkou, ovocem\u00a0 a zmrzlinou, v dob\u011b ve\u010de\u0159\u00ed pak dom\u00e1c\u00edmi dezerty a zmrzlinou.<\/p>\n<p>&nbsp;<\/p>\n","protected":false},"excerpt":{"rendered":"<p>Vychutnejte si jedine\u010dn\u00fd gastronomick\u00fd z\u00e1\u017eitek v na\u0161\u00ed restauraci, kde se snoub\u00ed chu\u0165 s p\u00e9\u010d\u00ed o [&hellip;]<\/p>\n","protected":false},"author":6,"featured_media":307,"parent":0,"menu_order":40,"comment_status":"closed","ping_status":"closed","template":"","meta":{"footnotes":""},"class_list":["post-65","page","type-page","status-publish","has-post-thumbnail","hentry"],"yoast_head":"<!-- This site is optimized with the Yoast SEO plugin v26.9 - https:\/\/yoast.com\/product\/yoast-seo-wordpress\/ -->\n<title>Gastronomie -<\/title>\n<meta name=\"robots\" content=\"index, follow, max-snippet:-1, max-image-preview:large, max-video-preview:-1\" \/>\n<link rel=\"canonical\" href=\"https:\/\/www.interhotel-central.cz\/cs\/gastronomie\/\" \/>\n<meta property=\"og:locale\" content=\"cs_CZ\" \/>\n<meta property=\"og:type\" content=\"article\" \/>\n<meta property=\"og:title\" content=\"Gastronomie -\" \/>\n<meta property=\"og:description\" content=\"Vychutnejte si jedine\u010dn\u00fd gastronomick\u00fd z\u00e1\u017eitek v na\u0161\u00ed restauraci, kde se snoub\u00ed chu\u0165 s p\u00e9\u010d\u00ed o [&hellip;]\" \/>\n<meta property=\"og:url\" content=\"https:\/\/www.interhotel-central.cz\/cs\/gastronomie\/\" \/>\n<meta property=\"article:modified_time\" content=\"2026-02-13T14:10:06+00:00\" \/>\n<meta property=\"og:image\" content=\"https:\/\/www.interhotel-central.cz\/wp-content\/uploads\/sites\/5\/2019\/02\/Interhotel-central-8.jpg\" \/>\n\t<meta property=\"og:image:width\" content=\"2200\" \/>\n\t<meta property=\"og:image:height\" content=\"1200\" \/>\n\t<meta property=\"og:image:type\" content=\"image\/jpeg\" \/>\n<meta name=\"twitter:card\" content=\"summary_large_image\" \/>\n<meta name=\"twitter:label1\" content=\"Odhadovan\u00e1 doba \u010dten\u00ed\" \/>\n\t<meta name=\"twitter:data1\" content=\"1 minuta\" \/>\n<script type=\"application\/ld+json\" class=\"yoast-schema-graph\">{\"@context\":\"https:\/\/schema.org\",\"@graph\":[{\"@type\":\"WebPage\",\"@id\":\"https:\/\/www.interhotel-central.cz\/cs\/gastronomie\/\",\"url\":\"https:\/\/www.interhotel-central.cz\/cs\/gastronomie\/\",\"name\":\"Gastronomie -\",\"isPartOf\":{\"@id\":\"https:\/\/www.interhotel-central.cz\/cs\/#website\"},\"primaryImageOfPage\":{\"@id\":\"https:\/\/www.interhotel-central.cz\/cs\/gastronomie\/#primaryimage\"},\"image\":{\"@id\":\"https:\/\/www.interhotel-central.cz\/cs\/gastronomie\/#primaryimage\"},\"thumbnailUrl\":\"https:\/\/www.interhotel-central.cz\/wp-content\/uploads\/sites\/5\/2019\/02\/Interhotel-central-8.jpg\",\"datePublished\":\"2019-02-18T15:25:28+00:00\",\"dateModified\":\"2026-02-13T14:10:06+00:00\",\"breadcrumb\":{\"@id\":\"https:\/\/www.interhotel-central.cz\/cs\/gastronomie\/#breadcrumb\"},\"inLanguage\":\"cs\",\"potentialAction\":[{\"@type\":\"ReadAction\",\"target\":[\"https:\/\/www.interhotel-central.cz\/cs\/gastronomie\/\"]}]},{\"@type\":\"ImageObject\",\"inLanguage\":\"cs\",\"@id\":\"https:\/\/www.interhotel-central.cz\/cs\/gastronomie\/#primaryimage\",\"url\":\"https:\/\/www.interhotel-central.cz\/wp-content\/uploads\/sites\/5\/2019\/02\/Interhotel-central-8.jpg\",\"contentUrl\":\"https:\/\/www.interhotel-central.cz\/wp-content\/uploads\/sites\/5\/2019\/02\/Interhotel-central-8.jpg\",\"width\":2200,\"height\":1200},{\"@type\":\"BreadcrumbList\",\"@id\":\"https:\/\/www.interhotel-central.cz\/cs\/gastronomie\/#breadcrumb\",\"itemListElement\":[{\"@type\":\"ListItem\",\"position\":1,\"name\":\"Home\",\"item\":\"https:\/\/www.interhotel-central.cz\/cs\/\"},{\"@type\":\"ListItem\",\"position\":2,\"name\":\"Gastronomie\"}]},{\"@type\":\"WebSite\",\"@id\":\"https:\/\/www.interhotel-central.cz\/cs\/#website\",\"url\":\"https:\/\/www.interhotel-central.cz\/cs\/\",\"name\":\"\",\"description\":\"Just another ms.decms.eu site\",\"potentialAction\":[{\"@type\":\"SearchAction\",\"target\":{\"@type\":\"EntryPoint\",\"urlTemplate\":\"https:\/\/www.interhotel-central.cz\/cs\/?s={search_term_string}\"},\"query-input\":{\"@type\":\"PropertyValueSpecification\",\"valueRequired\":true,\"valueName\":\"search_term_string\"}}],\"inLanguage\":\"cs\"}]}<\/script>\n<!-- \/ Yoast SEO plugin. -->","yoast_head_json":{"title":"Gastronomie -","robots":{"index":"index","follow":"follow","max-snippet":"max-snippet:-1","max-image-preview":"max-image-preview:large","max-video-preview":"max-video-preview:-1"},"canonical":"https:\/\/www.interhotel-central.cz\/cs\/gastronomie\/","og_locale":"cs_CZ","og_type":"article","og_title":"Gastronomie -","og_description":"Vychutnejte si jedine\u010dn\u00fd gastronomick\u00fd z\u00e1\u017eitek v na\u0161\u00ed restauraci, kde se snoub\u00ed chu\u0165 s p\u00e9\u010d\u00ed o [&hellip;]","og_url":"https:\/\/www.interhotel-central.cz\/cs\/gastronomie\/","article_modified_time":"2026-02-13T14:10:06+00:00","og_image":[{"width":2200,"height":1200,"url":"https:\/\/www.interhotel-central.cz\/wp-content\/uploads\/sites\/5\/2019\/02\/Interhotel-central-8.jpg","type":"image\/jpeg"}],"twitter_card":"summary_large_image","twitter_misc":{"Odhadovan\u00e1 doba \u010dten\u00ed":"1 minuta"},"schema":{"@context":"https:\/\/schema.org","@graph":[{"@type":"WebPage","@id":"https:\/\/www.interhotel-central.cz\/cs\/gastronomie\/","url":"https:\/\/www.interhotel-central.cz\/cs\/gastronomie\/","name":"Gastronomie -","isPartOf":{"@id":"https:\/\/www.interhotel-central.cz\/cs\/#website"},"primaryImageOfPage":{"@id":"https:\/\/www.interhotel-central.cz\/cs\/gastronomie\/#primaryimage"},"image":{"@id":"https:\/\/www.interhotel-central.cz\/cs\/gastronomie\/#primaryimage"},"thumbnailUrl":"https:\/\/www.interhotel-central.cz\/wp-content\/uploads\/sites\/5\/2019\/02\/Interhotel-central-8.jpg","datePublished":"2019-02-18T15:25:28+00:00","dateModified":"2026-02-13T14:10:06+00:00","breadcrumb":{"@id":"https:\/\/www.interhotel-central.cz\/cs\/gastronomie\/#breadcrumb"},"inLanguage":"cs","potentialAction":[{"@type":"ReadAction","target":["https:\/\/www.interhotel-central.cz\/cs\/gastronomie\/"]}]},{"@type":"ImageObject","inLanguage":"cs","@id":"https:\/\/www.interhotel-central.cz\/cs\/gastronomie\/#primaryimage","url":"https:\/\/www.interhotel-central.cz\/wp-content\/uploads\/sites\/5\/2019\/02\/Interhotel-central-8.jpg","contentUrl":"https:\/\/www.interhotel-central.cz\/wp-content\/uploads\/sites\/5\/2019\/02\/Interhotel-central-8.jpg","width":2200,"height":1200},{"@type":"BreadcrumbList","@id":"https:\/\/www.interhotel-central.cz\/cs\/gastronomie\/#breadcrumb","itemListElement":[{"@type":"ListItem","position":1,"name":"Home","item":"https:\/\/www.interhotel-central.cz\/cs\/"},{"@type":"ListItem","position":2,"name":"Gastronomie"}]},{"@type":"WebSite","@id":"https:\/\/www.interhotel-central.cz\/cs\/#website","url":"https:\/\/www.interhotel-central.cz\/cs\/","name":"","description":"Just another ms.decms.eu site","potentialAction":[{"@type":"SearchAction","target":{"@type":"EntryPoint","urlTemplate":"https:\/\/www.interhotel-central.cz\/cs\/?s={search_term_string}"},"query-input":{"@type":"PropertyValueSpecification","valueRequired":true,"valueName":"search_term_string"}}],"inLanguage":"cs"}]}},"acf":[],"_links":{"self":[{"href":"https:\/\/www.interhotel-central.cz\/cs\/wp-json\/wp\/v2\/pages\/65","targetHints":{"allow":["GET"]}}],"collection":[{"href":"https:\/\/www.interhotel-central.cz\/cs\/wp-json\/wp\/v2\/pages"}],"about":[{"href":"https:\/\/www.interhotel-central.cz\/cs\/wp-json\/wp\/v2\/types\/page"}],"author":[{"embeddable":true,"href":"https:\/\/www.interhotel-central.cz\/cs\/wp-json\/wp\/v2\/users\/6"}],"replies":[{"embeddable":true,"href":"https:\/\/www.interhotel-central.cz\/cs\/wp-json\/wp\/v2\/comments?post=65"}],"version-history":[{"count":0,"href":"https:\/\/www.interhotel-central.cz\/cs\/wp-json\/wp\/v2\/pages\/65\/revisions"}],"wp:featuredmedia":[{"embeddable":true,"href":"https:\/\/www.interhotel-central.cz\/cs\/wp-json\/wp\/v2\/media\/307"}],"wp:attachment":[{"href":"https:\/\/www.interhotel-central.cz\/cs\/wp-json\/wp\/v2\/media?parent=65"}],"curies":[{"name":"wp","href":"https:\/\/api.w.org\/{rel}","templated":true}]}}