{"id":58,"date":"2019-02-18T14:48:51","date_gmt":"2019-02-18T14:48:51","guid":{"rendered":"http:\/\/interhotelcentral.ms.decms.eu\/?page_id=58"},"modified":"2026-02-13T11:10:25","modified_gmt":"2026-02-13T11:10:25","slug":"wellness-spa","status":"publish","type":"page","link":"https:\/\/www.interhotel-central.cz\/cs\/wellness-spa\/","title":{"rendered":"Spa &amp; Wellness"},"content":{"rendered":"<p>A\u0165 u\u017e se p\u0159ijedete l\u00e9\u010dit nebo si pot\u0159ebujete prost\u011b jen odpo\u010dinout a na\u010derpat s\u00edly, na\u0161e <strong>Spa &amp; Wellness centrum<\/strong> je tu pro V\u00e1s. <strong>Tradi\u010dn\u00ed l\u00e1ze\u0148sk\u00e1 k\u00fara<\/strong> kombinuje blahod\u00e1rn\u00e9 \u00fa\u010dinky <strong>karlovarsk\u00fdch miner\u00e1ln\u00edch pramen\u016f se speci\u00e1ln\u00edmi l\u00e9\u010debn\u00fdmi procedurami <\/strong>a c\u00edl\u00ed tak nejen na komplexn\u00ed l\u00e9\u010dbu chronick\u00fdch pot\u00ed\u017e\u00ed, ale p\u0159edev\u0161\u00edm na <strong>dlouhodob\u00e9 zlep\u0161en\u00ed celkov\u00e9 kondice a kvality \u017eivota<\/strong>. Kombinace \u00fa\u010dink\u016f<strong> jedine\u010dn\u00e9 v\u0159\u00eddeln\u00ed vody<\/strong>, veden\u00e9 p\u0159\u00edmo do hotelu z term\u00e1ln\u00edch pramen\u016f, s modern\u00edmi l\u00e9\u010debn\u00fdmi metodami a bohat\u00fdmi zku\u0161enostmi na\u0161ich \u0161pi\u010dkov\u00fdm zdravotn\u00edk\u016f zaru\u010duje<strong> upevn\u011bn\u00ed zdrav\u00ed a pos\u00edlen\u00ed celkov\u00e9 imunity.\u00a0<\/strong><\/p>\n<p style=\"text-align: center\">Prvot\u0159\u00eddn\u00ed l\u00e9\u010debn\u00e1 p\u00e9\u010de, \u0161irok\u00e9 spektrum l\u00e1ze\u0148sk\u00fdch procedur a p\u0159edev\u0161\u00edm osobn\u00ed p\u0159\u00edstup na\u0161ich zdravotn\u00edk\u016f u\u010din\u00ed z Va\u0161eho pobytu u n\u00e1s nezapomenuteln\u00fd z\u00e1\u017eitek.<\/p>\n<p>&nbsp;<\/p>\n<p>&nbsp;<\/p>\n<p>&nbsp;<\/p>\n<p>&nbsp;<\/p>\n","protected":false},"excerpt":{"rendered":"<p>A\u0165 u\u017e se p\u0159ijedete l\u00e9\u010dit nebo si pot\u0159ebujete prost\u011b jen odpo\u010dinout a na\u010derpat s\u00edly, na\u0161e [&hellip;]<\/p>\n","protected":false},"author":6,"featured_media":287,"parent":0,"menu_order":30,"comment_status":"closed","ping_status":"closed","template":"","meta":{"footnotes":""},"class_list":["post-58","page","type-page","status-publish","has-post-thumbnail","hentry"],"yoast_head":"<!-- This site is optimized with the Yoast SEO plugin v26.9 - https:\/\/yoast.com\/product\/yoast-seo-wordpress\/ -->\n<title>Spa &amp; Wellness -<\/title>\n<meta name=\"robots\" content=\"index, follow, max-snippet:-1, max-image-preview:large, max-video-preview:-1\" \/>\n<link rel=\"canonical\" href=\"https:\/\/www.interhotel-central.cz\/cs\/wellness-spa\/\" \/>\n<meta property=\"og:locale\" content=\"cs_CZ\" \/>\n<meta property=\"og:type\" content=\"article\" \/>\n<meta property=\"og:title\" content=\"Spa &amp; Wellness -\" \/>\n<meta property=\"og:description\" content=\"A\u0165 u\u017e se p\u0159ijedete l\u00e9\u010dit nebo si pot\u0159ebujete prost\u011b jen odpo\u010dinout a na\u010derpat s\u00edly, na\u0161e [&hellip;]\" \/>\n<meta property=\"og:url\" content=\"https:\/\/www.interhotel-central.cz\/cs\/wellness-spa\/\" \/>\n<meta property=\"article:modified_time\" content=\"2026-02-13T11:10:25+00:00\" \/>\n<meta property=\"og:image\" content=\"https:\/\/www.interhotel-central.cz\/wp-content\/uploads\/sites\/5\/2019\/02\/interhotel-central-9-1.jpg\" \/>\n\t<meta property=\"og:image:width\" content=\"2200\" \/>\n\t<meta property=\"og:image:height\" content=\"1200\" \/>\n\t<meta property=\"og:image:type\" content=\"image\/jpeg\" \/>\n<meta name=\"twitter:card\" content=\"summary_large_image\" \/>\n<meta name=\"twitter:label1\" content=\"Odhadovan\u00e1 doba \u010dten\u00ed\" \/>\n\t<meta name=\"twitter:data1\" content=\"1 minuta\" \/>\n<script type=\"application\/ld+json\" class=\"yoast-schema-graph\">{\"@context\":\"https:\/\/schema.org\",\"@graph\":[{\"@type\":\"WebPage\",\"@id\":\"https:\/\/www.interhotel-central.cz\/cs\/wellness-spa\/\",\"url\":\"https:\/\/www.interhotel-central.cz\/cs\/wellness-spa\/\",\"name\":\"Spa &amp; Wellness -\",\"isPartOf\":{\"@id\":\"https:\/\/www.interhotel-central.cz\/cs\/#website\"},\"primaryImageOfPage\":{\"@id\":\"https:\/\/www.interhotel-central.cz\/cs\/wellness-spa\/#primaryimage\"},\"image\":{\"@id\":\"https:\/\/www.interhotel-central.cz\/cs\/wellness-spa\/#primaryimage\"},\"thumbnailUrl\":\"https:\/\/www.interhotel-central.cz\/wp-content\/uploads\/sites\/5\/2019\/02\/interhotel-central-9-1.jpg\",\"datePublished\":\"2019-02-18T14:48:51+00:00\",\"dateModified\":\"2026-02-13T11:10:25+00:00\",\"breadcrumb\":{\"@id\":\"https:\/\/www.interhotel-central.cz\/cs\/wellness-spa\/#breadcrumb\"},\"inLanguage\":\"cs\",\"potentialAction\":[{\"@type\":\"ReadAction\",\"target\":[\"https:\/\/www.interhotel-central.cz\/cs\/wellness-spa\/\"]}]},{\"@type\":\"ImageObject\",\"inLanguage\":\"cs\",\"@id\":\"https:\/\/www.interhotel-central.cz\/cs\/wellness-spa\/#primaryimage\",\"url\":\"https:\/\/www.interhotel-central.cz\/wp-content\/uploads\/sites\/5\/2019\/02\/interhotel-central-9-1.jpg\",\"contentUrl\":\"https:\/\/www.interhotel-central.cz\/wp-content\/uploads\/sites\/5\/2019\/02\/interhotel-central-9-1.jpg\",\"width\":2200,\"height\":1200},{\"@type\":\"BreadcrumbList\",\"@id\":\"https:\/\/www.interhotel-central.cz\/cs\/wellness-spa\/#breadcrumb\",\"itemListElement\":[{\"@type\":\"ListItem\",\"position\":1,\"name\":\"Home\",\"item\":\"https:\/\/www.interhotel-central.cz\/cs\/\"},{\"@type\":\"ListItem\",\"position\":2,\"name\":\"Spa &amp; Wellness\"}]},{\"@type\":\"WebSite\",\"@id\":\"https:\/\/www.interhotel-central.cz\/cs\/#website\",\"url\":\"https:\/\/www.interhotel-central.cz\/cs\/\",\"name\":\"\",\"description\":\"Just another ms.decms.eu site\",\"potentialAction\":[{\"@type\":\"SearchAction\",\"target\":{\"@type\":\"EntryPoint\",\"urlTemplate\":\"https:\/\/www.interhotel-central.cz\/cs\/?s={search_term_string}\"},\"query-input\":{\"@type\":\"PropertyValueSpecification\",\"valueRequired\":true,\"valueName\":\"search_term_string\"}}],\"inLanguage\":\"cs\"}]}<\/script>\n<!-- \/ Yoast SEO plugin. -->","yoast_head_json":{"title":"Spa &amp; Wellness -","robots":{"index":"index","follow":"follow","max-snippet":"max-snippet:-1","max-image-preview":"max-image-preview:large","max-video-preview":"max-video-preview:-1"},"canonical":"https:\/\/www.interhotel-central.cz\/cs\/wellness-spa\/","og_locale":"cs_CZ","og_type":"article","og_title":"Spa &amp; Wellness -","og_description":"A\u0165 u\u017e se p\u0159ijedete l\u00e9\u010dit nebo si pot\u0159ebujete prost\u011b jen odpo\u010dinout a na\u010derpat s\u00edly, na\u0161e [&hellip;]","og_url":"https:\/\/www.interhotel-central.cz\/cs\/wellness-spa\/","article_modified_time":"2026-02-13T11:10:25+00:00","og_image":[{"width":2200,"height":1200,"url":"https:\/\/www.interhotel-central.cz\/wp-content\/uploads\/sites\/5\/2019\/02\/interhotel-central-9-1.jpg","type":"image\/jpeg"}],"twitter_card":"summary_large_image","twitter_misc":{"Odhadovan\u00e1 doba \u010dten\u00ed":"1 minuta"},"schema":{"@context":"https:\/\/schema.org","@graph":[{"@type":"WebPage","@id":"https:\/\/www.interhotel-central.cz\/cs\/wellness-spa\/","url":"https:\/\/www.interhotel-central.cz\/cs\/wellness-spa\/","name":"Spa &amp; Wellness -","isPartOf":{"@id":"https:\/\/www.interhotel-central.cz\/cs\/#website"},"primaryImageOfPage":{"@id":"https:\/\/www.interhotel-central.cz\/cs\/wellness-spa\/#primaryimage"},"image":{"@id":"https:\/\/www.interhotel-central.cz\/cs\/wellness-spa\/#primaryimage"},"thumbnailUrl":"https:\/\/www.interhotel-central.cz\/wp-content\/uploads\/sites\/5\/2019\/02\/interhotel-central-9-1.jpg","datePublished":"2019-02-18T14:48:51+00:00","dateModified":"2026-02-13T11:10:25+00:00","breadcrumb":{"@id":"https:\/\/www.interhotel-central.cz\/cs\/wellness-spa\/#breadcrumb"},"inLanguage":"cs","potentialAction":[{"@type":"ReadAction","target":["https:\/\/www.interhotel-central.cz\/cs\/wellness-spa\/"]}]},{"@type":"ImageObject","inLanguage":"cs","@id":"https:\/\/www.interhotel-central.cz\/cs\/wellness-spa\/#primaryimage","url":"https:\/\/www.interhotel-central.cz\/wp-content\/uploads\/sites\/5\/2019\/02\/interhotel-central-9-1.jpg","contentUrl":"https:\/\/www.interhotel-central.cz\/wp-content\/uploads\/sites\/5\/2019\/02\/interhotel-central-9-1.jpg","width":2200,"height":1200},{"@type":"BreadcrumbList","@id":"https:\/\/www.interhotel-central.cz\/cs\/wellness-spa\/#breadcrumb","itemListElement":[{"@type":"ListItem","position":1,"name":"Home","item":"https:\/\/www.interhotel-central.cz\/cs\/"},{"@type":"ListItem","position":2,"name":"Spa &amp; Wellness"}]},{"@type":"WebSite","@id":"https:\/\/www.interhotel-central.cz\/cs\/#website","url":"https:\/\/www.interhotel-central.cz\/cs\/","name":"","description":"Just another ms.decms.eu site","potentialAction":[{"@type":"SearchAction","target":{"@type":"EntryPoint","urlTemplate":"https:\/\/www.interhotel-central.cz\/cs\/?s={search_term_string}"},"query-input":{"@type":"PropertyValueSpecification","valueRequired":true,"valueName":"search_term_string"}}],"inLanguage":"cs"}]}},"acf":[],"_links":{"self":[{"href":"https:\/\/www.interhotel-central.cz\/cs\/wp-json\/wp\/v2\/pages\/58","targetHints":{"allow":["GET"]}}],"collection":[{"href":"https:\/\/www.interhotel-central.cz\/cs\/wp-json\/wp\/v2\/pages"}],"about":[{"href":"https:\/\/www.interhotel-central.cz\/cs\/wp-json\/wp\/v2\/types\/page"}],"author":[{"embeddable":true,"href":"https:\/\/www.interhotel-central.cz\/cs\/wp-json\/wp\/v2\/users\/6"}],"replies":[{"embeddable":true,"href":"https:\/\/www.interhotel-central.cz\/cs\/wp-json\/wp\/v2\/comments?post=58"}],"version-history":[{"count":0,"href":"https:\/\/www.interhotel-central.cz\/cs\/wp-json\/wp\/v2\/pages\/58\/revisions"}],"wp:featuredmedia":[{"embeddable":true,"href":"https:\/\/www.interhotel-central.cz\/cs\/wp-json\/wp\/v2\/media\/287"}],"wp:attachment":[{"href":"https:\/\/www.interhotel-central.cz\/cs\/wp-json\/wp\/v2\/media?parent=58"}],"curies":[{"name":"wp","href":"https:\/\/api.w.org\/{rel}","templated":true}]}}