{"id":54,"date":"2019-02-18T14:46:09","date_gmt":"2019-02-18T14:46:09","guid":{"rendered":"http:\/\/interhotelcentral.ms.decms.eu\/?page_id=54"},"modified":"2022-12-22T08:41:43","modified_gmt":"2022-12-22T08:41:43","slug":"dvouluzkovy-de-luxe","status":"publish","type":"page","link":"https:\/\/www.interhotel-central.cz\/cs\/pokoje\/dvouluzkovy-de-luxe\/","title":{"rendered":"Dvoul\u016f\u017ekov\u00fd de Luxe"},"content":{"rendered":"<p>Elegantn\u011b za\u0159\u00edzen\u00e9 pokoje maj\u00ed velikost 35 &#8211; 37 m2. V\u0161echny pokoje kategorie de Luxe nab\u00edz\u00ed v\u00fdhled na historick\u00e9 centrum m\u011bsta a \u0159eku Tepl\u00e1. N\u011bkter\u00e9 z nich maj\u00ed balk\u00f3n. Pokoje nav\u00edc disponuj\u00ed \u0161atn\u00ed m\u00edstnost\u00ed pro pohodln\u00e9 skladov\u00e1n\u00ed oble\u010den\u00ed a ulo\u017een\u00ed zavazadel. Nab\u00edz\u00ed tak\u00e9 mo\u017enost spojen\u00fdch pokoj\u016f (connecting rooms).<\/p>\n","protected":false},"excerpt":{"rendered":"<p>Elegantn\u011b za\u0159\u00edzen\u00e9 pokoje maj\u00ed velikost 35 &#8211; 37 m2. V\u0161echny pokoje kategorie de Luxe nab\u00edz\u00ed [&hellip;]<\/p>\n","protected":false},"author":6,"featured_media":998,"parent":50,"menu_order":24,"comment_status":"closed","ping_status":"closed","template":"template-single-room.php","meta":{"footnotes":""},"class_list":["post-54","page","type-page","status-publish","has-post-thumbnail","hentry"],"yoast_head":"<!-- This site is optimized with the Yoast SEO plugin v26.9 - https:\/\/yoast.com\/product\/yoast-seo-wordpress\/ -->\n<title>Dvoul\u016f\u017ekov\u00fd de Luxe -<\/title>\n<meta name=\"robots\" content=\"index, follow, max-snippet:-1, max-image-preview:large, max-video-preview:-1\" \/>\n<link rel=\"canonical\" href=\"https:\/\/www.interhotel-central.cz\/cs\/pokoje\/dvouluzkovy-de-luxe\/\" \/>\n<meta property=\"og:locale\" content=\"cs_CZ\" \/>\n<meta property=\"og:type\" content=\"article\" \/>\n<meta property=\"og:title\" content=\"Dvoul\u016f\u017ekov\u00fd de Luxe -\" \/>\n<meta property=\"og:description\" content=\"Elegantn\u011b za\u0159\u00edzen\u00e9 pokoje maj\u00ed velikost 35 &#8211; 37 m2. V\u0161echny pokoje kategorie de Luxe nab\u00edz\u00ed [&hellip;]\" \/>\n<meta property=\"og:url\" content=\"https:\/\/www.interhotel-central.cz\/cs\/pokoje\/dvouluzkovy-de-luxe\/\" \/>\n<meta property=\"article:modified_time\" content=\"2022-12-22T08:41:43+00:00\" \/>\n<meta property=\"og:image\" content=\"https:\/\/www.interhotel-central.cz\/wp-content\/uploads\/sites\/5\/2019\/02\/Double-de-Luxe-2-1.jpg\" \/>\n\t<meta property=\"og:image:width\" content=\"2200\" \/>\n\t<meta property=\"og:image:height\" content=\"1200\" \/>\n\t<meta property=\"og:image:type\" content=\"image\/jpeg\" \/>\n<meta name=\"twitter:card\" content=\"summary_large_image\" \/>\n<meta name=\"twitter:label1\" content=\"Odhadovan\u00e1 doba \u010dten\u00ed\" \/>\n\t<meta name=\"twitter:data1\" content=\"1 minuta\" \/>\n<script type=\"application\/ld+json\" class=\"yoast-schema-graph\">{\"@context\":\"https:\/\/schema.org\",\"@graph\":[{\"@type\":\"WebPage\",\"@id\":\"https:\/\/www.interhotel-central.cz\/cs\/pokoje\/dvouluzkovy-de-luxe\/\",\"url\":\"https:\/\/www.interhotel-central.cz\/cs\/pokoje\/dvouluzkovy-de-luxe\/\",\"name\":\"Dvoul\u016f\u017ekov\u00fd de Luxe -\",\"isPartOf\":{\"@id\":\"https:\/\/www.interhotel-central.cz\/cs\/#website\"},\"primaryImageOfPage\":{\"@id\":\"https:\/\/www.interhotel-central.cz\/cs\/pokoje\/dvouluzkovy-de-luxe\/#primaryimage\"},\"image\":{\"@id\":\"https:\/\/www.interhotel-central.cz\/cs\/pokoje\/dvouluzkovy-de-luxe\/#primaryimage\"},\"thumbnailUrl\":\"https:\/\/www.interhotel-central.cz\/wp-content\/uploads\/sites\/5\/2019\/02\/Double-de-Luxe-2-1.jpg\",\"datePublished\":\"2019-02-18T14:46:09+00:00\",\"dateModified\":\"2022-12-22T08:41:43+00:00\",\"breadcrumb\":{\"@id\":\"https:\/\/www.interhotel-central.cz\/cs\/pokoje\/dvouluzkovy-de-luxe\/#breadcrumb\"},\"inLanguage\":\"cs\",\"potentialAction\":[{\"@type\":\"ReadAction\",\"target\":[\"https:\/\/www.interhotel-central.cz\/cs\/pokoje\/dvouluzkovy-de-luxe\/\"]}]},{\"@type\":\"ImageObject\",\"inLanguage\":\"cs\",\"@id\":\"https:\/\/www.interhotel-central.cz\/cs\/pokoje\/dvouluzkovy-de-luxe\/#primaryimage\",\"url\":\"https:\/\/www.interhotel-central.cz\/wp-content\/uploads\/sites\/5\/2019\/02\/Double-de-Luxe-2-1.jpg\",\"contentUrl\":\"https:\/\/www.interhotel-central.cz\/wp-content\/uploads\/sites\/5\/2019\/02\/Double-de-Luxe-2-1.jpg\",\"width\":2200,\"height\":1200},{\"@type\":\"BreadcrumbList\",\"@id\":\"https:\/\/www.interhotel-central.cz\/cs\/pokoje\/dvouluzkovy-de-luxe\/#breadcrumb\",\"itemListElement\":[{\"@type\":\"ListItem\",\"position\":1,\"name\":\"Home\",\"item\":\"https:\/\/www.interhotel-central.cz\/cs\/\"},{\"@type\":\"ListItem\",\"position\":2,\"name\":\"Pokoje\",\"item\":\"https:\/\/www.interhotel-central.cz\/cs\/pokoje\/\"},{\"@type\":\"ListItem\",\"position\":3,\"name\":\"Dvoul\u016f\u017ekov\u00fd de Luxe\"}]},{\"@type\":\"WebSite\",\"@id\":\"https:\/\/www.interhotel-central.cz\/cs\/#website\",\"url\":\"https:\/\/www.interhotel-central.cz\/cs\/\",\"name\":\"\",\"description\":\"Just another ms.decms.eu site\",\"potentialAction\":[{\"@type\":\"SearchAction\",\"target\":{\"@type\":\"EntryPoint\",\"urlTemplate\":\"https:\/\/www.interhotel-central.cz\/cs\/?s={search_term_string}\"},\"query-input\":{\"@type\":\"PropertyValueSpecification\",\"valueRequired\":true,\"valueName\":\"search_term_string\"}}],\"inLanguage\":\"cs\"}]}<\/script>\n<!-- \/ Yoast SEO plugin. -->","yoast_head_json":{"title":"Dvoul\u016f\u017ekov\u00fd de Luxe -","robots":{"index":"index","follow":"follow","max-snippet":"max-snippet:-1","max-image-preview":"max-image-preview:large","max-video-preview":"max-video-preview:-1"},"canonical":"https:\/\/www.interhotel-central.cz\/cs\/pokoje\/dvouluzkovy-de-luxe\/","og_locale":"cs_CZ","og_type":"article","og_title":"Dvoul\u016f\u017ekov\u00fd de Luxe -","og_description":"Elegantn\u011b za\u0159\u00edzen\u00e9 pokoje maj\u00ed velikost 35 &#8211; 37 m2. V\u0161echny pokoje kategorie de Luxe nab\u00edz\u00ed [&hellip;]","og_url":"https:\/\/www.interhotel-central.cz\/cs\/pokoje\/dvouluzkovy-de-luxe\/","article_modified_time":"2022-12-22T08:41:43+00:00","og_image":[{"width":2200,"height":1200,"url":"https:\/\/www.interhotel-central.cz\/wp-content\/uploads\/sites\/5\/2019\/02\/Double-de-Luxe-2-1.jpg","type":"image\/jpeg"}],"twitter_card":"summary_large_image","twitter_misc":{"Odhadovan\u00e1 doba \u010dten\u00ed":"1 minuta"},"schema":{"@context":"https:\/\/schema.org","@graph":[{"@type":"WebPage","@id":"https:\/\/www.interhotel-central.cz\/cs\/pokoje\/dvouluzkovy-de-luxe\/","url":"https:\/\/www.interhotel-central.cz\/cs\/pokoje\/dvouluzkovy-de-luxe\/","name":"Dvoul\u016f\u017ekov\u00fd de Luxe -","isPartOf":{"@id":"https:\/\/www.interhotel-central.cz\/cs\/#website"},"primaryImageOfPage":{"@id":"https:\/\/www.interhotel-central.cz\/cs\/pokoje\/dvouluzkovy-de-luxe\/#primaryimage"},"image":{"@id":"https:\/\/www.interhotel-central.cz\/cs\/pokoje\/dvouluzkovy-de-luxe\/#primaryimage"},"thumbnailUrl":"https:\/\/www.interhotel-central.cz\/wp-content\/uploads\/sites\/5\/2019\/02\/Double-de-Luxe-2-1.jpg","datePublished":"2019-02-18T14:46:09+00:00","dateModified":"2022-12-22T08:41:43+00:00","breadcrumb":{"@id":"https:\/\/www.interhotel-central.cz\/cs\/pokoje\/dvouluzkovy-de-luxe\/#breadcrumb"},"inLanguage":"cs","potentialAction":[{"@type":"ReadAction","target":["https:\/\/www.interhotel-central.cz\/cs\/pokoje\/dvouluzkovy-de-luxe\/"]}]},{"@type":"ImageObject","inLanguage":"cs","@id":"https:\/\/www.interhotel-central.cz\/cs\/pokoje\/dvouluzkovy-de-luxe\/#primaryimage","url":"https:\/\/www.interhotel-central.cz\/wp-content\/uploads\/sites\/5\/2019\/02\/Double-de-Luxe-2-1.jpg","contentUrl":"https:\/\/www.interhotel-central.cz\/wp-content\/uploads\/sites\/5\/2019\/02\/Double-de-Luxe-2-1.jpg","width":2200,"height":1200},{"@type":"BreadcrumbList","@id":"https:\/\/www.interhotel-central.cz\/cs\/pokoje\/dvouluzkovy-de-luxe\/#breadcrumb","itemListElement":[{"@type":"ListItem","position":1,"name":"Home","item":"https:\/\/www.interhotel-central.cz\/cs\/"},{"@type":"ListItem","position":2,"name":"Pokoje","item":"https:\/\/www.interhotel-central.cz\/cs\/pokoje\/"},{"@type":"ListItem","position":3,"name":"Dvoul\u016f\u017ekov\u00fd de Luxe"}]},{"@type":"WebSite","@id":"https:\/\/www.interhotel-central.cz\/cs\/#website","url":"https:\/\/www.interhotel-central.cz\/cs\/","name":"","description":"Just another ms.decms.eu site","potentialAction":[{"@type":"SearchAction","target":{"@type":"EntryPoint","urlTemplate":"https:\/\/www.interhotel-central.cz\/cs\/?s={search_term_string}"},"query-input":{"@type":"PropertyValueSpecification","valueRequired":true,"valueName":"search_term_string"}}],"inLanguage":"cs"}]}},"acf":[],"_links":{"self":[{"href":"https:\/\/www.interhotel-central.cz\/cs\/wp-json\/wp\/v2\/pages\/54","targetHints":{"allow":["GET"]}}],"collection":[{"href":"https:\/\/www.interhotel-central.cz\/cs\/wp-json\/wp\/v2\/pages"}],"about":[{"href":"https:\/\/www.interhotel-central.cz\/cs\/wp-json\/wp\/v2\/types\/page"}],"author":[{"embeddable":true,"href":"https:\/\/www.interhotel-central.cz\/cs\/wp-json\/wp\/v2\/users\/6"}],"replies":[{"embeddable":true,"href":"https:\/\/www.interhotel-central.cz\/cs\/wp-json\/wp\/v2\/comments?post=54"}],"version-history":[{"count":0,"href":"https:\/\/www.interhotel-central.cz\/cs\/wp-json\/wp\/v2\/pages\/54\/revisions"}],"up":[{"embeddable":true,"href":"https:\/\/www.interhotel-central.cz\/cs\/wp-json\/wp\/v2\/pages\/50"}],"wp:featuredmedia":[{"embeddable":true,"href":"https:\/\/www.interhotel-central.cz\/cs\/wp-json\/wp\/v2\/media\/998"}],"wp:attachment":[{"href":"https:\/\/www.interhotel-central.cz\/cs\/wp-json\/wp\/v2\/media?parent=54"}],"curies":[{"name":"wp","href":"https:\/\/api.w.org\/{rel}","templated":true}]}}