{"id":51,"date":"2019-02-18T14:45:09","date_gmt":"2019-02-18T14:45:09","guid":{"rendered":"http:\/\/interhotelcentral.ms.decms.eu\/?page_id=51"},"modified":"2022-12-22T08:37:51","modified_gmt":"2022-12-22T08:37:51","slug":"jednoluzkovy-standart","status":"publish","type":"page","link":"https:\/\/www.interhotel-central.cz\/cs\/pokoje\/jednoluzkovy-standart\/","title":{"rendered":"Jednol\u016f\u017ekov\u00fd Standard"},"content":{"rendered":"<p>Tyto \u00fatuln\u00e9 pokoje maj\u00ed velikost 18 &#8211; 20 m2.<br \/>\nV\u0161echny pokoje typu Single Standard maj\u00ed v\u00fdhled na vnit\u0159n\u00ed n\u00e1dvo\u0159\u00ed hotelu a zaru\u010duj\u00ed absolutn\u00ed klid.<\/p>\n","protected":false},"excerpt":{"rendered":"<p>Tyto \u00fatuln\u00e9 pokoje maj\u00ed velikost 18 &#8211; 20 m2. V\u0161echny pokoje typu Single Standard maj\u00ed [&hellip;]<\/p>\n","protected":false},"author":6,"featured_media":1033,"parent":50,"menu_order":21,"comment_status":"closed","ping_status":"closed","template":"template-single-room.php","meta":{"footnotes":""},"class_list":["post-51","page","type-page","status-publish","has-post-thumbnail","hentry"],"yoast_head":"<!-- This site is optimized with the Yoast SEO plugin v26.9 - https:\/\/yoast.com\/product\/yoast-seo-wordpress\/ -->\n<title>Jednol\u016f\u017ekov\u00fd Standard -<\/title>\n<meta name=\"robots\" content=\"index, follow, max-snippet:-1, max-image-preview:large, max-video-preview:-1\" \/>\n<link rel=\"canonical\" href=\"https:\/\/www.interhotel-central.cz\/cs\/pokoje\/jednoluzkovy-standart\/\" \/>\n<meta property=\"og:locale\" content=\"cs_CZ\" \/>\n<meta property=\"og:type\" content=\"article\" \/>\n<meta property=\"og:title\" content=\"Jednol\u016f\u017ekov\u00fd Standard -\" \/>\n<meta property=\"og:description\" content=\"Tyto \u00fatuln\u00e9 pokoje maj\u00ed velikost 18 &#8211; 20 m2. V\u0161echny pokoje typu Single Standard maj\u00ed [&hellip;]\" \/>\n<meta property=\"og:url\" content=\"https:\/\/www.interhotel-central.cz\/cs\/pokoje\/jednoluzkovy-standart\/\" \/>\n<meta property=\"article:modified_time\" content=\"2022-12-22T08:37:51+00:00\" \/>\n<meta property=\"og:image\" content=\"https:\/\/www.interhotel-central.cz\/wp-content\/uploads\/sites\/5\/2019\/02\/Single-Standard.jpg\" \/>\n\t<meta property=\"og:image:width\" content=\"2200\" \/>\n\t<meta property=\"og:image:height\" content=\"1200\" \/>\n\t<meta property=\"og:image:type\" content=\"image\/jpeg\" \/>\n<meta name=\"twitter:card\" content=\"summary_large_image\" \/>\n<meta name=\"twitter:label1\" content=\"Odhadovan\u00e1 doba \u010dten\u00ed\" \/>\n\t<meta name=\"twitter:data1\" content=\"1 minuta\" \/>\n<script type=\"application\/ld+json\" class=\"yoast-schema-graph\">{\"@context\":\"https:\/\/schema.org\",\"@graph\":[{\"@type\":\"WebPage\",\"@id\":\"https:\/\/www.interhotel-central.cz\/cs\/pokoje\/jednoluzkovy-standart\/\",\"url\":\"https:\/\/www.interhotel-central.cz\/cs\/pokoje\/jednoluzkovy-standart\/\",\"name\":\"Jednol\u016f\u017ekov\u00fd Standard -\",\"isPartOf\":{\"@id\":\"https:\/\/www.interhotel-central.cz\/cs\/#website\"},\"primaryImageOfPage\":{\"@id\":\"https:\/\/www.interhotel-central.cz\/cs\/pokoje\/jednoluzkovy-standart\/#primaryimage\"},\"image\":{\"@id\":\"https:\/\/www.interhotel-central.cz\/cs\/pokoje\/jednoluzkovy-standart\/#primaryimage\"},\"thumbnailUrl\":\"https:\/\/www.interhotel-central.cz\/wp-content\/uploads\/sites\/5\/2019\/02\/Single-Standard.jpg\",\"datePublished\":\"2019-02-18T14:45:09+00:00\",\"dateModified\":\"2022-12-22T08:37:51+00:00\",\"breadcrumb\":{\"@id\":\"https:\/\/www.interhotel-central.cz\/cs\/pokoje\/jednoluzkovy-standart\/#breadcrumb\"},\"inLanguage\":\"cs\",\"potentialAction\":[{\"@type\":\"ReadAction\",\"target\":[\"https:\/\/www.interhotel-central.cz\/cs\/pokoje\/jednoluzkovy-standart\/\"]}]},{\"@type\":\"ImageObject\",\"inLanguage\":\"cs\",\"@id\":\"https:\/\/www.interhotel-central.cz\/cs\/pokoje\/jednoluzkovy-standart\/#primaryimage\",\"url\":\"https:\/\/www.interhotel-central.cz\/wp-content\/uploads\/sites\/5\/2019\/02\/Single-Standard.jpg\",\"contentUrl\":\"https:\/\/www.interhotel-central.cz\/wp-content\/uploads\/sites\/5\/2019\/02\/Single-Standard.jpg\",\"width\":2200,\"height\":1200},{\"@type\":\"BreadcrumbList\",\"@id\":\"https:\/\/www.interhotel-central.cz\/cs\/pokoje\/jednoluzkovy-standart\/#breadcrumb\",\"itemListElement\":[{\"@type\":\"ListItem\",\"position\":1,\"name\":\"Home\",\"item\":\"https:\/\/www.interhotel-central.cz\/cs\/\"},{\"@type\":\"ListItem\",\"position\":2,\"name\":\"Pokoje\",\"item\":\"https:\/\/www.interhotel-central.cz\/cs\/pokoje\/\"},{\"@type\":\"ListItem\",\"position\":3,\"name\":\"Jednol\u016f\u017ekov\u00fd Standard\"}]},{\"@type\":\"WebSite\",\"@id\":\"https:\/\/www.interhotel-central.cz\/cs\/#website\",\"url\":\"https:\/\/www.interhotel-central.cz\/cs\/\",\"name\":\"\",\"description\":\"Just another ms.decms.eu site\",\"potentialAction\":[{\"@type\":\"SearchAction\",\"target\":{\"@type\":\"EntryPoint\",\"urlTemplate\":\"https:\/\/www.interhotel-central.cz\/cs\/?s={search_term_string}\"},\"query-input\":{\"@type\":\"PropertyValueSpecification\",\"valueRequired\":true,\"valueName\":\"search_term_string\"}}],\"inLanguage\":\"cs\"}]}<\/script>\n<!-- \/ Yoast SEO plugin. -->","yoast_head_json":{"title":"Jednol\u016f\u017ekov\u00fd Standard -","robots":{"index":"index","follow":"follow","max-snippet":"max-snippet:-1","max-image-preview":"max-image-preview:large","max-video-preview":"max-video-preview:-1"},"canonical":"https:\/\/www.interhotel-central.cz\/cs\/pokoje\/jednoluzkovy-standart\/","og_locale":"cs_CZ","og_type":"article","og_title":"Jednol\u016f\u017ekov\u00fd Standard -","og_description":"Tyto \u00fatuln\u00e9 pokoje maj\u00ed velikost 18 &#8211; 20 m2. V\u0161echny pokoje typu Single Standard maj\u00ed [&hellip;]","og_url":"https:\/\/www.interhotel-central.cz\/cs\/pokoje\/jednoluzkovy-standart\/","article_modified_time":"2022-12-22T08:37:51+00:00","og_image":[{"width":2200,"height":1200,"url":"https:\/\/www.interhotel-central.cz\/wp-content\/uploads\/sites\/5\/2019\/02\/Single-Standard.jpg","type":"image\/jpeg"}],"twitter_card":"summary_large_image","twitter_misc":{"Odhadovan\u00e1 doba \u010dten\u00ed":"1 minuta"},"schema":{"@context":"https:\/\/schema.org","@graph":[{"@type":"WebPage","@id":"https:\/\/www.interhotel-central.cz\/cs\/pokoje\/jednoluzkovy-standart\/","url":"https:\/\/www.interhotel-central.cz\/cs\/pokoje\/jednoluzkovy-standart\/","name":"Jednol\u016f\u017ekov\u00fd Standard -","isPartOf":{"@id":"https:\/\/www.interhotel-central.cz\/cs\/#website"},"primaryImageOfPage":{"@id":"https:\/\/www.interhotel-central.cz\/cs\/pokoje\/jednoluzkovy-standart\/#primaryimage"},"image":{"@id":"https:\/\/www.interhotel-central.cz\/cs\/pokoje\/jednoluzkovy-standart\/#primaryimage"},"thumbnailUrl":"https:\/\/www.interhotel-central.cz\/wp-content\/uploads\/sites\/5\/2019\/02\/Single-Standard.jpg","datePublished":"2019-02-18T14:45:09+00:00","dateModified":"2022-12-22T08:37:51+00:00","breadcrumb":{"@id":"https:\/\/www.interhotel-central.cz\/cs\/pokoje\/jednoluzkovy-standart\/#breadcrumb"},"inLanguage":"cs","potentialAction":[{"@type":"ReadAction","target":["https:\/\/www.interhotel-central.cz\/cs\/pokoje\/jednoluzkovy-standart\/"]}]},{"@type":"ImageObject","inLanguage":"cs","@id":"https:\/\/www.interhotel-central.cz\/cs\/pokoje\/jednoluzkovy-standart\/#primaryimage","url":"https:\/\/www.interhotel-central.cz\/wp-content\/uploads\/sites\/5\/2019\/02\/Single-Standard.jpg","contentUrl":"https:\/\/www.interhotel-central.cz\/wp-content\/uploads\/sites\/5\/2019\/02\/Single-Standard.jpg","width":2200,"height":1200},{"@type":"BreadcrumbList","@id":"https:\/\/www.interhotel-central.cz\/cs\/pokoje\/jednoluzkovy-standart\/#breadcrumb","itemListElement":[{"@type":"ListItem","position":1,"name":"Home","item":"https:\/\/www.interhotel-central.cz\/cs\/"},{"@type":"ListItem","position":2,"name":"Pokoje","item":"https:\/\/www.interhotel-central.cz\/cs\/pokoje\/"},{"@type":"ListItem","position":3,"name":"Jednol\u016f\u017ekov\u00fd Standard"}]},{"@type":"WebSite","@id":"https:\/\/www.interhotel-central.cz\/cs\/#website","url":"https:\/\/www.interhotel-central.cz\/cs\/","name":"","description":"Just another ms.decms.eu site","potentialAction":[{"@type":"SearchAction","target":{"@type":"EntryPoint","urlTemplate":"https:\/\/www.interhotel-central.cz\/cs\/?s={search_term_string}"},"query-input":{"@type":"PropertyValueSpecification","valueRequired":true,"valueName":"search_term_string"}}],"inLanguage":"cs"}]}},"acf":[],"_links":{"self":[{"href":"https:\/\/www.interhotel-central.cz\/cs\/wp-json\/wp\/v2\/pages\/51","targetHints":{"allow":["GET"]}}],"collection":[{"href":"https:\/\/www.interhotel-central.cz\/cs\/wp-json\/wp\/v2\/pages"}],"about":[{"href":"https:\/\/www.interhotel-central.cz\/cs\/wp-json\/wp\/v2\/types\/page"}],"author":[{"embeddable":true,"href":"https:\/\/www.interhotel-central.cz\/cs\/wp-json\/wp\/v2\/users\/6"}],"replies":[{"embeddable":true,"href":"https:\/\/www.interhotel-central.cz\/cs\/wp-json\/wp\/v2\/comments?post=51"}],"version-history":[{"count":0,"href":"https:\/\/www.interhotel-central.cz\/cs\/wp-json\/wp\/v2\/pages\/51\/revisions"}],"up":[{"embeddable":true,"href":"https:\/\/www.interhotel-central.cz\/cs\/wp-json\/wp\/v2\/pages\/50"}],"wp:featuredmedia":[{"embeddable":true,"href":"https:\/\/www.interhotel-central.cz\/cs\/wp-json\/wp\/v2\/media\/1033"}],"wp:attachment":[{"href":"https:\/\/www.interhotel-central.cz\/cs\/wp-json\/wp\/v2\/media?parent=51"}],"curies":[{"name":"wp","href":"https:\/\/api.w.org\/{rel}","templated":true}]}}