{"id":49,"date":"2019-02-18T14:42:58","date_gmt":"2019-02-18T14:42:58","guid":{"rendered":"http:\/\/interhotelcentral.ms.decms.eu\/?page_id=49"},"modified":"2022-12-19T09:51:26","modified_gmt":"2022-12-19T09:51:26","slug":"ubytovani-pro-skupiny","status":"publish","type":"page","link":"https:\/\/www.interhotel-central.cz\/cs\/ubytovani-pro-skupiny\/","title":{"rendered":"Ubytov\u00e1n\u00ed pro skupiny"},"content":{"rendered":"<p>V\u00a0p\u0159\u00edpad\u011b, \u017ee pl\u00e1nujete skupinov\u00fd z\u00e1jezd do Karlov\u00fdch Var\u016f na pozn\u00e1vac\u00ed v\u00fdlet, oslavu, \u00fa\u010dast na konferenci nebo vzd\u011bl\u00e1vac\u00ed semin\u00e1\u0159, r\u00e1di V\u00e1m poskytneme komfortn\u00ed ubytov\u00e1n\u00ed za cenov\u011b zv\u00fdhodn\u011bn\u00fdch podm\u00ednek. N\u00e1\u0161 hotel je ide\u00e1ln\u00ed volbou pro turistick\u00e9 a business skupiny, kter\u00e9 hledaj\u00ed ubytov\u00e1n\u00ed v\u00a0centru Karlov\u00fdch Var\u016f za p\u0159ijateln\u00e9 ceny. Hotel se nach\u00e1z\u00ed v\u00a0bl\u00edzkosti hlavn\u00edch turistick\u00fdch atrakc\u00ed, obchod\u016f a restaurac\u00ed. Host\u016fm je tak\u00e9 k\u00a0dispozici konferen\u010dn\u00ed m\u00edstnost, vhodn\u00e1 pro obchodn\u00ed sch\u016fzky, jedn\u00e1n\u00ed, prezentace \u010di soukrom\u00e1 setk\u00e1n\u00ed.<\/p>\n<p>Nedaleko hotelu se nach\u00e1z\u00ed parkovac\u00ed m\u011bste\u010dko zaji\u0161\u0165uj\u00edc\u00ed parkov\u00e1n\u00ed pro velk\u00e9 autobusy. Parkovat osobn\u00ed automobily je mo\u017en\u00e9 p\u0159\u00edmo p\u0159ed hotelem.<\/p>\n<p>V p\u0159\u00edpad\u011b skupinov\u00e9 popt\u00e1vky n\u00e1s nev\u00e1hejte kontaktovat na telefonn\u00edm \u010d\u00edsle: +420\u00a0353\u00a0182\u00a0630 nebo emailem:\u00a0<a href=\"mailto:reservation@interhotel-central.cz\">reservation@interhotel-central.cz<\/a><\/p>\n","protected":false},"excerpt":{"rendered":"<p>V\u00a0p\u0159\u00edpad\u011b, \u017ee pl\u00e1nujete skupinov\u00fd z\u00e1jezd do Karlov\u00fdch Var\u016f na pozn\u00e1vac\u00ed v\u00fdlet, oslavu, \u00fa\u010dast na konferenci [&hellip;]<\/p>\n","protected":false},"author":6,"featured_media":262,"parent":0,"menu_order":150,"comment_status":"closed","ping_status":"closed","template":"","meta":{"footnotes":""},"class_list":["post-49","page","type-page","status-publish","has-post-thumbnail","hentry"],"yoast_head":"<!-- This site is optimized with the Yoast SEO plugin v26.9 - https:\/\/yoast.com\/product\/yoast-seo-wordpress\/ -->\n<title>Ubytov\u00e1n\u00ed pro skupiny -<\/title>\n<meta name=\"robots\" content=\"index, follow, max-snippet:-1, max-image-preview:large, max-video-preview:-1\" \/>\n<link rel=\"canonical\" href=\"https:\/\/www.interhotel-central.cz\/cs\/ubytovani-pro-skupiny\/\" \/>\n<meta property=\"og:locale\" content=\"cs_CZ\" \/>\n<meta property=\"og:type\" content=\"article\" \/>\n<meta property=\"og:title\" content=\"Ubytov\u00e1n\u00ed pro skupiny -\" \/>\n<meta property=\"og:description\" content=\"V\u00a0p\u0159\u00edpad\u011b, \u017ee pl\u00e1nujete skupinov\u00fd z\u00e1jezd do Karlov\u00fdch Var\u016f na pozn\u00e1vac\u00ed v\u00fdlet, oslavu, \u00fa\u010dast na konferenci [&hellip;]\" \/>\n<meta property=\"og:url\" content=\"https:\/\/www.interhotel-central.cz\/cs\/ubytovani-pro-skupiny\/\" \/>\n<meta property=\"article:modified_time\" content=\"2022-12-19T09:51:26+00:00\" \/>\n<meta property=\"og:image\" content=\"https:\/\/www.interhotel-central.cz\/wp-content\/uploads\/sites\/5\/2019\/02\/bonding-1985863.jpg\" \/>\n\t<meta property=\"og:image:width\" content=\"2200\" \/>\n\t<meta property=\"og:image:height\" content=\"1200\" \/>\n\t<meta property=\"og:image:type\" content=\"image\/jpeg\" \/>\n<meta name=\"twitter:card\" content=\"summary_large_image\" \/>\n<meta name=\"twitter:label1\" content=\"Odhadovan\u00e1 doba \u010dten\u00ed\" \/>\n\t<meta name=\"twitter:data1\" content=\"1 minuta\" \/>\n<script type=\"application\/ld+json\" class=\"yoast-schema-graph\">{\"@context\":\"https:\/\/schema.org\",\"@graph\":[{\"@type\":\"WebPage\",\"@id\":\"https:\/\/www.interhotel-central.cz\/cs\/ubytovani-pro-skupiny\/\",\"url\":\"https:\/\/www.interhotel-central.cz\/cs\/ubytovani-pro-skupiny\/\",\"name\":\"Ubytov\u00e1n\u00ed pro skupiny -\",\"isPartOf\":{\"@id\":\"https:\/\/www.interhotel-central.cz\/cs\/#website\"},\"primaryImageOfPage\":{\"@id\":\"https:\/\/www.interhotel-central.cz\/cs\/ubytovani-pro-skupiny\/#primaryimage\"},\"image\":{\"@id\":\"https:\/\/www.interhotel-central.cz\/cs\/ubytovani-pro-skupiny\/#primaryimage\"},\"thumbnailUrl\":\"https:\/\/www.interhotel-central.cz\/wp-content\/uploads\/sites\/5\/2019\/02\/bonding-1985863.jpg\",\"datePublished\":\"2019-02-18T14:42:58+00:00\",\"dateModified\":\"2022-12-19T09:51:26+00:00\",\"breadcrumb\":{\"@id\":\"https:\/\/www.interhotel-central.cz\/cs\/ubytovani-pro-skupiny\/#breadcrumb\"},\"inLanguage\":\"cs\",\"potentialAction\":[{\"@type\":\"ReadAction\",\"target\":[\"https:\/\/www.interhotel-central.cz\/cs\/ubytovani-pro-skupiny\/\"]}]},{\"@type\":\"ImageObject\",\"inLanguage\":\"cs\",\"@id\":\"https:\/\/www.interhotel-central.cz\/cs\/ubytovani-pro-skupiny\/#primaryimage\",\"url\":\"https:\/\/www.interhotel-central.cz\/wp-content\/uploads\/sites\/5\/2019\/02\/bonding-1985863.jpg\",\"contentUrl\":\"https:\/\/www.interhotel-central.cz\/wp-content\/uploads\/sites\/5\/2019\/02\/bonding-1985863.jpg\",\"width\":2200,\"height\":1200},{\"@type\":\"BreadcrumbList\",\"@id\":\"https:\/\/www.interhotel-central.cz\/cs\/ubytovani-pro-skupiny\/#breadcrumb\",\"itemListElement\":[{\"@type\":\"ListItem\",\"position\":1,\"name\":\"Home\",\"item\":\"https:\/\/www.interhotel-central.cz\/cs\/\"},{\"@type\":\"ListItem\",\"position\":2,\"name\":\"Ubytov\u00e1n\u00ed pro skupiny\"}]},{\"@type\":\"WebSite\",\"@id\":\"https:\/\/www.interhotel-central.cz\/cs\/#website\",\"url\":\"https:\/\/www.interhotel-central.cz\/cs\/\",\"name\":\"\",\"description\":\"Just another ms.decms.eu site\",\"potentialAction\":[{\"@type\":\"SearchAction\",\"target\":{\"@type\":\"EntryPoint\",\"urlTemplate\":\"https:\/\/www.interhotel-central.cz\/cs\/?s={search_term_string}\"},\"query-input\":{\"@type\":\"PropertyValueSpecification\",\"valueRequired\":true,\"valueName\":\"search_term_string\"}}],\"inLanguage\":\"cs\"}]}<\/script>\n<!-- \/ Yoast SEO plugin. -->","yoast_head_json":{"title":"Ubytov\u00e1n\u00ed pro skupiny -","robots":{"index":"index","follow":"follow","max-snippet":"max-snippet:-1","max-image-preview":"max-image-preview:large","max-video-preview":"max-video-preview:-1"},"canonical":"https:\/\/www.interhotel-central.cz\/cs\/ubytovani-pro-skupiny\/","og_locale":"cs_CZ","og_type":"article","og_title":"Ubytov\u00e1n\u00ed pro skupiny -","og_description":"V\u00a0p\u0159\u00edpad\u011b, \u017ee pl\u00e1nujete skupinov\u00fd z\u00e1jezd do Karlov\u00fdch Var\u016f na pozn\u00e1vac\u00ed v\u00fdlet, oslavu, \u00fa\u010dast na konferenci [&hellip;]","og_url":"https:\/\/www.interhotel-central.cz\/cs\/ubytovani-pro-skupiny\/","article_modified_time":"2022-12-19T09:51:26+00:00","og_image":[{"width":2200,"height":1200,"url":"https:\/\/www.interhotel-central.cz\/wp-content\/uploads\/sites\/5\/2019\/02\/bonding-1985863.jpg","type":"image\/jpeg"}],"twitter_card":"summary_large_image","twitter_misc":{"Odhadovan\u00e1 doba \u010dten\u00ed":"1 minuta"},"schema":{"@context":"https:\/\/schema.org","@graph":[{"@type":"WebPage","@id":"https:\/\/www.interhotel-central.cz\/cs\/ubytovani-pro-skupiny\/","url":"https:\/\/www.interhotel-central.cz\/cs\/ubytovani-pro-skupiny\/","name":"Ubytov\u00e1n\u00ed pro skupiny -","isPartOf":{"@id":"https:\/\/www.interhotel-central.cz\/cs\/#website"},"primaryImageOfPage":{"@id":"https:\/\/www.interhotel-central.cz\/cs\/ubytovani-pro-skupiny\/#primaryimage"},"image":{"@id":"https:\/\/www.interhotel-central.cz\/cs\/ubytovani-pro-skupiny\/#primaryimage"},"thumbnailUrl":"https:\/\/www.interhotel-central.cz\/wp-content\/uploads\/sites\/5\/2019\/02\/bonding-1985863.jpg","datePublished":"2019-02-18T14:42:58+00:00","dateModified":"2022-12-19T09:51:26+00:00","breadcrumb":{"@id":"https:\/\/www.interhotel-central.cz\/cs\/ubytovani-pro-skupiny\/#breadcrumb"},"inLanguage":"cs","potentialAction":[{"@type":"ReadAction","target":["https:\/\/www.interhotel-central.cz\/cs\/ubytovani-pro-skupiny\/"]}]},{"@type":"ImageObject","inLanguage":"cs","@id":"https:\/\/www.interhotel-central.cz\/cs\/ubytovani-pro-skupiny\/#primaryimage","url":"https:\/\/www.interhotel-central.cz\/wp-content\/uploads\/sites\/5\/2019\/02\/bonding-1985863.jpg","contentUrl":"https:\/\/www.interhotel-central.cz\/wp-content\/uploads\/sites\/5\/2019\/02\/bonding-1985863.jpg","width":2200,"height":1200},{"@type":"BreadcrumbList","@id":"https:\/\/www.interhotel-central.cz\/cs\/ubytovani-pro-skupiny\/#breadcrumb","itemListElement":[{"@type":"ListItem","position":1,"name":"Home","item":"https:\/\/www.interhotel-central.cz\/cs\/"},{"@type":"ListItem","position":2,"name":"Ubytov\u00e1n\u00ed pro skupiny"}]},{"@type":"WebSite","@id":"https:\/\/www.interhotel-central.cz\/cs\/#website","url":"https:\/\/www.interhotel-central.cz\/cs\/","name":"","description":"Just another ms.decms.eu site","potentialAction":[{"@type":"SearchAction","target":{"@type":"EntryPoint","urlTemplate":"https:\/\/www.interhotel-central.cz\/cs\/?s={search_term_string}"},"query-input":{"@type":"PropertyValueSpecification","valueRequired":true,"valueName":"search_term_string"}}],"inLanguage":"cs"}]}},"acf":[],"_links":{"self":[{"href":"https:\/\/www.interhotel-central.cz\/cs\/wp-json\/wp\/v2\/pages\/49","targetHints":{"allow":["GET"]}}],"collection":[{"href":"https:\/\/www.interhotel-central.cz\/cs\/wp-json\/wp\/v2\/pages"}],"about":[{"href":"https:\/\/www.interhotel-central.cz\/cs\/wp-json\/wp\/v2\/types\/page"}],"author":[{"embeddable":true,"href":"https:\/\/www.interhotel-central.cz\/cs\/wp-json\/wp\/v2\/users\/6"}],"replies":[{"embeddable":true,"href":"https:\/\/www.interhotel-central.cz\/cs\/wp-json\/wp\/v2\/comments?post=49"}],"version-history":[{"count":0,"href":"https:\/\/www.interhotel-central.cz\/cs\/wp-json\/wp\/v2\/pages\/49\/revisions"}],"wp:featuredmedia":[{"embeddable":true,"href":"https:\/\/www.interhotel-central.cz\/cs\/wp-json\/wp\/v2\/media\/262"}],"wp:attachment":[{"href":"https:\/\/www.interhotel-central.cz\/cs\/wp-json\/wp\/v2\/media?parent=49"}],"curies":[{"name":"wp","href":"https:\/\/api.w.org\/{rel}","templated":true}]}}