{"id":47,"date":"2019-02-18T14:40:37","date_gmt":"2019-02-18T14:40:37","guid":{"rendered":"http:\/\/interhotelcentral.ms.decms.eu\/?page_id=47"},"modified":"2026-02-10T09:38:12","modified_gmt":"2026-02-10T09:38:12","slug":"interhotel-central","status":"publish","type":"page","link":"https:\/\/www.interhotel-central.cz\/cs\/","title":{"rendered":"Interhotel Central"},"content":{"rendered":"<p>Interhotel Central je tradi\u010dn\u00ed \u010dty\u0159hv\u011bzdi\u010dkov\u00fd hotel s privilegovan\u00fdm um\u00edst\u011bn\u00edm \u2013 p\u0159\u00edmo v srdci l\u00e1ze\u0148sk\u00e9 z\u00f3ny\u00a0na Divadeln\u00edm n\u00e1m\u011bst\u00ed, vzd\u00e1len\u00fd pouze 100 metr\u016f od V\u0159\u00eddeln\u00ed kolon\u00e1dy s proslul\u00fdmi term\u00e1ln\u00edmi prameny.\u00a0D\u00edky mnohalet\u00fdm tradic\u00edm a zku\u0161enostem hotel nab\u00edz\u00ed komfortn\u00ed ubytov\u00e1n\u00ed, profesion\u00e1ln\u00ed servis a l\u00e1ze\u0148skou l\u00e9\u010dbu nejvy\u0161\u0161\u00ed kvality.<\/p>\n<p>&nbsp;<\/p>\n<p><strong>Rezervujte si pobyt p\u0159\u00edmo u n\u00e1s a z\u00edskejte nejlep\u0161\u00ed cenu v\u010detn\u011b neomezen\u00e9ho vstupu do baz\u00e9nu s protiproudem a whirpoolem!!!<\/strong><br \/>\n<strong>Kontakt:\u00a0 reservation@interhotel-central.cz\u00a0 *\u00a0\u00a000420 353 182 630\u00a0 *<\/strong><\/p>\n<p>&nbsp;<\/p>\n","protected":false},"excerpt":{"rendered":"<p>Interhotel Central je tradi\u010dn\u00ed \u010dty\u0159hv\u011bzdi\u010dkov\u00fd hotel s privilegovan\u00fdm um\u00edst\u011bn\u00edm \u2013 p\u0159\u00edmo v srdci l\u00e1ze\u0148sk\u00e9 z\u00f3ny\u00a0na [&hellip;]<\/p>\n","protected":false},"author":6,"featured_media":0,"parent":0,"menu_order":0,"comment_status":"closed","ping_status":"closed","template":"","meta":{"footnotes":""},"class_list":["post-47","page","type-page","status-publish","hentry"],"yoast_head":"<!-- This site is optimized with the Yoast SEO plugin v26.9 - https:\/\/yoast.com\/product\/yoast-seo-wordpress\/ -->\n<title>Interhotel Central -<\/title>\n<meta name=\"robots\" content=\"index, follow, max-snippet:-1, max-image-preview:large, max-video-preview:-1\" \/>\n<link rel=\"canonical\" href=\"https:\/\/www.interhotel-central.cz\/cs\/\" \/>\n<meta property=\"og:locale\" content=\"cs_CZ\" \/>\n<meta property=\"og:type\" content=\"article\" \/>\n<meta property=\"og:title\" content=\"Interhotel Central -\" \/>\n<meta property=\"og:description\" content=\"Interhotel Central je tradi\u010dn\u00ed \u010dty\u0159hv\u011bzdi\u010dkov\u00fd hotel s privilegovan\u00fdm um\u00edst\u011bn\u00edm \u2013 p\u0159\u00edmo v srdci l\u00e1ze\u0148sk\u00e9 z\u00f3ny\u00a0na [&hellip;]\" \/>\n<meta property=\"og:url\" content=\"https:\/\/www.interhotel-central.cz\/cs\/\" \/>\n<meta property=\"article:modified_time\" content=\"2026-02-10T09:38:12+00:00\" \/>\n<meta name=\"twitter:card\" content=\"summary_large_image\" \/>\n<meta name=\"twitter:label1\" content=\"Odhadovan\u00e1 doba \u010dten\u00ed\" \/>\n\t<meta name=\"twitter:data1\" content=\"1 minuta\" \/>\n<script type=\"application\/ld+json\" class=\"yoast-schema-graph\">{\"@context\":\"https:\/\/schema.org\",\"@graph\":[{\"@type\":\"WebPage\",\"@id\":\"https:\/\/www.interhotel-central.cz\/cs\/\",\"url\":\"https:\/\/www.interhotel-central.cz\/cs\/\",\"name\":\"Interhotel Central -\",\"isPartOf\":{\"@id\":\"https:\/\/www.interhotel-central.cz\/cs\/#website\"},\"datePublished\":\"2019-02-18T14:40:37+00:00\",\"dateModified\":\"2026-02-10T09:38:12+00:00\",\"breadcrumb\":{\"@id\":\"https:\/\/www.interhotel-central.cz\/cs\/#breadcrumb\"},\"inLanguage\":\"cs\",\"potentialAction\":[{\"@type\":\"ReadAction\",\"target\":[\"https:\/\/www.interhotel-central.cz\/cs\/\"]}]},{\"@type\":\"BreadcrumbList\",\"@id\":\"https:\/\/www.interhotel-central.cz\/cs\/#breadcrumb\",\"itemListElement\":[{\"@type\":\"ListItem\",\"position\":1,\"name\":\"Home\",\"item\":\"https:\/\/www.interhotel-central.cz\/cs\/\"},{\"@type\":\"ListItem\",\"position\":2,\"name\":\"Interhotel Central\"}]},{\"@type\":\"WebSite\",\"@id\":\"https:\/\/www.interhotel-central.cz\/cs\/#website\",\"url\":\"https:\/\/www.interhotel-central.cz\/cs\/\",\"name\":\"\",\"description\":\"Just another ms.decms.eu site\",\"potentialAction\":[{\"@type\":\"SearchAction\",\"target\":{\"@type\":\"EntryPoint\",\"urlTemplate\":\"https:\/\/www.interhotel-central.cz\/cs\/?s={search_term_string}\"},\"query-input\":{\"@type\":\"PropertyValueSpecification\",\"valueRequired\":true,\"valueName\":\"search_term_string\"}}],\"inLanguage\":\"cs\"}]}<\/script>\n<!-- \/ Yoast SEO plugin. -->","yoast_head_json":{"title":"Interhotel Central -","robots":{"index":"index","follow":"follow","max-snippet":"max-snippet:-1","max-image-preview":"max-image-preview:large","max-video-preview":"max-video-preview:-1"},"canonical":"https:\/\/www.interhotel-central.cz\/cs\/","og_locale":"cs_CZ","og_type":"article","og_title":"Interhotel Central -","og_description":"Interhotel Central je tradi\u010dn\u00ed \u010dty\u0159hv\u011bzdi\u010dkov\u00fd hotel s privilegovan\u00fdm um\u00edst\u011bn\u00edm \u2013 p\u0159\u00edmo v srdci l\u00e1ze\u0148sk\u00e9 z\u00f3ny\u00a0na [&hellip;]","og_url":"https:\/\/www.interhotel-central.cz\/cs\/","article_modified_time":"2026-02-10T09:38:12+00:00","twitter_card":"summary_large_image","twitter_misc":{"Odhadovan\u00e1 doba \u010dten\u00ed":"1 minuta"},"schema":{"@context":"https:\/\/schema.org","@graph":[{"@type":"WebPage","@id":"https:\/\/www.interhotel-central.cz\/cs\/","url":"https:\/\/www.interhotel-central.cz\/cs\/","name":"Interhotel Central -","isPartOf":{"@id":"https:\/\/www.interhotel-central.cz\/cs\/#website"},"datePublished":"2019-02-18T14:40:37+00:00","dateModified":"2026-02-10T09:38:12+00:00","breadcrumb":{"@id":"https:\/\/www.interhotel-central.cz\/cs\/#breadcrumb"},"inLanguage":"cs","potentialAction":[{"@type":"ReadAction","target":["https:\/\/www.interhotel-central.cz\/cs\/"]}]},{"@type":"BreadcrumbList","@id":"https:\/\/www.interhotel-central.cz\/cs\/#breadcrumb","itemListElement":[{"@type":"ListItem","position":1,"name":"Home","item":"https:\/\/www.interhotel-central.cz\/cs\/"},{"@type":"ListItem","position":2,"name":"Interhotel Central"}]},{"@type":"WebSite","@id":"https:\/\/www.interhotel-central.cz\/cs\/#website","url":"https:\/\/www.interhotel-central.cz\/cs\/","name":"","description":"Just another ms.decms.eu site","potentialAction":[{"@type":"SearchAction","target":{"@type":"EntryPoint","urlTemplate":"https:\/\/www.interhotel-central.cz\/cs\/?s={search_term_string}"},"query-input":{"@type":"PropertyValueSpecification","valueRequired":true,"valueName":"search_term_string"}}],"inLanguage":"cs"}]}},"acf":[],"_links":{"self":[{"href":"https:\/\/www.interhotel-central.cz\/cs\/wp-json\/wp\/v2\/pages\/47","targetHints":{"allow":["GET"]}}],"collection":[{"href":"https:\/\/www.interhotel-central.cz\/cs\/wp-json\/wp\/v2\/pages"}],"about":[{"href":"https:\/\/www.interhotel-central.cz\/cs\/wp-json\/wp\/v2\/types\/page"}],"author":[{"embeddable":true,"href":"https:\/\/www.interhotel-central.cz\/cs\/wp-json\/wp\/v2\/users\/6"}],"replies":[{"embeddable":true,"href":"https:\/\/www.interhotel-central.cz\/cs\/wp-json\/wp\/v2\/comments?post=47"}],"version-history":[{"count":0,"href":"https:\/\/www.interhotel-central.cz\/cs\/wp-json\/wp\/v2\/pages\/47\/revisions"}],"wp:attachment":[{"href":"https:\/\/www.interhotel-central.cz\/cs\/wp-json\/wp\/v2\/media?parent=47"}],"curies":[{"name":"wp","href":"https:\/\/api.w.org\/{rel}","templated":true}]}}