{"id":1173,"date":"2019-03-08T12:51:14","date_gmt":"2019-03-08T12:51:14","guid":{"rendered":"http:\/\/interhotelcentral.ms.decms.eu\/?page_id=1173"},"modified":"2026-03-05T15:13:02","modified_gmt":"2026-03-05T15:13:02","slug":"wellness-balicky","status":"publish","type":"page","link":"https:\/\/www.interhotel-central.cz\/cs\/wellness-spa\/wellness-balicky\/","title":{"rendered":"Wellness Bal\u00ed\u010dek"},"content":{"rendered":"<p>N\u00e1\u0161 <strong>Wellness bal\u00ed\u010dek<\/strong> nab\u00edz\u00ed pohodovu relaxaci <strong>jen p\u00e1r krok\u016f od V\u0159\u00eddla s jedine\u010dn\u00fdm v\u00fdhledem <\/strong>na l\u00e1ze\u0148sk\u00e9 centrum. Sn\u00eddan\u011b s proseccem, k\u00e1va p\u0159\u00edmo do postele, plav\u00e1n\u00ed va baz\u00e9nu s protiproudem a p\u0159edev\u0161\u00edm <strong>4 relaxa\u010dn\u00ed procedury<\/strong> ud\u011blaj\u00ed z Va\u0161eho pobytu u n\u00e1s <strong>nezapomenuteln\u00fd z\u00e1\u017eitek<\/strong>.<\/p>\n<p style=\"text-align: center\"><strong>Rezervujte: reservation@interhotel-central.cz, +420 353 182 630<\/strong><\/p>\n<p>&nbsp;<\/p>\n<p><strong>Wellness bal\u00ed\u010dek obsahuje<\/strong>:<\/p>\n<p><strong>Ubytov\u00e1n\u00ed<\/strong><br \/>\n\u2022\u00a0 \u00a0 Ubytov\u00e1n\u00ed v pokoji zvolen\u00e9 kategorie<br \/>\n<strong>Strava:\u00a0<\/strong><br \/>\n\u2022\u00a0 \u00a0 Sn\u00eddan\u011b formou bufetu s proseccem<br \/>\n\u2022\u00a0 \u00a0 Na p\u0159\u00e1n\u00ed \u010derstv\u00e1 rann\u00ed k\u00e1va s croissanty na pokoj (po p\u0159edchoz\u00ed objedn\u00e1vce na recepci p\u0159i p\u0159\u00edjezdu)<br \/>\n\u2022\u00a0 \u00a0 Ve\u010de\u0159e<br \/>\nPrvn\u00ed den: uv\u00edtac\u00ed menu<br \/>\nDruh\u00fd,t\u0159et\u00ed den: j\u00eddlo na p\u0159edb\u011b\u017enou objedn\u00e1vku z denn\u00edho menu<br \/>\n\u2022\u00a0 \u00a0 Ka\u017ed\u00e1 ve\u010de\u0159e:<\/p>\n<ul>\n<li>drink (0,1 dl v\u00edna a 0,33 l vody)<\/li>\n<li>sal\u00e1tov\u00fd bufet, dezerty, zmrzlina, \u010daj<\/li>\n<\/ul>\n<p><strong>Wellness<\/strong><br \/>\n\u2022\u00a0 \u00a0 Neomezen\u00fd vstup do vnit\u0159n\u00edho baz\u00e9nu s protiproudem<br \/>\n\u2022\u00a0 \u00a0 Neomezen\u00fd vstup do v\u00ed\u0159ivky<br \/>\n\u2022\u00a0 \u00a0 Wellness procedury:<br \/>\n1\u00d7 miner\u00e1ln\u00ed koupel s p\u0159\u00edsadou dle v\u00fdb\u011bru (v\u00edno, pivo, rozmar\u00fdn, levandule, konop\u00ed, medu\u0148ka\u2026)<br \/>\n1\u00d7 exkluzivn\u00ed mas\u00e1\u017e na vodn\u00ed matraci Hydrojet<br \/>\n1\u00d7 inhalace miner\u00e1ln\u00ed vody s esencemi<br \/>\n1\u00d7 parafinov\u00e9 z\u00e1baly na ruce<br \/>\n\u017dupany a pantofle po celou dobu pobytu<\/p>\n<p><strong>Ostatn\u00ed slu\u017eby<\/strong><br \/>\n\u2022\u00a0 \u00a0 D\u0159\u00edv\u011bj\u0161\u00ed check in od 10:00 a pozd\u011bj\u0161\u00ed check out do 16:00<br \/>\n\u2022\u00a0 \u00a0 Kule\u010dn\u00edk a stoln\u00ed tenis neomezen\u011b<br \/>\n\u2022\u00a0 \u00a0 Spole\u010densk\u00e9 hry v lobby<br \/>\n\u2022\u00a0 \u00a0 Fitness neomezen\u011b<\/p>\n<h3><\/h3>\n","protected":false},"excerpt":{"rendered":"<p>N\u00e1\u0161 Wellness bal\u00ed\u010dek nab\u00edz\u00ed pohodovu relaxaci jen p\u00e1r krok\u016f od V\u0159\u00eddla s jedine\u010dn\u00fdm v\u00fdhledem na [&hellip;]<\/p>\n","protected":false},"author":6,"featured_media":1226,"parent":58,"menu_order":34,"comment_status":"closed","ping_status":"closed","template":"","meta":{"footnotes":""},"class_list":["post-1173","page","type-page","status-publish","has-post-thumbnail","hentry"],"yoast_head":"<!-- This site is optimized with the Yoast SEO plugin v26.9 - https:\/\/yoast.com\/product\/yoast-seo-wordpress\/ -->\n<title>Wellness Bal\u00ed\u010dek -<\/title>\n<meta name=\"robots\" content=\"index, follow, max-snippet:-1, max-image-preview:large, max-video-preview:-1\" \/>\n<link rel=\"canonical\" href=\"https:\/\/www.interhotel-central.cz\/cs\/wellness-spa\/wellness-balicky\/\" \/>\n<meta property=\"og:locale\" content=\"cs_CZ\" \/>\n<meta property=\"og:type\" content=\"article\" \/>\n<meta property=\"og:title\" content=\"Wellness Bal\u00ed\u010dek -\" \/>\n<meta property=\"og:description\" content=\"N\u00e1\u0161 Wellness bal\u00ed\u010dek nab\u00edz\u00ed pohodovu relaxaci jen p\u00e1r krok\u016f od V\u0159\u00eddla s jedine\u010dn\u00fdm v\u00fdhledem na [&hellip;]\" \/>\n<meta property=\"og:url\" content=\"https:\/\/www.interhotel-central.cz\/cs\/wellness-spa\/wellness-balicky\/\" \/>\n<meta property=\"article:modified_time\" content=\"2026-03-05T15:13:02+00:00\" \/>\n<meta property=\"og:image\" content=\"https:\/\/www.interhotel-central.cz\/wp-content\/uploads\/sites\/5\/2019\/03\/interhotel-central-36.jpg\" \/>\n\t<meta property=\"og:image:width\" content=\"2200\" \/>\n\t<meta property=\"og:image:height\" content=\"1200\" \/>\n\t<meta property=\"og:image:type\" content=\"image\/jpeg\" \/>\n<meta name=\"twitter:card\" content=\"summary_large_image\" \/>\n<meta name=\"twitter:label1\" content=\"Odhadovan\u00e1 doba \u010dten\u00ed\" \/>\n\t<meta name=\"twitter:data1\" content=\"2 minuty\" \/>\n<script type=\"application\/ld+json\" class=\"yoast-schema-graph\">{\"@context\":\"https:\/\/schema.org\",\"@graph\":[{\"@type\":\"WebPage\",\"@id\":\"https:\/\/www.interhotel-central.cz\/cs\/wellness-spa\/wellness-balicky\/\",\"url\":\"https:\/\/www.interhotel-central.cz\/cs\/wellness-spa\/wellness-balicky\/\",\"name\":\"Wellness Bal\u00ed\u010dek -\",\"isPartOf\":{\"@id\":\"https:\/\/www.interhotel-central.cz\/cs\/#website\"},\"primaryImageOfPage\":{\"@id\":\"https:\/\/www.interhotel-central.cz\/cs\/wellness-spa\/wellness-balicky\/#primaryimage\"},\"image\":{\"@id\":\"https:\/\/www.interhotel-central.cz\/cs\/wellness-spa\/wellness-balicky\/#primaryimage\"},\"thumbnailUrl\":\"https:\/\/www.interhotel-central.cz\/wp-content\/uploads\/sites\/5\/2019\/03\/interhotel-central-36.jpg\",\"datePublished\":\"2019-03-08T12:51:14+00:00\",\"dateModified\":\"2026-03-05T15:13:02+00:00\",\"breadcrumb\":{\"@id\":\"https:\/\/www.interhotel-central.cz\/cs\/wellness-spa\/wellness-balicky\/#breadcrumb\"},\"inLanguage\":\"cs\",\"potentialAction\":[{\"@type\":\"ReadAction\",\"target\":[\"https:\/\/www.interhotel-central.cz\/cs\/wellness-spa\/wellness-balicky\/\"]}]},{\"@type\":\"ImageObject\",\"inLanguage\":\"cs\",\"@id\":\"https:\/\/www.interhotel-central.cz\/cs\/wellness-spa\/wellness-balicky\/#primaryimage\",\"url\":\"https:\/\/www.interhotel-central.cz\/wp-content\/uploads\/sites\/5\/2019\/03\/interhotel-central-36.jpg\",\"contentUrl\":\"https:\/\/www.interhotel-central.cz\/wp-content\/uploads\/sites\/5\/2019\/03\/interhotel-central-36.jpg\",\"width\":2200,\"height\":1200},{\"@type\":\"BreadcrumbList\",\"@id\":\"https:\/\/www.interhotel-central.cz\/cs\/wellness-spa\/wellness-balicky\/#breadcrumb\",\"itemListElement\":[{\"@type\":\"ListItem\",\"position\":1,\"name\":\"Home\",\"item\":\"https:\/\/www.interhotel-central.cz\/cs\/\"},{\"@type\":\"ListItem\",\"position\":2,\"name\":\"Spa &amp; Wellness\",\"item\":\"https:\/\/www.interhotel-central.cz\/cs\/wellness-spa\/\"},{\"@type\":\"ListItem\",\"position\":3,\"name\":\"Wellness Bal\u00ed\u010dek\"}]},{\"@type\":\"WebSite\",\"@id\":\"https:\/\/www.interhotel-central.cz\/cs\/#website\",\"url\":\"https:\/\/www.interhotel-central.cz\/cs\/\",\"name\":\"\",\"description\":\"Just another ms.decms.eu site\",\"potentialAction\":[{\"@type\":\"SearchAction\",\"target\":{\"@type\":\"EntryPoint\",\"urlTemplate\":\"https:\/\/www.interhotel-central.cz\/cs\/?s={search_term_string}\"},\"query-input\":{\"@type\":\"PropertyValueSpecification\",\"valueRequired\":true,\"valueName\":\"search_term_string\"}}],\"inLanguage\":\"cs\"}]}<\/script>\n<!-- \/ Yoast SEO plugin. -->","yoast_head_json":{"title":"Wellness Bal\u00ed\u010dek -","robots":{"index":"index","follow":"follow","max-snippet":"max-snippet:-1","max-image-preview":"max-image-preview:large","max-video-preview":"max-video-preview:-1"},"canonical":"https:\/\/www.interhotel-central.cz\/cs\/wellness-spa\/wellness-balicky\/","og_locale":"cs_CZ","og_type":"article","og_title":"Wellness Bal\u00ed\u010dek -","og_description":"N\u00e1\u0161 Wellness bal\u00ed\u010dek nab\u00edz\u00ed pohodovu relaxaci jen p\u00e1r krok\u016f od V\u0159\u00eddla s jedine\u010dn\u00fdm v\u00fdhledem na [&hellip;]","og_url":"https:\/\/www.interhotel-central.cz\/cs\/wellness-spa\/wellness-balicky\/","article_modified_time":"2026-03-05T15:13:02+00:00","og_image":[{"width":2200,"height":1200,"url":"https:\/\/www.interhotel-central.cz\/wp-content\/uploads\/sites\/5\/2019\/03\/interhotel-central-36.jpg","type":"image\/jpeg"}],"twitter_card":"summary_large_image","twitter_misc":{"Odhadovan\u00e1 doba \u010dten\u00ed":"2 minuty"},"schema":{"@context":"https:\/\/schema.org","@graph":[{"@type":"WebPage","@id":"https:\/\/www.interhotel-central.cz\/cs\/wellness-spa\/wellness-balicky\/","url":"https:\/\/www.interhotel-central.cz\/cs\/wellness-spa\/wellness-balicky\/","name":"Wellness Bal\u00ed\u010dek -","isPartOf":{"@id":"https:\/\/www.interhotel-central.cz\/cs\/#website"},"primaryImageOfPage":{"@id":"https:\/\/www.interhotel-central.cz\/cs\/wellness-spa\/wellness-balicky\/#primaryimage"},"image":{"@id":"https:\/\/www.interhotel-central.cz\/cs\/wellness-spa\/wellness-balicky\/#primaryimage"},"thumbnailUrl":"https:\/\/www.interhotel-central.cz\/wp-content\/uploads\/sites\/5\/2019\/03\/interhotel-central-36.jpg","datePublished":"2019-03-08T12:51:14+00:00","dateModified":"2026-03-05T15:13:02+00:00","breadcrumb":{"@id":"https:\/\/www.interhotel-central.cz\/cs\/wellness-spa\/wellness-balicky\/#breadcrumb"},"inLanguage":"cs","potentialAction":[{"@type":"ReadAction","target":["https:\/\/www.interhotel-central.cz\/cs\/wellness-spa\/wellness-balicky\/"]}]},{"@type":"ImageObject","inLanguage":"cs","@id":"https:\/\/www.interhotel-central.cz\/cs\/wellness-spa\/wellness-balicky\/#primaryimage","url":"https:\/\/www.interhotel-central.cz\/wp-content\/uploads\/sites\/5\/2019\/03\/interhotel-central-36.jpg","contentUrl":"https:\/\/www.interhotel-central.cz\/wp-content\/uploads\/sites\/5\/2019\/03\/interhotel-central-36.jpg","width":2200,"height":1200},{"@type":"BreadcrumbList","@id":"https:\/\/www.interhotel-central.cz\/cs\/wellness-spa\/wellness-balicky\/#breadcrumb","itemListElement":[{"@type":"ListItem","position":1,"name":"Home","item":"https:\/\/www.interhotel-central.cz\/cs\/"},{"@type":"ListItem","position":2,"name":"Spa &amp; Wellness","item":"https:\/\/www.interhotel-central.cz\/cs\/wellness-spa\/"},{"@type":"ListItem","position":3,"name":"Wellness Bal\u00ed\u010dek"}]},{"@type":"WebSite","@id":"https:\/\/www.interhotel-central.cz\/cs\/#website","url":"https:\/\/www.interhotel-central.cz\/cs\/","name":"","description":"Just another ms.decms.eu site","potentialAction":[{"@type":"SearchAction","target":{"@type":"EntryPoint","urlTemplate":"https:\/\/www.interhotel-central.cz\/cs\/?s={search_term_string}"},"query-input":{"@type":"PropertyValueSpecification","valueRequired":true,"valueName":"search_term_string"}}],"inLanguage":"cs"}]}},"acf":[],"_links":{"self":[{"href":"https:\/\/www.interhotel-central.cz\/cs\/wp-json\/wp\/v2\/pages\/1173","targetHints":{"allow":["GET"]}}],"collection":[{"href":"https:\/\/www.interhotel-central.cz\/cs\/wp-json\/wp\/v2\/pages"}],"about":[{"href":"https:\/\/www.interhotel-central.cz\/cs\/wp-json\/wp\/v2\/types\/page"}],"author":[{"embeddable":true,"href":"https:\/\/www.interhotel-central.cz\/cs\/wp-json\/wp\/v2\/users\/6"}],"replies":[{"embeddable":true,"href":"https:\/\/www.interhotel-central.cz\/cs\/wp-json\/wp\/v2\/comments?post=1173"}],"version-history":[{"count":0,"href":"https:\/\/www.interhotel-central.cz\/cs\/wp-json\/wp\/v2\/pages\/1173\/revisions"}],"up":[{"embeddable":true,"href":"https:\/\/www.interhotel-central.cz\/cs\/wp-json\/wp\/v2\/pages\/58"}],"wp:featuredmedia":[{"embeddable":true,"href":"https:\/\/www.interhotel-central.cz\/cs\/wp-json\/wp\/v2\/media\/1226"}],"wp:attachment":[{"href":"https:\/\/www.interhotel-central.cz\/cs\/wp-json\/wp\/v2\/media?parent=1173"}],"curies":[{"name":"wp","href":"https:\/\/api.w.org\/{rel}","templated":true}]}}