{"id":1139,"date":"2019-03-08T11:36:38","date_gmt":"2019-03-08T11:36:38","guid":{"rendered":"http:\/\/interhotelcentral.ms.decms.eu\/?page_id=1139"},"modified":"2026-02-17T14:28:37","modified_gmt":"2026-02-17T14:28:37","slug":"bazen-a-virivka","status":"publish","type":"page","link":"https:\/\/www.interhotel-central.cz\/cs\/vybaveni-a-sluzby\/bazen-a-virivka\/","title":{"rendered":"Baz\u00e9n a V\u00ed\u0159ivka"},"content":{"rendered":"<p>Velk\u00fd baz\u00e9n o rozm\u011brech 15 \u00d7 9 metr\u016f s protiproudem nab\u00edz\u00ed host\u016fm hotelu celoro\u010dn\u00ed osv\u011b\u017een\u00ed i p\u0159\u00edjemnou relaxaci. Je ide\u00e1ln\u00edm m\u00edstem pro aktivn\u00ed odpo\u010dinek i klidn\u00e9 uvoln\u011bn\u00ed po n\u00e1ro\u010dn\u00e9m dni. Teplota vody v baz\u00e9nu je udr\u017eov\u00e1na na p\u0159\u00edjemn\u00fdch 28 \u00b0C v souladu s normami Ministerstva zdravotnictv\u00ed \u010cesk\u00e9 republiky. Baz\u00e9n je ur\u010den pro rekrea\u010dn\u00ed plav\u00e1n\u00ed a je vhodn\u00fd pro hosty v\u0161ech v\u011bkov\u00fdch kategori\u00ed.<\/p>\n<p>Sou\u010d\u00e1st\u00ed baz\u00e9nu je tak\u00e9 v\u00ed\u0159ivka, kter\u00e1 pom\u00e1h\u00e1 uvolnit svalov\u00e9 nap\u011bt\u00ed, zm\u00edrnit stres a p\u0159isp\u00edv\u00e1 k regeneraci organismu. Tepl\u00e1 voda podporuje prokrven\u00ed t\u011bla a navozuje p\u0159\u00edjemn\u00fd pocit celkov\u00e9 pohody.<\/p>\n<p>V\u0161ichni klienti s l\u00e9\u010debn\u00fdm \u010di welness bal\u00ed\u010dkem nebo hotelov\u00ed klienti, kte\u0159\u00ed si vytvo\u0159ili rezervaci p\u0159\u00edmo na rezerva\u010dn\u00edm odd\u011blen\u00ed hotelu nebo hotelov\u00e9m webu, maj\u00ed vstup do vnit\u0159n\u00edho baz\u00e9nu a v\u00ed\u0159ivky zahrnut\u00fd v cen\u011b.<\/p>\n<p>Pro v\u0161echny ostatn\u00ed hotelov\u00e9 hosty je vstup do baz\u00e9nu za 5 EUR na osobu a den.<\/p>\n<p>Otev\u00edrac\u00ed doba: 08:00 \u2013 19:00<\/p>\n","protected":false},"excerpt":{"rendered":"<p>Velk\u00fd baz\u00e9n o rozm\u011brech 15 \u00d7 9 metr\u016f s protiproudem nab\u00edz\u00ed host\u016fm hotelu celoro\u010dn\u00ed osv\u011b\u017een\u00ed [&hellip;]<\/p>\n","protected":false},"author":6,"featured_media":1191,"parent":1128,"menu_order":110,"comment_status":"closed","ping_status":"closed","template":"","meta":{"footnotes":""},"class_list":["post-1139","page","type-page","status-publish","has-post-thumbnail","hentry"],"yoast_head":"<!-- This site is optimized with the Yoast SEO plugin v26.9 - https:\/\/yoast.com\/product\/yoast-seo-wordpress\/ -->\n<title>Baz\u00e9n a V\u00ed\u0159ivka -<\/title>\n<meta name=\"robots\" content=\"index, follow, max-snippet:-1, max-image-preview:large, max-video-preview:-1\" \/>\n<link rel=\"canonical\" href=\"https:\/\/www.interhotel-central.cz\/cs\/vybaveni-a-sluzby\/bazen-a-virivka\/\" \/>\n<meta property=\"og:locale\" content=\"cs_CZ\" \/>\n<meta property=\"og:type\" content=\"article\" \/>\n<meta property=\"og:title\" content=\"Baz\u00e9n a V\u00ed\u0159ivka -\" \/>\n<meta property=\"og:description\" content=\"Velk\u00fd baz\u00e9n o rozm\u011brech 15 \u00d7 9 metr\u016f s protiproudem nab\u00edz\u00ed host\u016fm hotelu celoro\u010dn\u00ed osv\u011b\u017een\u00ed [&hellip;]\" \/>\n<meta property=\"og:url\" content=\"https:\/\/www.interhotel-central.cz\/cs\/vybaveni-a-sluzby\/bazen-a-virivka\/\" \/>\n<meta property=\"article:modified_time\" content=\"2026-02-17T14:28:37+00:00\" \/>\n<meta property=\"og:image\" content=\"https:\/\/www.interhotel-central.cz\/wp-content\/uploads\/sites\/5\/2019\/03\/interhotel-central-9.jpg\" \/>\n\t<meta property=\"og:image:width\" content=\"2200\" \/>\n\t<meta property=\"og:image:height\" content=\"1200\" \/>\n\t<meta property=\"og:image:type\" content=\"image\/jpeg\" \/>\n<meta name=\"twitter:card\" content=\"summary_large_image\" \/>\n<meta name=\"twitter:label1\" content=\"Odhadovan\u00e1 doba \u010dten\u00ed\" \/>\n\t<meta name=\"twitter:data1\" content=\"1 minuta\" \/>\n<script type=\"application\/ld+json\" class=\"yoast-schema-graph\">{\"@context\":\"https:\/\/schema.org\",\"@graph\":[{\"@type\":\"WebPage\",\"@id\":\"https:\/\/www.interhotel-central.cz\/cs\/vybaveni-a-sluzby\/bazen-a-virivka\/\",\"url\":\"https:\/\/www.interhotel-central.cz\/cs\/vybaveni-a-sluzby\/bazen-a-virivka\/\",\"name\":\"Baz\u00e9n a V\u00ed\u0159ivka -\",\"isPartOf\":{\"@id\":\"https:\/\/www.interhotel-central.cz\/cs\/#website\"},\"primaryImageOfPage\":{\"@id\":\"https:\/\/www.interhotel-central.cz\/cs\/vybaveni-a-sluzby\/bazen-a-virivka\/#primaryimage\"},\"image\":{\"@id\":\"https:\/\/www.interhotel-central.cz\/cs\/vybaveni-a-sluzby\/bazen-a-virivka\/#primaryimage\"},\"thumbnailUrl\":\"https:\/\/www.interhotel-central.cz\/wp-content\/uploads\/sites\/5\/2019\/03\/interhotel-central-9.jpg\",\"datePublished\":\"2019-03-08T11:36:38+00:00\",\"dateModified\":\"2026-02-17T14:28:37+00:00\",\"breadcrumb\":{\"@id\":\"https:\/\/www.interhotel-central.cz\/cs\/vybaveni-a-sluzby\/bazen-a-virivka\/#breadcrumb\"},\"inLanguage\":\"cs\",\"potentialAction\":[{\"@type\":\"ReadAction\",\"target\":[\"https:\/\/www.interhotel-central.cz\/cs\/vybaveni-a-sluzby\/bazen-a-virivka\/\"]}]},{\"@type\":\"ImageObject\",\"inLanguage\":\"cs\",\"@id\":\"https:\/\/www.interhotel-central.cz\/cs\/vybaveni-a-sluzby\/bazen-a-virivka\/#primaryimage\",\"url\":\"https:\/\/www.interhotel-central.cz\/wp-content\/uploads\/sites\/5\/2019\/03\/interhotel-central-9.jpg\",\"contentUrl\":\"https:\/\/www.interhotel-central.cz\/wp-content\/uploads\/sites\/5\/2019\/03\/interhotel-central-9.jpg\",\"width\":2200,\"height\":1200},{\"@type\":\"BreadcrumbList\",\"@id\":\"https:\/\/www.interhotel-central.cz\/cs\/vybaveni-a-sluzby\/bazen-a-virivka\/#breadcrumb\",\"itemListElement\":[{\"@type\":\"ListItem\",\"position\":1,\"name\":\"Home\",\"item\":\"https:\/\/www.interhotel-central.cz\/cs\/\"},{\"@type\":\"ListItem\",\"position\":2,\"name\":\"Vybaven\u00ed A Slu\u017eby\",\"item\":\"https:\/\/www.interhotel-central.cz\/cs\/vybaveni-a-sluzby\/\"},{\"@type\":\"ListItem\",\"position\":3,\"name\":\"Baz\u00e9n a V\u00ed\u0159ivka\"}]},{\"@type\":\"WebSite\",\"@id\":\"https:\/\/www.interhotel-central.cz\/cs\/#website\",\"url\":\"https:\/\/www.interhotel-central.cz\/cs\/\",\"name\":\"\",\"description\":\"Just another ms.decms.eu site\",\"potentialAction\":[{\"@type\":\"SearchAction\",\"target\":{\"@type\":\"EntryPoint\",\"urlTemplate\":\"https:\/\/www.interhotel-central.cz\/cs\/?s={search_term_string}\"},\"query-input\":{\"@type\":\"PropertyValueSpecification\",\"valueRequired\":true,\"valueName\":\"search_term_string\"}}],\"inLanguage\":\"cs\"}]}<\/script>\n<!-- \/ Yoast SEO plugin. -->","yoast_head_json":{"title":"Baz\u00e9n a V\u00ed\u0159ivka -","robots":{"index":"index","follow":"follow","max-snippet":"max-snippet:-1","max-image-preview":"max-image-preview:large","max-video-preview":"max-video-preview:-1"},"canonical":"https:\/\/www.interhotel-central.cz\/cs\/vybaveni-a-sluzby\/bazen-a-virivka\/","og_locale":"cs_CZ","og_type":"article","og_title":"Baz\u00e9n a V\u00ed\u0159ivka -","og_description":"Velk\u00fd baz\u00e9n o rozm\u011brech 15 \u00d7 9 metr\u016f s protiproudem nab\u00edz\u00ed host\u016fm hotelu celoro\u010dn\u00ed osv\u011b\u017een\u00ed [&hellip;]","og_url":"https:\/\/www.interhotel-central.cz\/cs\/vybaveni-a-sluzby\/bazen-a-virivka\/","article_modified_time":"2026-02-17T14:28:37+00:00","og_image":[{"width":2200,"height":1200,"url":"https:\/\/www.interhotel-central.cz\/wp-content\/uploads\/sites\/5\/2019\/03\/interhotel-central-9.jpg","type":"image\/jpeg"}],"twitter_card":"summary_large_image","twitter_misc":{"Odhadovan\u00e1 doba \u010dten\u00ed":"1 minuta"},"schema":{"@context":"https:\/\/schema.org","@graph":[{"@type":"WebPage","@id":"https:\/\/www.interhotel-central.cz\/cs\/vybaveni-a-sluzby\/bazen-a-virivka\/","url":"https:\/\/www.interhotel-central.cz\/cs\/vybaveni-a-sluzby\/bazen-a-virivka\/","name":"Baz\u00e9n a V\u00ed\u0159ivka -","isPartOf":{"@id":"https:\/\/www.interhotel-central.cz\/cs\/#website"},"primaryImageOfPage":{"@id":"https:\/\/www.interhotel-central.cz\/cs\/vybaveni-a-sluzby\/bazen-a-virivka\/#primaryimage"},"image":{"@id":"https:\/\/www.interhotel-central.cz\/cs\/vybaveni-a-sluzby\/bazen-a-virivka\/#primaryimage"},"thumbnailUrl":"https:\/\/www.interhotel-central.cz\/wp-content\/uploads\/sites\/5\/2019\/03\/interhotel-central-9.jpg","datePublished":"2019-03-08T11:36:38+00:00","dateModified":"2026-02-17T14:28:37+00:00","breadcrumb":{"@id":"https:\/\/www.interhotel-central.cz\/cs\/vybaveni-a-sluzby\/bazen-a-virivka\/#breadcrumb"},"inLanguage":"cs","potentialAction":[{"@type":"ReadAction","target":["https:\/\/www.interhotel-central.cz\/cs\/vybaveni-a-sluzby\/bazen-a-virivka\/"]}]},{"@type":"ImageObject","inLanguage":"cs","@id":"https:\/\/www.interhotel-central.cz\/cs\/vybaveni-a-sluzby\/bazen-a-virivka\/#primaryimage","url":"https:\/\/www.interhotel-central.cz\/wp-content\/uploads\/sites\/5\/2019\/03\/interhotel-central-9.jpg","contentUrl":"https:\/\/www.interhotel-central.cz\/wp-content\/uploads\/sites\/5\/2019\/03\/interhotel-central-9.jpg","width":2200,"height":1200},{"@type":"BreadcrumbList","@id":"https:\/\/www.interhotel-central.cz\/cs\/vybaveni-a-sluzby\/bazen-a-virivka\/#breadcrumb","itemListElement":[{"@type":"ListItem","position":1,"name":"Home","item":"https:\/\/www.interhotel-central.cz\/cs\/"},{"@type":"ListItem","position":2,"name":"Vybaven\u00ed A Slu\u017eby","item":"https:\/\/www.interhotel-central.cz\/cs\/vybaveni-a-sluzby\/"},{"@type":"ListItem","position":3,"name":"Baz\u00e9n a V\u00ed\u0159ivka"}]},{"@type":"WebSite","@id":"https:\/\/www.interhotel-central.cz\/cs\/#website","url":"https:\/\/www.interhotel-central.cz\/cs\/","name":"","description":"Just another ms.decms.eu site","potentialAction":[{"@type":"SearchAction","target":{"@type":"EntryPoint","urlTemplate":"https:\/\/www.interhotel-central.cz\/cs\/?s={search_term_string}"},"query-input":{"@type":"PropertyValueSpecification","valueRequired":true,"valueName":"search_term_string"}}],"inLanguage":"cs"}]}},"acf":[],"_links":{"self":[{"href":"https:\/\/www.interhotel-central.cz\/cs\/wp-json\/wp\/v2\/pages\/1139","targetHints":{"allow":["GET"]}}],"collection":[{"href":"https:\/\/www.interhotel-central.cz\/cs\/wp-json\/wp\/v2\/pages"}],"about":[{"href":"https:\/\/www.interhotel-central.cz\/cs\/wp-json\/wp\/v2\/types\/page"}],"author":[{"embeddable":true,"href":"https:\/\/www.interhotel-central.cz\/cs\/wp-json\/wp\/v2\/users\/6"}],"replies":[{"embeddable":true,"href":"https:\/\/www.interhotel-central.cz\/cs\/wp-json\/wp\/v2\/comments?post=1139"}],"version-history":[{"count":0,"href":"https:\/\/www.interhotel-central.cz\/cs\/wp-json\/wp\/v2\/pages\/1139\/revisions"}],"up":[{"embeddable":true,"href":"https:\/\/www.interhotel-central.cz\/cs\/wp-json\/wp\/v2\/pages\/1128"}],"wp:featuredmedia":[{"embeddable":true,"href":"https:\/\/www.interhotel-central.cz\/cs\/wp-json\/wp\/v2\/media\/1191"}],"wp:attachment":[{"href":"https:\/\/www.interhotel-central.cz\/cs\/wp-json\/wp\/v2\/media?parent=1139"}],"curies":[{"name":"wp","href":"https:\/\/api.w.org\/{rel}","templated":true}]}}